{"id":18174,"date":"2021-02-02T17:27:05","date_gmt":"2021-02-02T16:27:05","guid":{"rendered":"https:\/\/blog.dataprius.com\/?page_id=18174"},"modified":"2021-02-02T17:27:05","modified_gmt":"2021-02-02T16:27:05","slug":"sistema-en-nube-para-almacenamiento-y-organizacion-de-los-archivos-en-la-empresa","status":"publish","type":"page","link":"https:\/\/dataprius.com\/blog\/sistema-en-nube-para-almacenamiento-y-organizacion-de-los-archivos-en-la-empresa\/","title":{"rendered":"Sistema en Nube para almacenamiento y  organizaci\u00f3n de los archivos en la empresa"},"content":{"rendered":"\n<p>Un sistema en la Nube que permita <strong>no solo el almacenamiento, tambi\u00e9n la organizaci\u00f3n de los archivos y carpetas de la empresa<\/strong>, debe tener caracter\u00edsticas de software corporativo.<\/p>\n\n\n\n<figure class=\"wp-block-image size-large\"><a href=\"https:\/\/dataprius.com\/blog\/wp-content\/uploads\/2021\/02\/almacenamiento-en-la-nube-empresas.jpg\"><img loading=\"lazy\" decoding=\"async\" width=\"800\" height=\"611\" src=\"https:\/\/dataprius.com\/blog\/wp-content\/uploads\/2021\/02\/almacenamiento-en-la-nube-empresas.jpg\" alt=\"Almacenamiento en la Nube empresas\" class=\"wp-image-18184\" srcset=\"https:\/\/dataprius.com\/blog\/wp-content\/uploads\/2021\/02\/almacenamiento-en-la-nube-empresas.jpg 800w, https:\/\/dataprius.com\/blog\/wp-content\/uploads\/2021\/02\/almacenamiento-en-la-nube-empresas-300x229.jpg 300w, https:\/\/dataprius.com\/blog\/wp-content\/uploads\/2021\/02\/almacenamiento-en-la-nube-empresas-768x587.jpg 768w\" sizes=\"auto, (max-width: 800px) 100vw, 800px\" \/><\/a><figcaption>Almacenamiento en la Nube empresas<\/figcaption><\/figure>\n\n\n\n<p>Un sistema de almacenamiento y acceso a los documentos para m\u00faltiples usuarios que se conectan desde cualquier lugar dispone de caracter\u00edsticas como:<\/p>\n\n\n\n<ul class=\"wp-block-list\"><li><strong>Mantener una estructura de carpetas y archivos semejante a las tradicionales carpetas compartidas<\/strong> de servidor o de discos compartidos de red.<\/li><\/ul>\n\n\n\n<ul class=\"wp-block-list\"><li><strong>Limitar las carpetas accesibles por el personal de la empresa<\/strong>. Mediante la asignaci\u00f3n de permisos, cada usuario entra en aquellas carpetas y archivos necesarias para su labor, sin conocer incluso que existen muchas m\u00e1s carpetas de la empresa.<\/li><\/ul>\n\n\n\n<ul class=\"wp-block-list\"><li>Evitar la sincronizaci\u00f3n. <strong>Que los contenidos est\u00e9n disponibles directamente, sin necesidad de sincronizar <\/strong>como hacen los conocidos Discos Virtuales como Onedrive, Dropbox, Drive. Se evitan conflictos, disponibilidad, ataques Ransomware, problemas de espacio, saturaci\u00f3n de conectividad, borrados y cambios en la estructura de trabajo, dispersi\u00f3n de los documentos en varios dispositivos, etc.<\/li><\/ul>\n\n\n\n<ul class=\"wp-block-list\"><li>Que sea legal. <strong>Cumpliendo sin ning\u00fan tipo de dudas con las normas de privacidad, seguridad y protecci\u00f3n de datos<\/strong> (RGPD). Sin las inseguridad jur\u00eddica de las  plataformas  populares.<\/li><\/ul>\n\n\n\n<ul class=\"wp-block-list\"><li><strong>Que proporcione los complementos y elementos necesarios para que el trabajo diario con los documentos de la empresa<\/strong> sea fluido y controlado, prestando especial atenci\u00f3n a los archivos que se comparten con los clientes y colaboradores. Evitando p\u00e9rdidas y borrados accidentales. Proporcionando b\u00fasquedas r\u00e1pidas, integraci\u00f3n con otras aplicaciones y  backups.<\/li><\/ul>\n\n\n\n<h2 class=\"wp-block-heading\">Cumpliendo con estas caracter\u00edsticas est\u00e1 Dataprius. Un sistema diferente a los conocidos discos virtuales.<\/h2>\n\n\n\n<p>Se trata de <strong>un software corporativo que permite el almacenamiento y el trabajo diario con los archivos de la empresa desde las oficinas o desde cualquier lugar.<\/strong><\/p>\n\n\n\n<p>Todo un descubrimiento para aquellas empresas que han encontrado en este sistema una forma mucho m\u00e1s adecuada y controlada de almacenar sus documentos que los populares discos virtuales.<\/p>\n\n\n\n<p>Sustituye y supera en funcionalidades a: los discos virtuales, NAS, los servidores de archivos, las Intranets cl\u00e1sicas, los servidores FTP y las redes VPN.<\/p>\n\n\n\n<div class=\"wp-block-image\"><figure class=\"aligncenter size-large\"><a href=\"https:\/\/dataprius.com\/blog\/wp-content\/uploads\/2021\/02\/dataprius-aplicaciones-header.png\"><img loading=\"lazy\" decoding=\"async\" width=\"340\" height=\"229\" src=\"https:\/\/dataprius.com\/blog\/wp-content\/uploads\/2021\/02\/dataprius-aplicaciones-header.png\" alt=\"Pantalla escritorio Dataprius\" class=\"wp-image-18190\" srcset=\"https:\/\/dataprius.com\/blog\/wp-content\/uploads\/2021\/02\/dataprius-aplicaciones-header.png 340w, https:\/\/dataprius.com\/blog\/wp-content\/uploads\/2021\/02\/dataprius-aplicaciones-header-300x202.png 300w\" sizes=\"auto, (max-width: 340px) 100vw, 340px\" \/><\/a><\/figure><\/div>\n\n\n\n<div class=\"wp-block-image\"><figure class=\"aligncenter size-large\"><a href=\"https:\/\/dataprius.com\" target=\"_blank\" rel=\"https:\/\/dataprius.com noopener\"><img loading=\"lazy\" decoding=\"async\" width=\"280\" height=\"53\" src=\"https:\/\/dataprius.com\/blog\/wp-content\/uploads\/2021\/02\/dataprius-cloud.jpg\" alt=\"Conocer Dataprius Cloud\" class=\"wp-image-18192\"\/><\/a><\/figure><\/div>\n\n\n\n<p><\/p>\n","protected":false},"excerpt":{"rendered":"<p>Un sistema en la Nube que permita no solo el almacenamiento, tambi\u00e9n la organizaci\u00f3n de los archivos y carpetas de la empresa, debe tener caracter\u00edsticas de software corporativo. Un sistema de almacenamiento y acceso a los documentos para m\u00faltiples usuarios que se conectan desde cualquier lugar dispone de caracter\u00edsticas como: Mantener una estructura de carpetas [&hellip;]<\/p>\n","protected":false},"author":1,"featured_media":18184,"parent":0,"menu_order":0,"comment_status":"open","ping_status":"closed","template":"","meta":{"footnotes":""},"class_list":["post-18174","page","type-page","status-publish","has-post-thumbnail","hentry"],"blocksy_meta":{"styles_descriptor":{"styles":{"desktop":"","tablet":"","mobile":""},"google_fonts":[],"version":6}},"yoast_head":"<!-- This site is optimized with the Yoast SEO plugin v27.3 - https:\/\/yoast.com\/product\/yoast-seo-wordpress\/ -->\n<title>Un sistema en Nube para almacenamiento y organizaci\u00f3n de archivos en la empresa.<\/title>\n<meta name=\"description\" content=\"Un sistema en la Nube para el almacenamiento y la organizaci\u00f3n de los archivos y carpetas de la empresa debe tener caracter\u00edsticas de software corporativo.\" \/>\n<meta name=\"robots\" content=\"index, follow, max-snippet:-1, max-image-preview:large, max-video-preview:-1\" \/>\n<link rel=\"canonical\" href=\"https:\/\/dataprius.com\/blog\/sistema-en-nube-para-almacenamiento-y-organizacion-de-los-archivos-en-la-empresa\/\" \/>\n<meta property=\"og:locale\" content=\"es_ES\" \/>\n<meta property=\"og:type\" content=\"article\" \/>\n<meta property=\"og:title\" content=\"Un sistema en Nube para almacenamiento y organizaci\u00f3n de archivos en la empresa.\" \/>\n<meta property=\"og:description\" content=\"Un sistema en la Nube para el almacenamiento y la organizaci\u00f3n de los archivos y carpetas de la empresa debe tener caracter\u00edsticas de software corporativo.\" \/>\n<meta property=\"og:url\" content=\"https:\/\/dataprius.com\/blog\/sistema-en-nube-para-almacenamiento-y-organizacion-de-los-archivos-en-la-empresa\/\" \/>\n<meta property=\"og:site_name\" content=\"Blog Dataprius\" \/>\n<meta property=\"og:image\" content=\"https:\/\/dataprius.com\/blog\/wp-content\/uploads\/2021\/02\/almacenamiento-en-la-nube-empresas.jpg\" \/>\n\t<meta property=\"og:image:width\" content=\"800\" \/>\n\t<meta property=\"og:image:height\" content=\"611\" \/>\n\t<meta property=\"og:image:type\" content=\"image\/jpeg\" \/>\n<meta name=\"twitter:card\" content=\"summary_large_image\" \/>\n<meta name=\"twitter:label1\" content=\"Tiempo de lectura\" \/>\n\t<meta name=\"twitter:data1\" content=\"3 minutos\" \/>\n<script type=\"application\/ld+json\" class=\"yoast-schema-graph\">{\"@context\":\"https:\\\/\\\/schema.org\",\"@graph\":[{\"@type\":\"WebPage\",\"@id\":\"https:\\\/\\\/dataprius.com\\\/blog\\\/sistema-en-nube-para-almacenamiento-y-organizacion-de-los-archivos-en-la-empresa\\\/\",\"url\":\"https:\\\/\\\/dataprius.com\\\/blog\\\/sistema-en-nube-para-almacenamiento-y-organizacion-de-los-archivos-en-la-empresa\\\/\",\"name\":\"Un sistema en Nube para almacenamiento y organizaci\u00f3n de archivos en la empresa.\",\"isPartOf\":{\"@id\":\"https:\\\/\\\/dataprius.com\\\/blog\\\/#website\"},\"primaryImageOfPage\":{\"@id\":\"https:\\\/\\\/dataprius.com\\\/blog\\\/sistema-en-nube-para-almacenamiento-y-organizacion-de-los-archivos-en-la-empresa\\\/#primaryimage\"},\"image\":{\"@id\":\"https:\\\/\\\/dataprius.com\\\/blog\\\/sistema-en-nube-para-almacenamiento-y-organizacion-de-los-archivos-en-la-empresa\\\/#primaryimage\"},\"thumbnailUrl\":\"https:\\\/\\\/dataprius.com\\\/blog\\\/wp-content\\\/uploads\\\/2021\\\/02\\\/almacenamiento-en-la-nube-empresas.jpg\",\"datePublished\":\"2021-02-02T16:27:05+00:00\",\"description\":\"Un sistema en la Nube para el almacenamiento y la organizaci\u00f3n de los archivos y carpetas de la empresa debe tener caracter\u00edsticas de software corporativo.\",\"breadcrumb\":{\"@id\":\"https:\\\/\\\/dataprius.com\\\/blog\\\/sistema-en-nube-para-almacenamiento-y-organizacion-de-los-archivos-en-la-empresa\\\/#breadcrumb\"},\"inLanguage\":\"es\",\"potentialAction\":[{\"@type\":\"ReadAction\",\"target\":[\"https:\\\/\\\/dataprius.com\\\/blog\\\/sistema-en-nube-para-almacenamiento-y-organizacion-de-los-archivos-en-la-empresa\\\/\"]}]},{\"@type\":\"ImageObject\",\"inLanguage\":\"es\",\"@id\":\"https:\\\/\\\/dataprius.com\\\/blog\\\/sistema-en-nube-para-almacenamiento-y-organizacion-de-los-archivos-en-la-empresa\\\/#primaryimage\",\"url\":\"https:\\\/\\\/dataprius.com\\\/blog\\\/wp-content\\\/uploads\\\/2021\\\/02\\\/almacenamiento-en-la-nube-empresas.jpg\",\"contentUrl\":\"https:\\\/\\\/dataprius.com\\\/blog\\\/wp-content\\\/uploads\\\/2021\\\/02\\\/almacenamiento-en-la-nube-empresas.jpg\",\"width\":800,\"height\":611},{\"@type\":\"BreadcrumbList\",\"@id\":\"https:\\\/\\\/dataprius.com\\\/blog\\\/sistema-en-nube-para-almacenamiento-y-organizacion-de-los-archivos-en-la-empresa\\\/#breadcrumb\",\"itemListElement\":[{\"@type\":\"ListItem\",\"position\":1,\"name\":\"Portada\",\"item\":\"https:\\\/\\\/dataprius.com\\\/blog\\\/\"},{\"@type\":\"ListItem\",\"position\":2,\"name\":\"Sistema en Nube para almacenamiento y organizaci\u00f3n de los archivos en la empresa\"}]},{\"@type\":\"WebSite\",\"@id\":\"https:\\\/\\\/dataprius.com\\\/blog\\\/#website\",\"url\":\"https:\\\/\\\/dataprius.com\\\/blog\\\/\",\"name\":\"Blog Dataprius\",\"description\":\"Blog sobre almacenamiento y trabajo con archivos en la Nube. Sistemas en cloud.\",\"publisher\":{\"@id\":\"https:\\\/\\\/dataprius.com\\\/blog\\\/#organization\"},\"potentialAction\":[{\"@type\":\"SearchAction\",\"target\":{\"@type\":\"EntryPoint\",\"urlTemplate\":\"https:\\\/\\\/dataprius.com\\\/blog\\\/?s={search_term_string}\"},\"query-input\":{\"@type\":\"PropertyValueSpecification\",\"valueRequired\":true,\"valueName\":\"search_term_string\"}}],\"inLanguage\":\"es\"},{\"@type\":\"Organization\",\"@id\":\"https:\\\/\\\/dataprius.com\\\/blog\\\/#organization\",\"name\":\"Blog Dataprius\",\"url\":\"https:\\\/\\\/dataprius.com\\\/blog\\\/\",\"logo\":{\"@type\":\"ImageObject\",\"inLanguage\":\"es\",\"@id\":\"https:\\\/\\\/dataprius.com\\\/blog\\\/#\\\/schema\\\/logo\\\/image\\\/\",\"url\":\"https:\\\/\\\/dataprius.com\\\/blog\\\/wp-content\\\/uploads\\\/2025\\\/07\\\/quality-logo-dataprius-70.png\",\"contentUrl\":\"https:\\\/\\\/dataprius.com\\\/blog\\\/wp-content\\\/uploads\\\/2025\\\/07\\\/quality-logo-dataprius-70.png\",\"width\":70,\"height\":70,\"caption\":\"Blog Dataprius\"},\"image\":{\"@id\":\"https:\\\/\\\/dataprius.com\\\/blog\\\/#\\\/schema\\\/logo\\\/image\\\/\"}}]}<\/script>\n<!-- \/ Yoast SEO plugin. -->","yoast_head_json":{"title":"Un sistema en Nube para almacenamiento y organizaci\u00f3n de archivos en la empresa.","description":"Un sistema en la Nube para el almacenamiento y la organizaci\u00f3n de los archivos y carpetas de la empresa debe tener caracter\u00edsticas de software corporativo.","robots":{"index":"index","follow":"follow","max-snippet":"max-snippet:-1","max-image-preview":"max-image-preview:large","max-video-preview":"max-video-preview:-1"},"canonical":"https:\/\/dataprius.com\/blog\/sistema-en-nube-para-almacenamiento-y-organizacion-de-los-archivos-en-la-empresa\/","og_locale":"es_ES","og_type":"article","og_title":"Un sistema en Nube para almacenamiento y organizaci\u00f3n de archivos en la empresa.","og_description":"Un sistema en la Nube para el almacenamiento y la organizaci\u00f3n de los archivos y carpetas de la empresa debe tener caracter\u00edsticas de software corporativo.","og_url":"https:\/\/dataprius.com\/blog\/sistema-en-nube-para-almacenamiento-y-organizacion-de-los-archivos-en-la-empresa\/","og_site_name":"Blog Dataprius","og_image":[{"width":800,"height":611,"url":"https:\/\/dataprius.com\/blog\/wp-content\/uploads\/2021\/02\/almacenamiento-en-la-nube-empresas.jpg","type":"image\/jpeg"}],"twitter_card":"summary_large_image","twitter_misc":{"Tiempo de lectura":"3 minutos"},"schema":{"@context":"https:\/\/schema.org","@graph":[{"@type":"WebPage","@id":"https:\/\/dataprius.com\/blog\/sistema-en-nube-para-almacenamiento-y-organizacion-de-los-archivos-en-la-empresa\/","url":"https:\/\/dataprius.com\/blog\/sistema-en-nube-para-almacenamiento-y-organizacion-de-los-archivos-en-la-empresa\/","name":"Un sistema en Nube para almacenamiento y organizaci\u00f3n de archivos en la empresa.","isPartOf":{"@id":"https:\/\/dataprius.com\/blog\/#website"},"primaryImageOfPage":{"@id":"https:\/\/dataprius.com\/blog\/sistema-en-nube-para-almacenamiento-y-organizacion-de-los-archivos-en-la-empresa\/#primaryimage"},"image":{"@id":"https:\/\/dataprius.com\/blog\/sistema-en-nube-para-almacenamiento-y-organizacion-de-los-archivos-en-la-empresa\/#primaryimage"},"thumbnailUrl":"https:\/\/dataprius.com\/blog\/wp-content\/uploads\/2021\/02\/almacenamiento-en-la-nube-empresas.jpg","datePublished":"2021-02-02T16:27:05+00:00","description":"Un sistema en la Nube para el almacenamiento y la organizaci\u00f3n de los archivos y carpetas de la empresa debe tener caracter\u00edsticas de software corporativo.","breadcrumb":{"@id":"https:\/\/dataprius.com\/blog\/sistema-en-nube-para-almacenamiento-y-organizacion-de-los-archivos-en-la-empresa\/#breadcrumb"},"inLanguage":"es","potentialAction":[{"@type":"ReadAction","target":["https:\/\/dataprius.com\/blog\/sistema-en-nube-para-almacenamiento-y-organizacion-de-los-archivos-en-la-empresa\/"]}]},{"@type":"ImageObject","inLanguage":"es","@id":"https:\/\/dataprius.com\/blog\/sistema-en-nube-para-almacenamiento-y-organizacion-de-los-archivos-en-la-empresa\/#primaryimage","url":"https:\/\/dataprius.com\/blog\/wp-content\/uploads\/2021\/02\/almacenamiento-en-la-nube-empresas.jpg","contentUrl":"https:\/\/dataprius.com\/blog\/wp-content\/uploads\/2021\/02\/almacenamiento-en-la-nube-empresas.jpg","width":800,"height":611},{"@type":"BreadcrumbList","@id":"https:\/\/dataprius.com\/blog\/sistema-en-nube-para-almacenamiento-y-organizacion-de-los-archivos-en-la-empresa\/#breadcrumb","itemListElement":[{"@type":"ListItem","position":1,"name":"Portada","item":"https:\/\/dataprius.com\/blog\/"},{"@type":"ListItem","position":2,"name":"Sistema en Nube para almacenamiento y organizaci\u00f3n de los archivos en la empresa"}]},{"@type":"WebSite","@id":"https:\/\/dataprius.com\/blog\/#website","url":"https:\/\/dataprius.com\/blog\/","name":"Blog Dataprius","description":"Blog sobre almacenamiento y trabajo con archivos en la Nube. Sistemas en cloud.","publisher":{"@id":"https:\/\/dataprius.com\/blog\/#organization"},"potentialAction":[{"@type":"SearchAction","target":{"@type":"EntryPoint","urlTemplate":"https:\/\/dataprius.com\/blog\/?s={search_term_string}"},"query-input":{"@type":"PropertyValueSpecification","valueRequired":true,"valueName":"search_term_string"}}],"inLanguage":"es"},{"@type":"Organization","@id":"https:\/\/dataprius.com\/blog\/#organization","name":"Blog Dataprius","url":"https:\/\/dataprius.com\/blog\/","logo":{"@type":"ImageObject","inLanguage":"es","@id":"https:\/\/dataprius.com\/blog\/#\/schema\/logo\/image\/","url":"https:\/\/dataprius.com\/blog\/wp-content\/uploads\/2025\/07\/quality-logo-dataprius-70.png","contentUrl":"https:\/\/dataprius.com\/blog\/wp-content\/uploads\/2025\/07\/quality-logo-dataprius-70.png","width":70,"height":70,"caption":"Blog Dataprius"},"image":{"@id":"https:\/\/dataprius.com\/blog\/#\/schema\/logo\/image\/"}}]}},"_links":{"self":[{"href":"https:\/\/dataprius.com\/blog\/wp-json\/wp\/v2\/pages\/18174","targetHints":{"allow":["GET"]}}],"collection":[{"href":"https:\/\/dataprius.com\/blog\/wp-json\/wp\/v2\/pages"}],"about":[{"href":"https:\/\/dataprius.com\/blog\/wp-json\/wp\/v2\/types\/page"}],"author":[{"embeddable":true,"href":"https:\/\/dataprius.com\/blog\/wp-json\/wp\/v2\/users\/1"}],"replies":[{"embeddable":true,"href":"https:\/\/dataprius.com\/blog\/wp-json\/wp\/v2\/comments?post=18174"}],"version-history":[{"count":0,"href":"https:\/\/dataprius.com\/blog\/wp-json\/wp\/v2\/pages\/18174\/revisions"}],"wp:featuredmedia":[{"embeddable":true,"href":"https:\/\/dataprius.com\/blog\/wp-json\/wp\/v2\/media\/18184"}],"wp:attachment":[{"href":"https:\/\/dataprius.com\/blog\/wp-json\/wp\/v2\/media?parent=18174"}],"curies":[{"name":"wp","href":"https:\/\/api.w.org\/{rel}","templated":true}]}}