{"id":18203,"date":"2021-02-02T20:34:30","date_gmt":"2021-02-02T19:34:30","guid":{"rendered":"https:\/\/blog.dataprius.com\/?page_id=18203"},"modified":"2021-02-02T20:34:30","modified_gmt":"2021-02-02T19:34:30","slug":"teletrabajo-archivos-en-la-nube-para-acceder-desde-cualquier-lugar","status":"publish","type":"page","link":"https:\/\/dataprius.com\/blog\/teletrabajo-archivos-en-la-nube-para-acceder-desde-cualquier-lugar\/","title":{"rendered":"Teletrabajo. Archivos en la Nube para acceder desde cualquier lugar."},"content":{"rendered":"\n<p><strong>El Teletrabajo es siempre posible cuando se dispone de software y servicios en la Nube, estos por su naturaleza permiten conectar con el entorno desde casa o desde cualquier lugar.<\/strong><\/p>\n\n\n\n<figure class=\"wp-block-image size-large\"><a href=\"https:\/\/dataprius.com\/blog\/wp-content\/uploads\/2021\/02\/teletrabajo-desde-casa.jpg\"><img loading=\"lazy\" decoding=\"async\" width=\"900\" height=\"471\" src=\"https:\/\/dataprius.com\/blog\/wp-content\/uploads\/2021\/02\/teletrabajo-desde-casa.jpg\" alt=\"\" class=\"wp-image-18222\" srcset=\"https:\/\/dataprius.com\/blog\/wp-content\/uploads\/2021\/02\/teletrabajo-desde-casa.jpg 900w, https:\/\/dataprius.com\/blog\/wp-content\/uploads\/2021\/02\/teletrabajo-desde-casa-300x157.jpg 300w, https:\/\/dataprius.com\/blog\/wp-content\/uploads\/2021\/02\/teletrabajo-desde-casa-768x402.jpg 768w\" sizes=\"auto, (max-width: 900px) 100vw, 900px\" \/><\/a><\/figure>\n\n\n\n<p>Antes de la pandemia del Covid, las empresas que ignoraban la Nube y que no estaban preparadas para el teletrabajo tampoco lo estaban para: <\/p>\n\n\n\n<p>Mantener una adecuada relaci\u00f3n digital con sus clientes, para la conciliaci\u00f3n laboral, para la flexibilidad de horarios e incluso para reducir la huella de carbono que produce el tr\u00e1fico rodado al trasladarse los empleados a los oficinas.<\/p>\n\n\n\n<p><strong>Tras la emergencia inicial y la ausencia de medios adecuados mucha empresas se lanzaron a construir todo tipo de soluciones \u00abFrankenstein\u00bb para poder continuar con su actividad.<\/strong><\/p>\n\n\n\n<p>Soluciones para el teletrabajo provisionales que a\u00fan mantienen muchas empresas:<\/p>\n\n\n\n<ul class=\"wp-block-list\"><li>Instalar software de control remoto de los equipos de la oficina. Dejando los ordenadores permanentemente conectados para hacer sesiones remotas desde casa. Sin considerar problemas de seguridad, lentitud, cortes y ca\u00eddas de los sistemas.<\/li><\/ul>\n\n\n\n<ul class=\"wp-block-list\"><li>Copiar todos los archivos a Dropbox o Drive para que luego los empleados se sincronizaran desde casa. Un caos de organizaci\u00f3n documental, de protecci\u00f3n de datos y de seguridad, repartiendo los ficheros no se sabe ni en cuantos ordenadores.<\/li><\/ul>\n\n\n\n<ul class=\"wp-block-list\"><li>Abrir los servidores o dispositivos locales de las oficinas para el acceso a los documentos desde Internet. Al hacer esto se ha comprometido gravemente la seguridad de la empresa, muchas han sido v\u00edctimas de ataques y p\u00e9rdidas de informaci\u00f3n.<\/li><\/ul>\n\n\n\n<h2 class=\"wp-block-heading\">Es el momento de la adopci\u00f3n de las herramientas de teletrabajo definitivas<\/h2>\n\n\n\n<p>Esa primera toma de contacto con el teletrabajo y el ca\u00f3tico escenario inicial  se justificaban por la falta de preparaci\u00f3n y la precipitaci\u00f3n.<\/p>\n\n\n\n<p><strong>Ha llegado el momento de establecer la herramientas software definitivas.<\/strong> <\/p>\n\n\n\n<p>Para el teletrabajo con los archivos de la empresa, merece la pena considerar una plataforma como <a href=\"https:\/\/dataprius.com\">Dataprius<\/a>. Un sistema de archivos en la Nube que lleva a\u00f1os proporcionando servicio a cientos de empresas y miles de usuarios a diario. <\/p>\n\n\n\n<p>Un software desarrollado en Espa\u00f1a y con almacenamiento de datos exclusivamente en Europa cumpliendo RGPD de verdad, con contratos. <\/p>\n\n\n\n<p>Dados los tiempos que corren debemos resaltar que Dataprius est\u00e1 fuera de la \u00f3rbita de las plataformas de las Bigtech que perfilan, extraen y comercializan los datos de sus usuarios, el sistema se financia por las suscripciones no por los datos. <strong>Se cumple RGPD y media contrato en PDF firmado por las partes. <\/strong><\/p>\n\n\n\n<p><strong>Dataprius es diferente y no se trata de un Disco Virtual como los conocidos OneDrive, Dropbox o Drive.<\/strong> Es una soluci\u00f3n alternativa a esos productos populares de las Bigtech basados en la la sincronizaci\u00f3n y copia de los archivos de la Nube en los ordenadores o dispositivos. <\/p>\n\n\n\n<p>Se puede trabajar directamente con los archivos en Cloud sin sincronizar.<\/p>\n\n\n\n<figure class=\"wp-block-image size-large\"><a href=\"https:\/\/dataprius.com\/blog\/wp-content\/uploads\/2021\/02\/dataprius-desktop.png\"><img loading=\"lazy\" decoding=\"async\" width=\"1024\" height=\"576\" src=\"https:\/\/dataprius.com\/blog\/wp-content\/uploads\/2021\/02\/dataprius-desktop-1024x576.png\" alt=\"Escritorio Dataprius. Archivos en Cloud para empresas y profesionales.\" class=\"wp-image-18216\" srcset=\"https:\/\/dataprius.com\/blog\/wp-content\/uploads\/2021\/02\/dataprius-desktop-1024x576.png 1024w, https:\/\/dataprius.com\/blog\/wp-content\/uploads\/2021\/02\/dataprius-desktop-300x169.png 300w, https:\/\/dataprius.com\/blog\/wp-content\/uploads\/2021\/02\/dataprius-desktop-768x432.png 768w, https:\/\/dataprius.com\/blog\/wp-content\/uploads\/2021\/02\/dataprius-desktop.png 1280w\" sizes=\"auto, (max-width: 1024px) 100vw, 1024px\" \/><\/a><figcaption>Escritorio de Dataprius Cloud<\/figcaption><\/figure>\n\n\n\n<p>Algunas caracter\u00edsticas de <a href=\"https:\/\/dataprius.com\/cloud-para-empresas-dataprius.html\" target=\"_blank\" rel=\"noreferrer noopener\">Dataprius<\/a> son:<\/p>\n\n\n\n<ul class=\"wp-block-list\"><li>Edici\u00f3n directa de los documentos desde la aplicaci\u00f3n.<\/li><li>Conversi\u00f3n de archivos en distintos formatos.<\/li><li>Firma digital de documentos.<\/li><li>Complemento para guardar y descargar directamente con Outlook, Word, Excel y Powerpoint.<\/li><li>Env\u00edo seguro de ficheros.<\/li><li>Permisos concretos sobre las carpetas para poder trabajar y compartir con empleados y clientes.<\/li><li>Registro de todas las acciones.<\/li><li>Backups autom\u00e1ticos o copias de seguridad automatizadas.<\/li><\/ul>\n\n\n\n<div class=\"wp-block-image\"><figure class=\"aligncenter size-large\"><a href=\"https:\/\/dataprius.com\"><img loading=\"lazy\" decoding=\"async\" width=\"280\" height=\"53\" src=\"https:\/\/dataprius.com\/blog\/wp-content\/uploads\/2021\/02\/dataprius-cloud-2.jpg\" alt=\"\" class=\"wp-image-18220\"\/><\/a><\/figure><\/div>\n\n\n\n<p><\/p>\n","protected":false},"excerpt":{"rendered":"<p>El Teletrabajo es siempre posible cuando se dispone de software y servicios en la Nube, estos por su naturaleza permiten conectar con el entorno desde casa o desde cualquier lugar. Antes de la pandemia del Covid, las empresas que ignoraban la Nube y que no estaban preparadas para el teletrabajo tampoco lo estaban para: Mantener [&hellip;]<\/p>\n","protected":false},"author":1,"featured_media":18222,"parent":0,"menu_order":0,"comment_status":"closed","ping_status":"closed","template":"","meta":{"footnotes":""},"class_list":["post-18203","page","type-page","status-publish","has-post-thumbnail","hentry"],"blocksy_meta":{"styles_descriptor":{"styles":{"desktop":"","tablet":"","mobile":""},"google_fonts":[],"version":6}},"yoast_head":"<!-- This site is optimized with the Yoast SEO plugin v27.3 - https:\/\/yoast.com\/product\/yoast-seo-wordpress\/ -->\n<title>Teletrabajo. Archivos en la Nube para acceder desde cualquier lugar.<\/title>\n<meta name=\"description\" content=\"El Teletrabajo es siempre posible disponiendo de servicios en la Nube. Su naturaleza permite conectar desde la oficina o cualquier lugar.\" \/>\n<meta name=\"robots\" content=\"index, follow, max-snippet:-1, max-image-preview:large, max-video-preview:-1\" \/>\n<link rel=\"canonical\" href=\"https:\/\/dataprius.com\/blog\/teletrabajo-archivos-en-la-nube-para-acceder-desde-cualquier-lugar\/\" \/>\n<meta property=\"og:locale\" content=\"es_ES\" \/>\n<meta property=\"og:type\" content=\"article\" \/>\n<meta property=\"og:title\" content=\"Teletrabajo. Archivos en la Nube para acceder desde cualquier lugar.\" \/>\n<meta property=\"og:description\" content=\"El Teletrabajo es siempre posible disponiendo de servicios en la Nube. Su naturaleza permite conectar desde la oficina o cualquier lugar.\" \/>\n<meta property=\"og:url\" content=\"https:\/\/dataprius.com\/blog\/teletrabajo-archivos-en-la-nube-para-acceder-desde-cualquier-lugar\/\" \/>\n<meta property=\"og:site_name\" content=\"Blog Dataprius\" \/>\n<meta property=\"og:image\" content=\"https:\/\/dataprius.com\/blog\/wp-content\/uploads\/2021\/02\/teletrabajo-desde-casa.jpg\" \/>\n\t<meta property=\"og:image:width\" content=\"900\" \/>\n\t<meta property=\"og:image:height\" content=\"471\" \/>\n\t<meta property=\"og:image:type\" content=\"image\/jpeg\" \/>\n<meta name=\"twitter:card\" content=\"summary_large_image\" \/>\n<meta name=\"twitter:label1\" content=\"Tiempo de lectura\" \/>\n\t<meta name=\"twitter:data1\" content=\"3 minutos\" \/>\n<script type=\"application\/ld+json\" class=\"yoast-schema-graph\">{\"@context\":\"https:\\\/\\\/schema.org\",\"@graph\":[{\"@type\":\"WebPage\",\"@id\":\"https:\\\/\\\/dataprius.com\\\/blog\\\/teletrabajo-archivos-en-la-nube-para-acceder-desde-cualquier-lugar\\\/\",\"url\":\"https:\\\/\\\/dataprius.com\\\/blog\\\/teletrabajo-archivos-en-la-nube-para-acceder-desde-cualquier-lugar\\\/\",\"name\":\"Teletrabajo. Archivos en la Nube para acceder desde cualquier lugar.\",\"isPartOf\":{\"@id\":\"https:\\\/\\\/dataprius.com\\\/blog\\\/#website\"},\"primaryImageOfPage\":{\"@id\":\"https:\\\/\\\/dataprius.com\\\/blog\\\/teletrabajo-archivos-en-la-nube-para-acceder-desde-cualquier-lugar\\\/#primaryimage\"},\"image\":{\"@id\":\"https:\\\/\\\/dataprius.com\\\/blog\\\/teletrabajo-archivos-en-la-nube-para-acceder-desde-cualquier-lugar\\\/#primaryimage\"},\"thumbnailUrl\":\"https:\\\/\\\/dataprius.com\\\/blog\\\/wp-content\\\/uploads\\\/2021\\\/02\\\/teletrabajo-desde-casa.jpg\",\"datePublished\":\"2021-02-02T19:34:30+00:00\",\"description\":\"El Teletrabajo es siempre posible disponiendo de servicios en la Nube. Su naturaleza permite conectar desde la oficina o cualquier lugar.\",\"breadcrumb\":{\"@id\":\"https:\\\/\\\/dataprius.com\\\/blog\\\/teletrabajo-archivos-en-la-nube-para-acceder-desde-cualquier-lugar\\\/#breadcrumb\"},\"inLanguage\":\"es\",\"potentialAction\":[{\"@type\":\"ReadAction\",\"target\":[\"https:\\\/\\\/dataprius.com\\\/blog\\\/teletrabajo-archivos-en-la-nube-para-acceder-desde-cualquier-lugar\\\/\"]}]},{\"@type\":\"ImageObject\",\"inLanguage\":\"es\",\"@id\":\"https:\\\/\\\/dataprius.com\\\/blog\\\/teletrabajo-archivos-en-la-nube-para-acceder-desde-cualquier-lugar\\\/#primaryimage\",\"url\":\"https:\\\/\\\/dataprius.com\\\/blog\\\/wp-content\\\/uploads\\\/2021\\\/02\\\/teletrabajo-desde-casa.jpg\",\"contentUrl\":\"https:\\\/\\\/dataprius.com\\\/blog\\\/wp-content\\\/uploads\\\/2021\\\/02\\\/teletrabajo-desde-casa.jpg\",\"width\":900,\"height\":471},{\"@type\":\"BreadcrumbList\",\"@id\":\"https:\\\/\\\/dataprius.com\\\/blog\\\/teletrabajo-archivos-en-la-nube-para-acceder-desde-cualquier-lugar\\\/#breadcrumb\",\"itemListElement\":[{\"@type\":\"ListItem\",\"position\":1,\"name\":\"Portada\",\"item\":\"https:\\\/\\\/dataprius.com\\\/blog\\\/\"},{\"@type\":\"ListItem\",\"position\":2,\"name\":\"Teletrabajo. Archivos en la Nube para acceder desde cualquier lugar.\"}]},{\"@type\":\"WebSite\",\"@id\":\"https:\\\/\\\/dataprius.com\\\/blog\\\/#website\",\"url\":\"https:\\\/\\\/dataprius.com\\\/blog\\\/\",\"name\":\"Blog Dataprius\",\"description\":\"Blog sobre almacenamiento y trabajo con archivos en la Nube. Sistemas en cloud.\",\"publisher\":{\"@id\":\"https:\\\/\\\/dataprius.com\\\/blog\\\/#organization\"},\"potentialAction\":[{\"@type\":\"SearchAction\",\"target\":{\"@type\":\"EntryPoint\",\"urlTemplate\":\"https:\\\/\\\/dataprius.com\\\/blog\\\/?s={search_term_string}\"},\"query-input\":{\"@type\":\"PropertyValueSpecification\",\"valueRequired\":true,\"valueName\":\"search_term_string\"}}],\"inLanguage\":\"es\"},{\"@type\":\"Organization\",\"@id\":\"https:\\\/\\\/dataprius.com\\\/blog\\\/#organization\",\"name\":\"Blog Dataprius\",\"url\":\"https:\\\/\\\/dataprius.com\\\/blog\\\/\",\"logo\":{\"@type\":\"ImageObject\",\"inLanguage\":\"es\",\"@id\":\"https:\\\/\\\/dataprius.com\\\/blog\\\/#\\\/schema\\\/logo\\\/image\\\/\",\"url\":\"https:\\\/\\\/dataprius.com\\\/blog\\\/wp-content\\\/uploads\\\/2025\\\/07\\\/quality-logo-dataprius-70.png\",\"contentUrl\":\"https:\\\/\\\/dataprius.com\\\/blog\\\/wp-content\\\/uploads\\\/2025\\\/07\\\/quality-logo-dataprius-70.png\",\"width\":70,\"height\":70,\"caption\":\"Blog Dataprius\"},\"image\":{\"@id\":\"https:\\\/\\\/dataprius.com\\\/blog\\\/#\\\/schema\\\/logo\\\/image\\\/\"}}]}<\/script>\n<!-- \/ Yoast SEO plugin. -->","yoast_head_json":{"title":"Teletrabajo. Archivos en la Nube para acceder desde cualquier lugar.","description":"El Teletrabajo es siempre posible disponiendo de servicios en la Nube. Su naturaleza permite conectar desde la oficina o cualquier lugar.","robots":{"index":"index","follow":"follow","max-snippet":"max-snippet:-1","max-image-preview":"max-image-preview:large","max-video-preview":"max-video-preview:-1"},"canonical":"https:\/\/dataprius.com\/blog\/teletrabajo-archivos-en-la-nube-para-acceder-desde-cualquier-lugar\/","og_locale":"es_ES","og_type":"article","og_title":"Teletrabajo. Archivos en la Nube para acceder desde cualquier lugar.","og_description":"El Teletrabajo es siempre posible disponiendo de servicios en la Nube. Su naturaleza permite conectar desde la oficina o cualquier lugar.","og_url":"https:\/\/dataprius.com\/blog\/teletrabajo-archivos-en-la-nube-para-acceder-desde-cualquier-lugar\/","og_site_name":"Blog Dataprius","og_image":[{"width":900,"height":471,"url":"https:\/\/dataprius.com\/blog\/wp-content\/uploads\/2021\/02\/teletrabajo-desde-casa.jpg","type":"image\/jpeg"}],"twitter_card":"summary_large_image","twitter_misc":{"Tiempo de lectura":"3 minutos"},"schema":{"@context":"https:\/\/schema.org","@graph":[{"@type":"WebPage","@id":"https:\/\/dataprius.com\/blog\/teletrabajo-archivos-en-la-nube-para-acceder-desde-cualquier-lugar\/","url":"https:\/\/dataprius.com\/blog\/teletrabajo-archivos-en-la-nube-para-acceder-desde-cualquier-lugar\/","name":"Teletrabajo. Archivos en la Nube para acceder desde cualquier lugar.","isPartOf":{"@id":"https:\/\/dataprius.com\/blog\/#website"},"primaryImageOfPage":{"@id":"https:\/\/dataprius.com\/blog\/teletrabajo-archivos-en-la-nube-para-acceder-desde-cualquier-lugar\/#primaryimage"},"image":{"@id":"https:\/\/dataprius.com\/blog\/teletrabajo-archivos-en-la-nube-para-acceder-desde-cualquier-lugar\/#primaryimage"},"thumbnailUrl":"https:\/\/dataprius.com\/blog\/wp-content\/uploads\/2021\/02\/teletrabajo-desde-casa.jpg","datePublished":"2021-02-02T19:34:30+00:00","description":"El Teletrabajo es siempre posible disponiendo de servicios en la Nube. Su naturaleza permite conectar desde la oficina o cualquier lugar.","breadcrumb":{"@id":"https:\/\/dataprius.com\/blog\/teletrabajo-archivos-en-la-nube-para-acceder-desde-cualquier-lugar\/#breadcrumb"},"inLanguage":"es","potentialAction":[{"@type":"ReadAction","target":["https:\/\/dataprius.com\/blog\/teletrabajo-archivos-en-la-nube-para-acceder-desde-cualquier-lugar\/"]}]},{"@type":"ImageObject","inLanguage":"es","@id":"https:\/\/dataprius.com\/blog\/teletrabajo-archivos-en-la-nube-para-acceder-desde-cualquier-lugar\/#primaryimage","url":"https:\/\/dataprius.com\/blog\/wp-content\/uploads\/2021\/02\/teletrabajo-desde-casa.jpg","contentUrl":"https:\/\/dataprius.com\/blog\/wp-content\/uploads\/2021\/02\/teletrabajo-desde-casa.jpg","width":900,"height":471},{"@type":"BreadcrumbList","@id":"https:\/\/dataprius.com\/blog\/teletrabajo-archivos-en-la-nube-para-acceder-desde-cualquier-lugar\/#breadcrumb","itemListElement":[{"@type":"ListItem","position":1,"name":"Portada","item":"https:\/\/dataprius.com\/blog\/"},{"@type":"ListItem","position":2,"name":"Teletrabajo. Archivos en la Nube para acceder desde cualquier lugar."}]},{"@type":"WebSite","@id":"https:\/\/dataprius.com\/blog\/#website","url":"https:\/\/dataprius.com\/blog\/","name":"Blog Dataprius","description":"Blog sobre almacenamiento y trabajo con archivos en la Nube. Sistemas en cloud.","publisher":{"@id":"https:\/\/dataprius.com\/blog\/#organization"},"potentialAction":[{"@type":"SearchAction","target":{"@type":"EntryPoint","urlTemplate":"https:\/\/dataprius.com\/blog\/?s={search_term_string}"},"query-input":{"@type":"PropertyValueSpecification","valueRequired":true,"valueName":"search_term_string"}}],"inLanguage":"es"},{"@type":"Organization","@id":"https:\/\/dataprius.com\/blog\/#organization","name":"Blog Dataprius","url":"https:\/\/dataprius.com\/blog\/","logo":{"@type":"ImageObject","inLanguage":"es","@id":"https:\/\/dataprius.com\/blog\/#\/schema\/logo\/image\/","url":"https:\/\/dataprius.com\/blog\/wp-content\/uploads\/2025\/07\/quality-logo-dataprius-70.png","contentUrl":"https:\/\/dataprius.com\/blog\/wp-content\/uploads\/2025\/07\/quality-logo-dataprius-70.png","width":70,"height":70,"caption":"Blog Dataprius"},"image":{"@id":"https:\/\/dataprius.com\/blog\/#\/schema\/logo\/image\/"}}]}},"_links":{"self":[{"href":"https:\/\/dataprius.com\/blog\/wp-json\/wp\/v2\/pages\/18203","targetHints":{"allow":["GET"]}}],"collection":[{"href":"https:\/\/dataprius.com\/blog\/wp-json\/wp\/v2\/pages"}],"about":[{"href":"https:\/\/dataprius.com\/blog\/wp-json\/wp\/v2\/types\/page"}],"author":[{"embeddable":true,"href":"https:\/\/dataprius.com\/blog\/wp-json\/wp\/v2\/users\/1"}],"replies":[{"embeddable":true,"href":"https:\/\/dataprius.com\/blog\/wp-json\/wp\/v2\/comments?post=18203"}],"version-history":[{"count":0,"href":"https:\/\/dataprius.com\/blog\/wp-json\/wp\/v2\/pages\/18203\/revisions"}],"wp:featuredmedia":[{"embeddable":true,"href":"https:\/\/dataprius.com\/blog\/wp-json\/wp\/v2\/media\/18222"}],"wp:attachment":[{"href":"https:\/\/dataprius.com\/blog\/wp-json\/wp\/v2\/media?parent=18203"}],"curies":[{"name":"wp","href":"https:\/\/api.w.org\/{rel}","templated":true}]}}