{"id":18246,"date":"2021-02-06T19:50:14","date_gmt":"2021-02-06T18:50:14","guid":{"rendered":"https:\/\/blog.dataprius.com\/?page_id=18246"},"modified":"2025-08-11T12:45:18","modified_gmt":"2025-08-11T10:45:18","slug":"almacenamiento-en-la-nube-encriptado-con-privacidad-firmada-en-contrato","status":"publish","type":"page","link":"https:\/\/dataprius.com\/blog\/almacenamiento-en-la-nube-encriptado-con-privacidad-firmada-en-contrato\/","title":{"rendered":"Almacenamiento en la Nube encriptado, con privacidad firmada en contrato."},"content":{"rendered":"\n<p><strong>Dataprius es un servicio de Cloud para empresas con almacenamiento encriptado. Con privacidad total y seguridad m\u00e1xima.<\/strong><\/p>\n\n\n\n<p>Es un sistema corporativo para empresas no un disco virtual. <\/p>\n\n\n\n<p>Esta diferencia con los sistemas tipo Drive es fundamental. <strong>La m\u00e1xima seguridad y privacidad se logran si no hay que sincronizar los archivos en los ordenadores locales, tal y como hacen los tipo Drive. <\/strong><\/p>\n\n\n\n<figure class=\"wp-block-image size-large\"><a href=\"https:\/\/dataprius.com\/blog\/wp-content\/uploads\/2021\/02\/seguridad-almacenamiento-cloud.jpg\"><img loading=\"lazy\" decoding=\"async\" width=\"1024\" height=\"536\" src=\"https:\/\/dataprius.com\/blog\/wp-content\/uploads\/2021\/02\/seguridad-almacenamiento-cloud-1024x536.jpg\" alt=\"Seguridad almacenamiento cloud.\" class=\"wp-image-18259\" srcset=\"https:\/\/dataprius.com\/blog\/wp-content\/uploads\/2021\/02\/seguridad-almacenamiento-cloud-1024x536.jpg 1024w, https:\/\/dataprius.com\/blog\/wp-content\/uploads\/2021\/02\/seguridad-almacenamiento-cloud-300x157.jpg 300w, https:\/\/dataprius.com\/blog\/wp-content\/uploads\/2021\/02\/seguridad-almacenamiento-cloud-768x402.jpg 768w, https:\/\/dataprius.com\/blog\/wp-content\/uploads\/2021\/02\/seguridad-almacenamiento-cloud.jpg 1200w\" sizes=\"auto, (max-width: 1024px) 100vw, 1024px\" \/><\/a><\/figure>\n\n\n\n<p>Por lo tanto, <a href=\"https:\/\/dataprius.com\" target=\"_blank\" rel=\"noreferrer noopener\">Dataprius<\/a> no es un software que necesite copiar los archivos desde la Nube a cada ordenador para trabajar con ellos. Se puede editar y trabajar con los documentos directamente en la Nube. No es un sincronizador ni se necesita sincronizar. <\/p>\n\n\n\n<p><strong>Los ficheros se guardan cifrados, fragmentados, con redundancia, en zona europea<\/strong>. Reiteramos que como no es un disco virtual no existen multitud de copias de los archivos en los ordenadores de los usuarios, el punto d\u00e9bil de la seguridad y de la privacidad. <\/p>\n\n\n\n<p>Dataprius firma con sus clientes y entrega el contrato de protecci\u00f3n de datos previsto en el Reglamento General de Protecci\u00f3n de datos RGPD. Es decir, <strong>garantiza por contrato la privacidad y la seguridad del sistema.<\/strong><\/p>\n\n\n\n<h2 class=\"wp-block-heading\">La seguridad infranqueable no existe<\/h2>\n\n\n\n<p>Dataprius ha sido desarrollado en Espa\u00f1a por un grupo de ingenieros en inform\u00e1tica de larga experiencia en sistemas, banca y entidades financieras incluidas.<\/p>\n\n\n\n<p>Ning\u00fan sistema es infranqueable ni seguro 100%, eso es una arrogancia de inexpertos o incautos.<\/p>\n\n\n\n<p><strong>La m\u00e1xima seguridad <\/strong>de un sistema se logra siendo proactivos y reactivos.<\/p>\n\n\n\n<ul class=\"wp-block-list\">\n<li><strong>La proactividad en la seguridad<\/strong> de un sistema se logra estableciendo desde el principio los medios adecuados para evitar los ataques y accesos inadecuados a la informaci\u00f3n.<\/li>\n\n\n\n<li><strong>La reactividad en la seguridad<\/strong>. Consiste en la permanente monitorizaci\u00f3n de la seguridad del sistema 24 horas al d\u00eda todos los d\u00edas del a\u00f1o. Esto lo hace Dataprius. <\/li>\n<\/ul>\n\n\n\n<p>Los sistemas que se declaran invulnerables conf\u00edan en la proactividad y no son reactivos, la confianza absoluta no es buena consejera.<\/p>\n\n\n\n<p><\/p>\n\n\n\n<h2 class=\"wp-block-heading\">Guarda archivos de forma segura y permite su uso por el personal de la empresa.<\/h2>\n\n\n\n<p>El trabajo diario con los archivos de la empresa en teletrabajo o desde cualquier lugar no est\u00e1 en conflicto con la seguridad. Cientos de empresas y miles de usuarios lo utilizan todos los d\u00edas.<\/p>\n\n\n\n<p>Dataprius permite:<\/p>\n\n\n\n<ul class=\"wp-block-list\">\n<li><a href=\"https:\/\/dataprius.com\/trabajo-directo-archivos-nube.html\" target=\"_blank\" rel=\"noreferrer noopener\">El trabajo directo con los archivos en la Nube.<\/a><\/li>\n\n\n\n<li><a href=\"https:\/\/dataprius.com\/compartir-archivos-con-clientes.html\" target=\"_blank\" rel=\"noreferrer noopener\">Compartir archivos con los clientes en la Nube<\/a><\/li>\n\n\n\n<li><a href=\"https:\/\/dataprius.com\/dataprius-sencillo-de-usar.html\">Reconocido por miles de usuarios como el almacenamiento de archivos en la Nube m\u00e1s sencillo y pr\u00e1ctico.<\/a><\/li>\n<\/ul>\n\n\n\n<p><\/p>\n\n\n\n<h2 class=\"wp-block-heading\">Privacidad y protecci\u00f3n de Datos. Hechos y no solo palabras.<\/h2>\n\n\n\n<p>Todo el mundo sabe que servicios como Dropbox, Google Drive, Microsoft OneDrive y Apple iCloud tienen permiso para acceder a tus datos.<\/p>\n\n\n\n<p>En otra \u00f3rbita de los servicios en la Nube se encuentra Dataprius que cumple punto por punto RGPD y que por supuesto almacena los datos solo en Europa.<\/p>\n\n\n\n<figure class=\"wp-block-image aligncenter size-large\"><a href=\"https:\/\/dataprius.com\/blog\/wp-content\/uploads\/2021\/02\/RGPD-lista-de-chequeo.jpg\"><img loading=\"lazy\" decoding=\"async\" width=\"500\" height=\"500\" src=\"https:\/\/dataprius.com\/blog\/wp-content\/uploads\/2021\/02\/RGPD-lista-de-chequeo.jpg\" alt=\"Lista de chequeo RGPD\" class=\"wp-image-18263\" srcset=\"https:\/\/dataprius.com\/blog\/wp-content\/uploads\/2021\/02\/RGPD-lista-de-chequeo.jpg 500w, https:\/\/dataprius.com\/blog\/wp-content\/uploads\/2021\/02\/RGPD-lista-de-chequeo-300x300.jpg 300w, https:\/\/dataprius.com\/blog\/wp-content\/uploads\/2021\/02\/RGPD-lista-de-chequeo-150x150.jpg 150w\" sizes=\"auto, (max-width: 500px) 100vw, 500px\" \/><\/a><\/figure>\n\n\n\n<p>Un servicio con sede en Europa y que cumpla las normas de protecci\u00f3n de datos est\u00e1 sometido a su r\u00e9gimen jur\u00eddico que incluye fuertes sanciones por incumplimiento.<\/p>\n\n\n\n<p>Un servicio en Cloud cumplidor de RGPD:<\/p>\n\n\n\n<ul class=\"wp-block-list\">\n<li><strong>Firma el contrato de tratamiento de datos previsto en RGPD con todos sus clientes<\/strong>. Por escrito, con los datos de ambas partes y entregado en formato PDF firmado. <a href=\"https:\/\/dataprius.com\/rgpd-almacenamiento-cloud-europa-firma-de-contratos.html\" target=\"_blank\" rel=\"noreferrer noopener\">https:\/\/dataprius.com\/rgpd-almacenamiento-cloud-europa-firma-de-contratos.html<\/a><\/li>\n\n\n\n<li><strong>Declara p\u00fablicamente los proveedores y los lugares de almacenamiento<\/strong>, como dicta la ley. <a href=\"https:\/\/dataprius.com\/dataprius-proveedores.html\" target=\"_blank\" rel=\"noreferrer noopener\">https:\/\/dataprius.com\/dataprius-proveedores.html<\/a><\/li>\n\n\n\n<li>Expone el d<strong>ocumento explicativo de la seguridad del sistema<\/strong>, como dicta la ley. <a href=\"https:\/\/dataprius.com\/dataprius-descripcion-de-seguridad-del-sistema.html\" target=\"_blank\" rel=\"noreferrer noopener\">https:\/\/dataprius.com\/dataprius-descripcion-de-seguridad-del-sistema.html<\/a><\/li>\n\n\n\n<li> Dispone de un registro de seguridad del sistema, como dicta la ley. Dataprius lo incluye en su aplicaci\u00f3n de escritorio accesible para la empresa.<\/li>\n<\/ul>\n\n\n\n<figure class=\"wp-block-image aligncenter size-large\"><a href=\"https:\/\/dataprius.com\/blog\/wp-content\/uploads\/2021\/02\/dataprius-aplicaciones-header-2.png\"><img loading=\"lazy\" decoding=\"async\" width=\"340\" height=\"229\" src=\"https:\/\/dataprius.com\/blog\/wp-content\/uploads\/2021\/02\/dataprius-aplicaciones-header-2.png\" alt=\"Dataprius Cloud \n\" class=\"wp-image-18257\" srcset=\"https:\/\/dataprius.com\/blog\/wp-content\/uploads\/2021\/02\/dataprius-aplicaciones-header-2.png 340w, https:\/\/dataprius.com\/blog\/wp-content\/uploads\/2021\/02\/dataprius-aplicaciones-header-2-300x202.png 300w\" sizes=\"auto, (max-width: 340px) 100vw, 340px\" \/><\/a><\/figure>\n\n\n\n<figure class=\"wp-block-image aligncenter size-large\"><a href=\"https:\/\/dataprius.com\"><img loading=\"lazy\" decoding=\"async\" width=\"280\" height=\"53\" src=\"https:\/\/dataprius.com\/blog\/wp-content\/uploads\/2021\/02\/dataprius-cloud-2.jpg\" alt=\"Conocer Dataprius Cloud\" class=\"wp-image-18220\"\/><\/a><\/figure>\n\n\n\n<p><\/p>\n\n\n\n<figure class=\"wp-block-embed is-type-wp-embed is-provider-blog-dataprius-sistema wp-block-embed-blog-dataprius-sistema\"><div class=\"wp-block-embed__wrapper\">\n<blockquote class=\"wp-embedded-content\" data-secret=\"9UYDa0lvDX\"><a href=\"https:\/\/dataprius.com\/blog\/almacenamiento-fragmentado-de-archivos-en-la-nube\/\">Almacenamiento fragmentado de archivos en la Nube<\/a><\/blockquote><iframe loading=\"lazy\" class=\"wp-embedded-content\" sandbox=\"allow-scripts\" security=\"restricted\" style=\"position: absolute; visibility: hidden;\" title=\"\u00abAlmacenamiento fragmentado de archivos en la Nube\u00bb \u2014 Blog Dataprius Sistema\" src=\"https:\/\/dataprius.com\/blog\/almacenamiento-fragmentado-de-archivos-en-la-nube\/embed\/#?secret=LfpW5ZTWuF#?secret=9UYDa0lvDX\" data-secret=\"9UYDa0lvDX\" width=\"600\" height=\"338\" frameborder=\"0\" marginwidth=\"0\" marginheight=\"0\" scrolling=\"no\"><\/iframe>\n<\/div><\/figure>\n","protected":false},"excerpt":{"rendered":"<p>Dataprius es un servicio de Cloud para empresas con almacenamiento encriptado. Con privacidad total y seguridad m\u00e1xima. Es un sistema corporativo para empresas no un disco virtual. Esta diferencia con los sistemas tipo Drive es fundamental. La m\u00e1xima seguridad y privacidad se logran si no hay que sincronizar los archivos en los ordenadores locales, tal [&hellip;]<\/p>\n","protected":false},"author":1,"featured_media":18259,"parent":0,"menu_order":0,"comment_status":"closed","ping_status":"closed","template":"","meta":{"footnotes":""},"class_list":["post-18246","page","type-page","status-publish","has-post-thumbnail","hentry"],"blocksy_meta":{"styles_descriptor":{"styles":{"desktop":"","tablet":"","mobile":""},"google_fonts":[],"version":6}},"yoast_head":"<!-- This site is optimized with the Yoast SEO plugin v27.3 - https:\/\/yoast.com\/product\/yoast-seo-wordpress\/ -->\n<title>Almacenamiento en la Nube encriptado, privacidad firmada en contrato<\/title>\n<meta name=\"description\" content=\"Dataprius es un servicio de Cloud para empresas con almacenamiento encriptado. Con privacidad total y seguridad m\u00e1xima.\" \/>\n<meta name=\"robots\" content=\"index, follow, max-snippet:-1, max-image-preview:large, max-video-preview:-1\" \/>\n<link rel=\"canonical\" href=\"https:\/\/dataprius.com\/blog\/almacenamiento-en-la-nube-encriptado-con-privacidad-firmada-en-contrato\/\" \/>\n<meta property=\"og:locale\" content=\"es_ES\" \/>\n<meta property=\"og:type\" content=\"article\" \/>\n<meta property=\"og:title\" content=\"Almacenamiento en la Nube encriptado, privacidad firmada en contrato\" \/>\n<meta property=\"og:description\" content=\"Dataprius es un servicio de Cloud para empresas con almacenamiento encriptado. Con privacidad total y seguridad m\u00e1xima.\" \/>\n<meta property=\"og:url\" content=\"https:\/\/dataprius.com\/blog\/almacenamiento-en-la-nube-encriptado-con-privacidad-firmada-en-contrato\/\" \/>\n<meta property=\"og:site_name\" content=\"Blog Dataprius\" \/>\n<meta property=\"article:modified_time\" content=\"2025-08-11T10:45:18+00:00\" \/>\n<meta property=\"og:image\" content=\"https:\/\/dataprius.com\/blog\/wp-content\/uploads\/2021\/02\/seguridad-almacenamiento-cloud.jpg\" \/>\n\t<meta property=\"og:image:width\" content=\"1200\" \/>\n\t<meta property=\"og:image:height\" content=\"628\" \/>\n\t<meta property=\"og:image:type\" content=\"image\/jpeg\" \/>\n<meta name=\"twitter:card\" content=\"summary_large_image\" \/>\n<meta name=\"twitter:label1\" content=\"Tiempo de lectura\" \/>\n\t<meta name=\"twitter:data1\" content=\"4 minutos\" \/>\n<script type=\"application\/ld+json\" class=\"yoast-schema-graph\">{\"@context\":\"https:\\\/\\\/schema.org\",\"@graph\":[{\"@type\":\"WebPage\",\"@id\":\"https:\\\/\\\/dataprius.com\\\/blog\\\/almacenamiento-en-la-nube-encriptado-con-privacidad-firmada-en-contrato\\\/\",\"url\":\"https:\\\/\\\/dataprius.com\\\/blog\\\/almacenamiento-en-la-nube-encriptado-con-privacidad-firmada-en-contrato\\\/\",\"name\":\"Almacenamiento en la Nube encriptado, privacidad firmada en contrato\",\"isPartOf\":{\"@id\":\"https:\\\/\\\/dataprius.com\\\/blog\\\/#website\"},\"primaryImageOfPage\":{\"@id\":\"https:\\\/\\\/dataprius.com\\\/blog\\\/almacenamiento-en-la-nube-encriptado-con-privacidad-firmada-en-contrato\\\/#primaryimage\"},\"image\":{\"@id\":\"https:\\\/\\\/dataprius.com\\\/blog\\\/almacenamiento-en-la-nube-encriptado-con-privacidad-firmada-en-contrato\\\/#primaryimage\"},\"thumbnailUrl\":\"https:\\\/\\\/dataprius.com\\\/blog\\\/wp-content\\\/uploads\\\/2021\\\/02\\\/seguridad-almacenamiento-cloud.jpg\",\"datePublished\":\"2021-02-06T18:50:14+00:00\",\"dateModified\":\"2025-08-11T10:45:18+00:00\",\"description\":\"Dataprius es un servicio de Cloud para empresas con almacenamiento encriptado. Con privacidad total y seguridad m\u00e1xima.\",\"breadcrumb\":{\"@id\":\"https:\\\/\\\/dataprius.com\\\/blog\\\/almacenamiento-en-la-nube-encriptado-con-privacidad-firmada-en-contrato\\\/#breadcrumb\"},\"inLanguage\":\"es\",\"potentialAction\":[{\"@type\":\"ReadAction\",\"target\":[\"https:\\\/\\\/dataprius.com\\\/blog\\\/almacenamiento-en-la-nube-encriptado-con-privacidad-firmada-en-contrato\\\/\"]}]},{\"@type\":\"ImageObject\",\"inLanguage\":\"es\",\"@id\":\"https:\\\/\\\/dataprius.com\\\/blog\\\/almacenamiento-en-la-nube-encriptado-con-privacidad-firmada-en-contrato\\\/#primaryimage\",\"url\":\"https:\\\/\\\/dataprius.com\\\/blog\\\/wp-content\\\/uploads\\\/2021\\\/02\\\/seguridad-almacenamiento-cloud.jpg\",\"contentUrl\":\"https:\\\/\\\/dataprius.com\\\/blog\\\/wp-content\\\/uploads\\\/2021\\\/02\\\/seguridad-almacenamiento-cloud.jpg\",\"width\":1200,\"height\":628},{\"@type\":\"BreadcrumbList\",\"@id\":\"https:\\\/\\\/dataprius.com\\\/blog\\\/almacenamiento-en-la-nube-encriptado-con-privacidad-firmada-en-contrato\\\/#breadcrumb\",\"itemListElement\":[{\"@type\":\"ListItem\",\"position\":1,\"name\":\"Portada\",\"item\":\"https:\\\/\\\/dataprius.com\\\/blog\\\/\"},{\"@type\":\"ListItem\",\"position\":2,\"name\":\"Almacenamiento en la Nube encriptado, con privacidad firmada en contrato.\"}]},{\"@type\":\"WebSite\",\"@id\":\"https:\\\/\\\/dataprius.com\\\/blog\\\/#website\",\"url\":\"https:\\\/\\\/dataprius.com\\\/blog\\\/\",\"name\":\"Blog Dataprius\",\"description\":\"Blog sobre almacenamiento y trabajo con archivos en la Nube. Sistemas en cloud.\",\"publisher\":{\"@id\":\"https:\\\/\\\/dataprius.com\\\/blog\\\/#organization\"},\"potentialAction\":[{\"@type\":\"SearchAction\",\"target\":{\"@type\":\"EntryPoint\",\"urlTemplate\":\"https:\\\/\\\/dataprius.com\\\/blog\\\/?s={search_term_string}\"},\"query-input\":{\"@type\":\"PropertyValueSpecification\",\"valueRequired\":true,\"valueName\":\"search_term_string\"}}],\"inLanguage\":\"es\"},{\"@type\":\"Organization\",\"@id\":\"https:\\\/\\\/dataprius.com\\\/blog\\\/#organization\",\"name\":\"Blog Dataprius\",\"url\":\"https:\\\/\\\/dataprius.com\\\/blog\\\/\",\"logo\":{\"@type\":\"ImageObject\",\"inLanguage\":\"es\",\"@id\":\"https:\\\/\\\/dataprius.com\\\/blog\\\/#\\\/schema\\\/logo\\\/image\\\/\",\"url\":\"https:\\\/\\\/dataprius.com\\\/blog\\\/wp-content\\\/uploads\\\/2025\\\/07\\\/quality-logo-dataprius-70.png\",\"contentUrl\":\"https:\\\/\\\/dataprius.com\\\/blog\\\/wp-content\\\/uploads\\\/2025\\\/07\\\/quality-logo-dataprius-70.png\",\"width\":70,\"height\":70,\"caption\":\"Blog Dataprius\"},\"image\":{\"@id\":\"https:\\\/\\\/dataprius.com\\\/blog\\\/#\\\/schema\\\/logo\\\/image\\\/\"}}]}<\/script>\n<!-- \/ Yoast SEO plugin. -->","yoast_head_json":{"title":"Almacenamiento en la Nube encriptado, privacidad firmada en contrato","description":"Dataprius es un servicio de Cloud para empresas con almacenamiento encriptado. Con privacidad total y seguridad m\u00e1xima.","robots":{"index":"index","follow":"follow","max-snippet":"max-snippet:-1","max-image-preview":"max-image-preview:large","max-video-preview":"max-video-preview:-1"},"canonical":"https:\/\/dataprius.com\/blog\/almacenamiento-en-la-nube-encriptado-con-privacidad-firmada-en-contrato\/","og_locale":"es_ES","og_type":"article","og_title":"Almacenamiento en la Nube encriptado, privacidad firmada en contrato","og_description":"Dataprius es un servicio de Cloud para empresas con almacenamiento encriptado. Con privacidad total y seguridad m\u00e1xima.","og_url":"https:\/\/dataprius.com\/blog\/almacenamiento-en-la-nube-encriptado-con-privacidad-firmada-en-contrato\/","og_site_name":"Blog Dataprius","article_modified_time":"2025-08-11T10:45:18+00:00","og_image":[{"width":1200,"height":628,"url":"https:\/\/dataprius.com\/blog\/wp-content\/uploads\/2021\/02\/seguridad-almacenamiento-cloud.jpg","type":"image\/jpeg"}],"twitter_card":"summary_large_image","twitter_misc":{"Tiempo de lectura":"4 minutos"},"schema":{"@context":"https:\/\/schema.org","@graph":[{"@type":"WebPage","@id":"https:\/\/dataprius.com\/blog\/almacenamiento-en-la-nube-encriptado-con-privacidad-firmada-en-contrato\/","url":"https:\/\/dataprius.com\/blog\/almacenamiento-en-la-nube-encriptado-con-privacidad-firmada-en-contrato\/","name":"Almacenamiento en la Nube encriptado, privacidad firmada en contrato","isPartOf":{"@id":"https:\/\/dataprius.com\/blog\/#website"},"primaryImageOfPage":{"@id":"https:\/\/dataprius.com\/blog\/almacenamiento-en-la-nube-encriptado-con-privacidad-firmada-en-contrato\/#primaryimage"},"image":{"@id":"https:\/\/dataprius.com\/blog\/almacenamiento-en-la-nube-encriptado-con-privacidad-firmada-en-contrato\/#primaryimage"},"thumbnailUrl":"https:\/\/dataprius.com\/blog\/wp-content\/uploads\/2021\/02\/seguridad-almacenamiento-cloud.jpg","datePublished":"2021-02-06T18:50:14+00:00","dateModified":"2025-08-11T10:45:18+00:00","description":"Dataprius es un servicio de Cloud para empresas con almacenamiento encriptado. Con privacidad total y seguridad m\u00e1xima.","breadcrumb":{"@id":"https:\/\/dataprius.com\/blog\/almacenamiento-en-la-nube-encriptado-con-privacidad-firmada-en-contrato\/#breadcrumb"},"inLanguage":"es","potentialAction":[{"@type":"ReadAction","target":["https:\/\/dataprius.com\/blog\/almacenamiento-en-la-nube-encriptado-con-privacidad-firmada-en-contrato\/"]}]},{"@type":"ImageObject","inLanguage":"es","@id":"https:\/\/dataprius.com\/blog\/almacenamiento-en-la-nube-encriptado-con-privacidad-firmada-en-contrato\/#primaryimage","url":"https:\/\/dataprius.com\/blog\/wp-content\/uploads\/2021\/02\/seguridad-almacenamiento-cloud.jpg","contentUrl":"https:\/\/dataprius.com\/blog\/wp-content\/uploads\/2021\/02\/seguridad-almacenamiento-cloud.jpg","width":1200,"height":628},{"@type":"BreadcrumbList","@id":"https:\/\/dataprius.com\/blog\/almacenamiento-en-la-nube-encriptado-con-privacidad-firmada-en-contrato\/#breadcrumb","itemListElement":[{"@type":"ListItem","position":1,"name":"Portada","item":"https:\/\/dataprius.com\/blog\/"},{"@type":"ListItem","position":2,"name":"Almacenamiento en la Nube encriptado, con privacidad firmada en contrato."}]},{"@type":"WebSite","@id":"https:\/\/dataprius.com\/blog\/#website","url":"https:\/\/dataprius.com\/blog\/","name":"Blog Dataprius","description":"Blog sobre almacenamiento y trabajo con archivos en la Nube. Sistemas en cloud.","publisher":{"@id":"https:\/\/dataprius.com\/blog\/#organization"},"potentialAction":[{"@type":"SearchAction","target":{"@type":"EntryPoint","urlTemplate":"https:\/\/dataprius.com\/blog\/?s={search_term_string}"},"query-input":{"@type":"PropertyValueSpecification","valueRequired":true,"valueName":"search_term_string"}}],"inLanguage":"es"},{"@type":"Organization","@id":"https:\/\/dataprius.com\/blog\/#organization","name":"Blog Dataprius","url":"https:\/\/dataprius.com\/blog\/","logo":{"@type":"ImageObject","inLanguage":"es","@id":"https:\/\/dataprius.com\/blog\/#\/schema\/logo\/image\/","url":"https:\/\/dataprius.com\/blog\/wp-content\/uploads\/2025\/07\/quality-logo-dataprius-70.png","contentUrl":"https:\/\/dataprius.com\/blog\/wp-content\/uploads\/2025\/07\/quality-logo-dataprius-70.png","width":70,"height":70,"caption":"Blog Dataprius"},"image":{"@id":"https:\/\/dataprius.com\/blog\/#\/schema\/logo\/image\/"}}]}},"_links":{"self":[{"href":"https:\/\/dataprius.com\/blog\/wp-json\/wp\/v2\/pages\/18246","targetHints":{"allow":["GET"]}}],"collection":[{"href":"https:\/\/dataprius.com\/blog\/wp-json\/wp\/v2\/pages"}],"about":[{"href":"https:\/\/dataprius.com\/blog\/wp-json\/wp\/v2\/types\/page"}],"author":[{"embeddable":true,"href":"https:\/\/dataprius.com\/blog\/wp-json\/wp\/v2\/users\/1"}],"replies":[{"embeddable":true,"href":"https:\/\/dataprius.com\/blog\/wp-json\/wp\/v2\/comments?post=18246"}],"version-history":[{"count":1,"href":"https:\/\/dataprius.com\/blog\/wp-json\/wp\/v2\/pages\/18246\/revisions"}],"predecessor-version":[{"id":25224,"href":"https:\/\/dataprius.com\/blog\/wp-json\/wp\/v2\/pages\/18246\/revisions\/25224"}],"wp:featuredmedia":[{"embeddable":true,"href":"https:\/\/dataprius.com\/blog\/wp-json\/wp\/v2\/media\/18259"}],"wp:attachment":[{"href":"https:\/\/dataprius.com\/blog\/wp-json\/wp\/v2\/media?parent=18246"}],"curies":[{"name":"wp","href":"https:\/\/api.w.org\/{rel}","templated":true}]}}