{"id":18306,"date":"2021-02-25T13:42:54","date_gmt":"2021-02-25T12:42:54","guid":{"rendered":"https:\/\/blog.dataprius.com\/?page_id=18306"},"modified":"2021-02-25T13:42:54","modified_gmt":"2021-02-25T12:42:54","slug":"software-para-los-archivos-de-la-empresa-accesible-siempre","status":"publish","type":"page","link":"https:\/\/dataprius.com\/blog\/software-para-los-archivos-de-la-empresa-accesible-siempre\/","title":{"rendered":"Software para los archivos de la empresa accesible siempre."},"content":{"rendered":"\n<p><strong>Cualquier software para los documentos de la empresa debe ser accesible en cualquier momento y desde cualquier lugar.<\/strong><\/p>\n\n\n\n<figure class=\"wp-block-image size-large\"><a href=\"https:\/\/dataprius.com\/blog\/wp-content\/uploads\/2021\/02\/documentos-empresa-en-digital.jpg\"><img loading=\"lazy\" decoding=\"async\" width=\"1024\" height=\"536\" src=\"https:\/\/dataprius.com\/blog\/wp-content\/uploads\/2021\/02\/documentos-empresa-en-digital-1024x536.jpg\" alt=\"os documentos de la empresa en digital. Con software en Cloud\" class=\"wp-image-18350\" srcset=\"https:\/\/dataprius.com\/blog\/wp-content\/uploads\/2021\/02\/documentos-empresa-en-digital-1024x536.jpg 1024w, https:\/\/dataprius.com\/blog\/wp-content\/uploads\/2021\/02\/documentos-empresa-en-digital-300x157.jpg 300w, https:\/\/dataprius.com\/blog\/wp-content\/uploads\/2021\/02\/documentos-empresa-en-digital-768x402.jpg 768w, https:\/\/dataprius.com\/blog\/wp-content\/uploads\/2021\/02\/documentos-empresa-en-digital.jpg 1200w\" sizes=\"auto, (max-width: 1024px) 100vw, 1024px\" \/><\/a><\/figure>\n\n\n\n<p>Para esto las soluciones basadas en NAS o discos virtuales pueden ser consideradas como soluciones de transici\u00f3n al Cloud (la Nube). <\/p>\n\n\n\n<p><strong>Al final todas las empresas tendr\u00e1n organizados y almacenados sus archivos en la Nube<\/strong>. Es m\u00e1s pr\u00e1ctico tener una cuenta bancaria para pagos que disponer de una caja con dinero en efectivo en la empresa.<\/p>\n\n\n\n<p>Las empresas pasan al almacenamiento de archivos en Cloud y lo descubren por varios motivos:<\/p>\n\n\n\n<ul class=\"has-background wp-block-list\" style=\"background-color:#eff6fd\"><li>Por la necesidad del teletrabajo.<\/li><li>Para poder compartir los archivos con los clientes y colaboradores.<\/li><li>Para organizar en un repositorio central todos los documentos de la empresa.<\/li><li>Por seguridad. Evitar p\u00e9rdidas por roturas, virus robos o ataques en los dispositivos locales.<\/li><li>Por legalidad. Para garantizar la protecci\u00f3n de datos sobre los documentos de sus clientes.<\/li><\/ul>\n\n\n\n<h2 class=\"wp-block-heading\">Adem\u00e1s de ser accesible y ubicuo el software  debe aportar otras caracter\u00edsticas.<\/h2>\n\n\n\n<p>Realmente un software de almacenamiento en la Nube para empresas debe incorporar muchas m\u00e1s caracter\u00edsticas de las descritas anteriormente.<\/p>\n\n\n\n<figure class=\"wp-block-image size-large\"><a href=\"https:\/\/dataprius.com\/blog\/wp-content\/uploads\/2021\/02\/software-documentos-en-cloud-1.jpg\"><img loading=\"lazy\" decoding=\"async\" width=\"1000\" height=\"621\" src=\"https:\/\/dataprius.com\/blog\/wp-content\/uploads\/2021\/02\/software-documentos-en-cloud-1.jpg\" alt=\"\" class=\"wp-image-18357\" srcset=\"https:\/\/dataprius.com\/blog\/wp-content\/uploads\/2021\/02\/software-documentos-en-cloud-1.jpg 1000w, https:\/\/dataprius.com\/blog\/wp-content\/uploads\/2021\/02\/software-documentos-en-cloud-1-300x186.jpg 300w, https:\/\/dataprius.com\/blog\/wp-content\/uploads\/2021\/02\/software-documentos-en-cloud-1-768x477.jpg 768w\" sizes=\"auto, (max-width: 1000px) 100vw, 1000px\" \/><\/a><\/figure>\n\n\n\n<p>No nos referimos a la privacidad, la seguridad y la protecci\u00f3n de datos. Un tema controvertido cuando sabemos que muchas empresas se lanzaron en su momento la uso de plataformas populares que manipulan y se apropian de los datos de sus usuarios.<\/p>\n\n\n\n<p>Nos referimos al hecho de que ese software disponga de extras que faciliten el almacenamiento y el uso diario de los documentos.<\/p>\n\n\n\n<ul class=\"wp-block-list\"><li>Que los archivos y carpetas se pueden manipular con facilidad.<\/li><li>Que se puedan editar los documentos, incluso sin necesidad de tener instalada una Suite de Office.<\/li><li>Que se puedan establecer de forma sencilla permisos de acceso tanto a los empleados como a los clientes.<\/li><li>Que se disponga de mecanismos para evitar p\u00e9rdidas y borrados accidentales.<\/li><li>Que haya copias de seguridad, incluso en otra localizaci\u00f3n geogr\u00e1fica.<\/li><\/ul>\n\n\n\n<p>Y si es Cloud, entonces que <strong>se pueda adaptar a las necesidades de usuarios y capacidad que necesita la empresa,<\/strong> pagar por los recursos utilizados en cada momento.<\/p>\n\n\n\n<h2 class=\"wp-block-heading\">Fuera del entorno del software de consumo  existe una soluci\u00f3n y se llama Dataprius<\/h2>\n\n\n\n<p>Una plataforma diferente a los conocidos discos virtuales o los dispositivos NAS. <\/p>\n\n\n\n<p>La soluci\u00f3n corporativa usada en la actualidad por cientos de empresas y miles de usuarios.<\/p>\n\n\n\n<figure class=\"wp-block-embed aligncenter is-type-video is-provider-youtube wp-block-embed-youtube wp-embed-aspect-16-9 wp-has-aspect-ratio\"><div class=\"wp-block-embed__wrapper\">\n<iframe loading=\"lazy\" title=\"Archivos en Nube para empresas y profesionales\" width=\"1200\" height=\"675\" src=\"https:\/\/www.youtube.com\/embed\/PMrb5NpVg34?feature=oembed\" frameborder=\"0\" allow=\"accelerometer; autoplay; clipboard-write; encrypted-media; gyroscope; picture-in-picture; web-share\" referrerpolicy=\"strict-origin-when-cross-origin\" allowfullscreen><\/iframe>\n<\/div><\/figure>\n\n\n\n<p>Visita: <a href=\"https:\/\/dataprius.com\" target=\"_blank\" rel=\"noreferrer noopener\">https:\/\/dataprius.com<\/a><\/p>\n","protected":false},"excerpt":{"rendered":"<p>Cualquier software para los documentos de la empresa debe ser accesible en cualquier momento y desde cualquier lugar. Para esto las soluciones basadas en NAS o discos virtuales pueden ser consideradas como soluciones de transici\u00f3n al Cloud (la Nube). Al final todas las empresas tendr\u00e1n organizados y almacenados sus archivos en la Nube. Es m\u00e1s [&hellip;]<\/p>\n","protected":false},"author":1,"featured_media":18350,"parent":0,"menu_order":0,"comment_status":"closed","ping_status":"closed","template":"","meta":{"footnotes":""},"class_list":["post-18306","page","type-page","status-publish","has-post-thumbnail","hentry"],"blocksy_meta":{"styles_descriptor":{"styles":{"desktop":"","tablet":"","mobile":""},"google_fonts":[],"version":6}},"yoast_head":"<!-- This site is optimized with the Yoast SEO plugin v27.3 - https:\/\/yoast.com\/product\/yoast-seo-wordpress\/ -->\n<title>Software para los archivos de la empresa accesible siempre.<\/title>\n<meta name=\"description\" content=\"Cualquier software para los documentos de la empresa debe ser accesible en cualquier momento y desde cualquier lugar.\" \/>\n<meta name=\"robots\" content=\"index, follow, max-snippet:-1, max-image-preview:large, max-video-preview:-1\" \/>\n<link rel=\"canonical\" href=\"https:\/\/dataprius.com\/blog\/software-para-los-archivos-de-la-empresa-accesible-siempre\/\" \/>\n<meta property=\"og:locale\" content=\"es_ES\" \/>\n<meta property=\"og:type\" content=\"article\" \/>\n<meta property=\"og:title\" content=\"Software para los archivos de la empresa accesible siempre.\" \/>\n<meta property=\"og:description\" content=\"Cualquier software para los documentos de la empresa debe ser accesible en cualquier momento y desde cualquier lugar.\" \/>\n<meta property=\"og:url\" content=\"https:\/\/dataprius.com\/blog\/software-para-los-archivos-de-la-empresa-accesible-siempre\/\" \/>\n<meta property=\"og:site_name\" content=\"Blog Dataprius\" \/>\n<meta property=\"og:image\" content=\"https:\/\/dataprius.com\/blog\/wp-content\/uploads\/2021\/02\/documentos-empresa-en-digital.jpg\" \/>\n\t<meta property=\"og:image:width\" content=\"1200\" \/>\n\t<meta property=\"og:image:height\" content=\"628\" \/>\n\t<meta property=\"og:image:type\" content=\"image\/jpeg\" \/>\n<meta name=\"twitter:card\" content=\"summary_large_image\" \/>\n<meta name=\"twitter:label1\" content=\"Tiempo de lectura\" \/>\n\t<meta name=\"twitter:data1\" content=\"3 minutos\" \/>\n<script type=\"application\/ld+json\" class=\"yoast-schema-graph\">{\"@context\":\"https:\\\/\\\/schema.org\",\"@graph\":[{\"@type\":\"WebPage\",\"@id\":\"https:\\\/\\\/dataprius.com\\\/blog\\\/software-para-los-archivos-de-la-empresa-accesible-siempre\\\/\",\"url\":\"https:\\\/\\\/dataprius.com\\\/blog\\\/software-para-los-archivos-de-la-empresa-accesible-siempre\\\/\",\"name\":\"Software para los archivos de la empresa accesible siempre.\",\"isPartOf\":{\"@id\":\"https:\\\/\\\/dataprius.com\\\/blog\\\/#website\"},\"primaryImageOfPage\":{\"@id\":\"https:\\\/\\\/dataprius.com\\\/blog\\\/software-para-los-archivos-de-la-empresa-accesible-siempre\\\/#primaryimage\"},\"image\":{\"@id\":\"https:\\\/\\\/dataprius.com\\\/blog\\\/software-para-los-archivos-de-la-empresa-accesible-siempre\\\/#primaryimage\"},\"thumbnailUrl\":\"https:\\\/\\\/dataprius.com\\\/blog\\\/wp-content\\\/uploads\\\/2021\\\/02\\\/documentos-empresa-en-digital.jpg\",\"datePublished\":\"2021-02-25T12:42:54+00:00\",\"description\":\"Cualquier software para los documentos de la empresa debe ser accesible en cualquier momento y desde cualquier lugar.\",\"breadcrumb\":{\"@id\":\"https:\\\/\\\/dataprius.com\\\/blog\\\/software-para-los-archivos-de-la-empresa-accesible-siempre\\\/#breadcrumb\"},\"inLanguage\":\"es\",\"potentialAction\":[{\"@type\":\"ReadAction\",\"target\":[\"https:\\\/\\\/dataprius.com\\\/blog\\\/software-para-los-archivos-de-la-empresa-accesible-siempre\\\/\"]}]},{\"@type\":\"ImageObject\",\"inLanguage\":\"es\",\"@id\":\"https:\\\/\\\/dataprius.com\\\/blog\\\/software-para-los-archivos-de-la-empresa-accesible-siempre\\\/#primaryimage\",\"url\":\"https:\\\/\\\/dataprius.com\\\/blog\\\/wp-content\\\/uploads\\\/2021\\\/02\\\/documentos-empresa-en-digital.jpg\",\"contentUrl\":\"https:\\\/\\\/dataprius.com\\\/blog\\\/wp-content\\\/uploads\\\/2021\\\/02\\\/documentos-empresa-en-digital.jpg\",\"width\":1200,\"height\":628},{\"@type\":\"BreadcrumbList\",\"@id\":\"https:\\\/\\\/dataprius.com\\\/blog\\\/software-para-los-archivos-de-la-empresa-accesible-siempre\\\/#breadcrumb\",\"itemListElement\":[{\"@type\":\"ListItem\",\"position\":1,\"name\":\"Portada\",\"item\":\"https:\\\/\\\/dataprius.com\\\/blog\\\/\"},{\"@type\":\"ListItem\",\"position\":2,\"name\":\"Software para los archivos de la empresa accesible siempre.\"}]},{\"@type\":\"WebSite\",\"@id\":\"https:\\\/\\\/dataprius.com\\\/blog\\\/#website\",\"url\":\"https:\\\/\\\/dataprius.com\\\/blog\\\/\",\"name\":\"Blog Dataprius\",\"description\":\"Blog sobre almacenamiento y trabajo con archivos en la Nube. Sistemas en cloud.\",\"publisher\":{\"@id\":\"https:\\\/\\\/dataprius.com\\\/blog\\\/#organization\"},\"potentialAction\":[{\"@type\":\"SearchAction\",\"target\":{\"@type\":\"EntryPoint\",\"urlTemplate\":\"https:\\\/\\\/dataprius.com\\\/blog\\\/?s={search_term_string}\"},\"query-input\":{\"@type\":\"PropertyValueSpecification\",\"valueRequired\":true,\"valueName\":\"search_term_string\"}}],\"inLanguage\":\"es\"},{\"@type\":\"Organization\",\"@id\":\"https:\\\/\\\/dataprius.com\\\/blog\\\/#organization\",\"name\":\"Blog Dataprius\",\"url\":\"https:\\\/\\\/dataprius.com\\\/blog\\\/\",\"logo\":{\"@type\":\"ImageObject\",\"inLanguage\":\"es\",\"@id\":\"https:\\\/\\\/dataprius.com\\\/blog\\\/#\\\/schema\\\/logo\\\/image\\\/\",\"url\":\"https:\\\/\\\/dataprius.com\\\/blog\\\/wp-content\\\/uploads\\\/2025\\\/07\\\/quality-logo-dataprius-70.png\",\"contentUrl\":\"https:\\\/\\\/dataprius.com\\\/blog\\\/wp-content\\\/uploads\\\/2025\\\/07\\\/quality-logo-dataprius-70.png\",\"width\":70,\"height\":70,\"caption\":\"Blog Dataprius\"},\"image\":{\"@id\":\"https:\\\/\\\/dataprius.com\\\/blog\\\/#\\\/schema\\\/logo\\\/image\\\/\"}}]}<\/script>\n<!-- \/ Yoast SEO plugin. -->","yoast_head_json":{"title":"Software para los archivos de la empresa accesible siempre.","description":"Cualquier software para los documentos de la empresa debe ser accesible en cualquier momento y desde cualquier lugar.","robots":{"index":"index","follow":"follow","max-snippet":"max-snippet:-1","max-image-preview":"max-image-preview:large","max-video-preview":"max-video-preview:-1"},"canonical":"https:\/\/dataprius.com\/blog\/software-para-los-archivos-de-la-empresa-accesible-siempre\/","og_locale":"es_ES","og_type":"article","og_title":"Software para los archivos de la empresa accesible siempre.","og_description":"Cualquier software para los documentos de la empresa debe ser accesible en cualquier momento y desde cualquier lugar.","og_url":"https:\/\/dataprius.com\/blog\/software-para-los-archivos-de-la-empresa-accesible-siempre\/","og_site_name":"Blog Dataprius","og_image":[{"width":1200,"height":628,"url":"https:\/\/dataprius.com\/blog\/wp-content\/uploads\/2021\/02\/documentos-empresa-en-digital.jpg","type":"image\/jpeg"}],"twitter_card":"summary_large_image","twitter_misc":{"Tiempo de lectura":"3 minutos"},"schema":{"@context":"https:\/\/schema.org","@graph":[{"@type":"WebPage","@id":"https:\/\/dataprius.com\/blog\/software-para-los-archivos-de-la-empresa-accesible-siempre\/","url":"https:\/\/dataprius.com\/blog\/software-para-los-archivos-de-la-empresa-accesible-siempre\/","name":"Software para los archivos de la empresa accesible siempre.","isPartOf":{"@id":"https:\/\/dataprius.com\/blog\/#website"},"primaryImageOfPage":{"@id":"https:\/\/dataprius.com\/blog\/software-para-los-archivos-de-la-empresa-accesible-siempre\/#primaryimage"},"image":{"@id":"https:\/\/dataprius.com\/blog\/software-para-los-archivos-de-la-empresa-accesible-siempre\/#primaryimage"},"thumbnailUrl":"https:\/\/dataprius.com\/blog\/wp-content\/uploads\/2021\/02\/documentos-empresa-en-digital.jpg","datePublished":"2021-02-25T12:42:54+00:00","description":"Cualquier software para los documentos de la empresa debe ser accesible en cualquier momento y desde cualquier lugar.","breadcrumb":{"@id":"https:\/\/dataprius.com\/blog\/software-para-los-archivos-de-la-empresa-accesible-siempre\/#breadcrumb"},"inLanguage":"es","potentialAction":[{"@type":"ReadAction","target":["https:\/\/dataprius.com\/blog\/software-para-los-archivos-de-la-empresa-accesible-siempre\/"]}]},{"@type":"ImageObject","inLanguage":"es","@id":"https:\/\/dataprius.com\/blog\/software-para-los-archivos-de-la-empresa-accesible-siempre\/#primaryimage","url":"https:\/\/dataprius.com\/blog\/wp-content\/uploads\/2021\/02\/documentos-empresa-en-digital.jpg","contentUrl":"https:\/\/dataprius.com\/blog\/wp-content\/uploads\/2021\/02\/documentos-empresa-en-digital.jpg","width":1200,"height":628},{"@type":"BreadcrumbList","@id":"https:\/\/dataprius.com\/blog\/software-para-los-archivos-de-la-empresa-accesible-siempre\/#breadcrumb","itemListElement":[{"@type":"ListItem","position":1,"name":"Portada","item":"https:\/\/dataprius.com\/blog\/"},{"@type":"ListItem","position":2,"name":"Software para los archivos de la empresa accesible siempre."}]},{"@type":"WebSite","@id":"https:\/\/dataprius.com\/blog\/#website","url":"https:\/\/dataprius.com\/blog\/","name":"Blog Dataprius","description":"Blog sobre almacenamiento y trabajo con archivos en la Nube. Sistemas en cloud.","publisher":{"@id":"https:\/\/dataprius.com\/blog\/#organization"},"potentialAction":[{"@type":"SearchAction","target":{"@type":"EntryPoint","urlTemplate":"https:\/\/dataprius.com\/blog\/?s={search_term_string}"},"query-input":{"@type":"PropertyValueSpecification","valueRequired":true,"valueName":"search_term_string"}}],"inLanguage":"es"},{"@type":"Organization","@id":"https:\/\/dataprius.com\/blog\/#organization","name":"Blog Dataprius","url":"https:\/\/dataprius.com\/blog\/","logo":{"@type":"ImageObject","inLanguage":"es","@id":"https:\/\/dataprius.com\/blog\/#\/schema\/logo\/image\/","url":"https:\/\/dataprius.com\/blog\/wp-content\/uploads\/2025\/07\/quality-logo-dataprius-70.png","contentUrl":"https:\/\/dataprius.com\/blog\/wp-content\/uploads\/2025\/07\/quality-logo-dataprius-70.png","width":70,"height":70,"caption":"Blog Dataprius"},"image":{"@id":"https:\/\/dataprius.com\/blog\/#\/schema\/logo\/image\/"}}]}},"_links":{"self":[{"href":"https:\/\/dataprius.com\/blog\/wp-json\/wp\/v2\/pages\/18306","targetHints":{"allow":["GET"]}}],"collection":[{"href":"https:\/\/dataprius.com\/blog\/wp-json\/wp\/v2\/pages"}],"about":[{"href":"https:\/\/dataprius.com\/blog\/wp-json\/wp\/v2\/types\/page"}],"author":[{"embeddable":true,"href":"https:\/\/dataprius.com\/blog\/wp-json\/wp\/v2\/users\/1"}],"replies":[{"embeddable":true,"href":"https:\/\/dataprius.com\/blog\/wp-json\/wp\/v2\/comments?post=18306"}],"version-history":[{"count":0,"href":"https:\/\/dataprius.com\/blog\/wp-json\/wp\/v2\/pages\/18306\/revisions"}],"wp:featuredmedia":[{"embeddable":true,"href":"https:\/\/dataprius.com\/blog\/wp-json\/wp\/v2\/media\/18350"}],"wp:attachment":[{"href":"https:\/\/dataprius.com\/blog\/wp-json\/wp\/v2\/media?parent=18306"}],"curies":[{"name":"wp","href":"https:\/\/api.w.org\/{rel}","templated":true}]}}