{"id":19343,"date":"2021-08-14T13:10:09","date_gmt":"2021-08-14T11:10:09","guid":{"rendered":"https:\/\/blog.dataprius.com\/?page_id=19343"},"modified":"2021-08-14T13:10:09","modified_gmt":"2021-08-14T11:10:09","slug":"intranet-en-cloud-para-archivos-de-la-empresa-y-compartir-con-clientes","status":"publish","type":"page","link":"https:\/\/dataprius.com\/blog\/intranet-en-cloud-para-archivos-de-la-empresa-y-compartir-con-clientes\/","title":{"rendered":"Intranet en Cloud para archivos de la empresa y compartir con clientes"},"content":{"rendered":"\n<p>Un sistema que usa el almacenamietno en Cloud para el Trabajo, Teletrabajo y compartici\u00f3n de los archivos con los clientes.<\/p>\n\n\n\n<p>Todas las funcionalidades reunidas en un software que no necesita disco virtual. Permite disponer en minutos de una red corporativa de archivos compartidos.<\/p>\n\n\n\n<p><\/p>\n\n\n\n<figure class=\"wp-block-image size-large\"><a href=\"https:\/\/dataprius.com\"><img loading=\"lazy\" decoding=\"async\" width=\"1024\" height=\"576\" src=\"https:\/\/dataprius.com\/blog\/wp-content\/uploads\/2021\/08\/dataprius-intranet-cloud-empresas-1-1024x576.jpg\" alt=\"Dataprius. Intranet en Cloud para los archivos de la empresa.\" class=\"wp-image-19347\" srcset=\"https:\/\/dataprius.com\/blog\/wp-content\/uploads\/2021\/08\/dataprius-intranet-cloud-empresas-1-1024x576.jpg 1024w, https:\/\/dataprius.com\/blog\/wp-content\/uploads\/2021\/08\/dataprius-intranet-cloud-empresas-1-300x169.jpg 300w, https:\/\/dataprius.com\/blog\/wp-content\/uploads\/2021\/08\/dataprius-intranet-cloud-empresas-1-768x432.jpg 768w, https:\/\/dataprius.com\/blog\/wp-content\/uploads\/2021\/08\/dataprius-intranet-cloud-empresas-1-1536x864.jpg 1536w, https:\/\/dataprius.com\/blog\/wp-content\/uploads\/2021\/08\/dataprius-intranet-cloud-empresas-1.jpg 1600w\" sizes=\"auto, (max-width: 1024px) 100vw, 1024px\" \/><\/a><\/figure>\n\n\n\n<div class=\"wp-block-columns is-layout-flex wp-container-core-columns-is-layout-28f84493 wp-block-columns-is-layout-flex\">\n<div class=\"wp-block-column is-layout-flow wp-block-column-is-layout-flow\">\n<div class=\"wp-block-image\"><figure class=\"alignright size-full\"><a href=\"https:\/\/dataprius.com\/cloud-para-empresas-dataprius.html\" target=\"_blank\" rel=\"noopener\"><img loading=\"lazy\" decoding=\"async\" width=\"236\" height=\"48\" src=\"https:\/\/dataprius.com\/blog\/wp-content\/uploads\/2021\/08\/conocer-dataprius.png\" alt=\"Conocer dataprius Intranet de archivos en cloud.\" class=\"wp-image-19354\"\/><\/a><\/figure><\/div>\n<\/div>\n\n\n\n<div class=\"wp-block-column is-layout-flow wp-block-column-is-layout-flow\">\n<div class=\"wp-block-image\"><figure class=\"alignleft size-full\"><a href=\"https:\/\/dataprius.com\/descargas\" target=\"_blank\" rel=\"noopener\"><img loading=\"lazy\" decoding=\"async\" width=\"234\" height=\"48\" src=\"https:\/\/dataprius.com\/blog\/wp-content\/uploads\/2021\/08\/descargar-dataprius.png\" alt=\"Descargar dataprius Intranet de archivos en cloud.\" class=\"wp-image-19355\"\/><\/a><\/figure><\/div>\n<\/div>\n<\/div>\n\n\n\n<h2 class=\"has-text-color wp-block-heading\" style=\"color:#4597cc;font-size:clamp(17.905px, 1.119rem + ((1vw - 3.2px) * 0.789), 28px);\">\u00bfPor qu\u00e9 una Intranet y no un disco virtual?<\/h2>\n\n\n\n<div class=\"wp-block-columns is-layout-flex wp-container-core-columns-is-layout-28f84493 wp-block-columns-is-layout-flex\">\n<div class=\"wp-block-column is-layout-flow wp-block-column-is-layout-flow\">\n<ul class=\"has-palette-color-8-background-color has-background wp-block-list\"><li>No se necesita sincronizar. Todos los archivos y carpetas est\u00e1n al instante.<\/li><\/ul>\n<\/div>\n\n\n\n<div class=\"wp-block-column is-layout-flow wp-block-column-is-layout-flow\">\n<ul class=\"has-palette-color-8-background-color has-background wp-block-list\"><li>Almacenamiento aislado de los ordenadores de los usuarios. Libre de virus y Ransomware<\/li><\/ul>\n<\/div>\n\n\n\n<div class=\"wp-block-column is-layout-flow wp-block-column-is-layout-flow\">\n<ul class=\"has-palette-color-8-background-color has-background wp-block-list\"><li>Sin conflictos de archivos ni sobreescrituras.<\/li><\/ul>\n<\/div>\n<\/div>\n\n\n\n<div class=\"wp-block-columns is-layout-flex wp-container-core-columns-is-layout-28f84493 wp-block-columns-is-layout-flex\">\n<div class=\"wp-block-column is-layout-flow wp-block-column-is-layout-flow\">\n<ul class=\"has-palette-color-8-background-color has-background wp-block-list\"><li>Se sabe al instante qu\u00e9 se comparte y con qui\u00e9n. Con otros usuarios y con los clientes.<\/li><\/ul>\n<\/div>\n\n\n\n<div class=\"wp-block-column is-layout-flow wp-block-column-is-layout-flow\">\n<ul class=\"has-palette-color-8-background-color has-background wp-block-list\"><li>Cumple RGPD y facilita cumplir ISO. Mecanismos de privacidad, trazabilidad y protecci\u00f3n de datos.<\/li><\/ul>\n<\/div>\n\n\n\n<div class=\"wp-block-column is-layout-flow wp-block-column-is-layout-flow\">\n<ul class=\"has-palette-color-8-background-color has-background wp-block-list\"><li>Lo importante es la operativa con los documentos no el espacio de almacenamiento.<\/li><\/ul>\n<\/div>\n<\/div>\n\n\n\n<div class=\"wp-block-columns is-layout-flex wp-container-core-columns-is-layout-28f84493 wp-block-columns-is-layout-flex\">\n<div class=\"wp-block-column is-layout-flow wp-block-column-is-layout-flow\">\n<ul class=\"has-palette-color-8-background-color has-background wp-block-list\"><li>Tan sencillo que no se necesita formaci\u00f3n. Se aprende con el propio uso.<\/li><\/ul>\n<\/div>\n\n\n\n<div class=\"wp-block-column is-layout-flow wp-block-column-is-layout-flow\">\n<ul class=\"has-palette-color-8-background-color has-background wp-block-list\"><li>Porque la empresa puede organizarse y controlar. A los usuarios simplemente les gusta.<\/li><\/ul>\n<\/div>\n\n\n\n<div class=\"wp-block-column is-layout-flow wp-block-column-is-layout-flow\">\n<ul class=\"has-palette-color-8-background-color has-background wp-block-list\"><li>Las grandes empresas del mundo usan Intranets nunca discos virtuales.<\/li><\/ul>\n<\/div>\n<\/div>\n\n\n\n<h2 class=\"has-text-color wp-block-heading\" style=\"color:#4597cc;font-size:clamp(17.905px, 1.119rem + ((1vw - 3.2px) * 0.789), 28px);\">Del almacenamiento en Cloud hacia la Intranet en Cloud<\/h2>\n\n\n\n<p>Una Intranet o una red corporativa es muy diferente de los discos virtuales aunque estos discos han incorporado algunas funcionalidades.<\/p>\n\n\n\n<figure class=\"wp-block-image size-full\"><a href=\"https:\/\/dataprius.com\/blog\/wp-content\/uploads\/2021\/08\/captura-dataprius-carpetas-en-cloud-1.jpg\"><img loading=\"lazy\" decoding=\"async\" width=\"1006\" height=\"424\" src=\"https:\/\/dataprius.com\/blog\/wp-content\/uploads\/2021\/08\/captura-dataprius-carpetas-en-cloud-1.jpg\" alt=\"\" class=\"wp-image-19361\" srcset=\"https:\/\/dataprius.com\/blog\/wp-content\/uploads\/2021\/08\/captura-dataprius-carpetas-en-cloud-1.jpg 1006w, https:\/\/dataprius.com\/blog\/wp-content\/uploads\/2021\/08\/captura-dataprius-carpetas-en-cloud-1-300x126.jpg 300w, https:\/\/dataprius.com\/blog\/wp-content\/uploads\/2021\/08\/captura-dataprius-carpetas-en-cloud-1-768x324.jpg 768w\" sizes=\"auto, (max-width: 1006px) 100vw, 1006px\" \/><\/a><figcaption>Ventana de carpetas en Cloud Dataprius<\/figcaption><\/figure>\n\n\n\n<p>Las grandes empresas, con sus Intranets, siempre han procurado que los archivos residan de forma aislada de los ordenadores de los usuarios. Un punto importante para comprender lo que hace Dataprius.<\/p>\n\n\n\n<p>La Nube puede mantener los archivos de la empresa almacenados y disponibles para su uso de forma directa, sin necesidad de disco duro virtual, sin necesidad de tener sincronizadas carpetas del ordenador.<\/p>\n\n\n\n<p>Cuando un sistema, como un disco virtual de una Bigtech (OneDrive,Drive,Dropbox), copia los archivos de la empresa en los ordenadores de los usuarios siempre surgen problemas: los archivos de la empresa est\u00e1n duplicados en todos esos ordenadores y por tanto no existe realmente privacidad controlada, adrem\u00e1s est\u00e1n a expensas de Ransomware o virus des esos usuarios.<\/p>\n\n\n\n<p>Cuando la empresa ni siquiera sabe cuandos ordenadores sincronizan sus archivos es imposible cumplir con RGPD (Reglamento General de Protecci\u00f3n de Datos).<\/p>\n\n\n\n<p>Una Intranet corporativa como la de Dataprius evita todos esos problemas. Cuando los archivos est\u00e1n en la Nube cada usuario accede de forma directa seg\u00fan qu\u00e9 carpetas le permite la empresa. Cuando una persona accede desde casa para el teletrabajo no tiene que sincronizar nada ni configurar ni sincronizar su disco virtual.<\/p>\n\n\n\n<p><strong>Tarde o temprano el almacenamiento en la Nube ten\u00eda que evolucionar hacia una nueva Intranet en Cloud, Dataprius lo ha hecho y cuenta con miles de usuarios que a trabajan a diario en su plataforma, personalizada para cada empresa.<\/strong><\/p>\n\n\n\n<p>La diferencia tambi\u00e9n reside en que Dataprius es un paquete completo de software que incluye la edici\u00f3n de documentos online de Office, backups, Chat, Videoconferencia e integraci\u00f3n de aplicaciones Web. Todo lo necesario incluido y sin tener que recurrir a programas externos. Ofrece un control sin precedentes para compartir los archivos con los clientes.<\/p>\n\n\n\n<div class=\"wp-block-columns is-layout-flex wp-container-core-columns-is-layout-28f84493 wp-block-columns-is-layout-flex\">\n<div class=\"wp-block-column is-layout-flow wp-block-column-is-layout-flow\">\n<div class=\"wp-block-image\"><figure class=\"alignright size-full\"><a href=\"https:\/\/dataprius.com\/cloud-para-empresas-dataprius.html\" target=\"_blank\" rel=\"noopener\"><img loading=\"lazy\" decoding=\"async\" width=\"236\" height=\"48\" src=\"https:\/\/dataprius.com\/blog\/wp-content\/uploads\/2021\/08\/conocer-dataprius.png\" alt=\"Conocer dataprius Intranet de archivos en cloud.\" class=\"wp-image-19354\"\/><\/a><\/figure><\/div>\n<\/div>\n\n\n\n<div class=\"wp-block-column is-layout-flow wp-block-column-is-layout-flow\">\n<div class=\"wp-block-image\"><figure class=\"alignleft size-full\"><a href=\"https:\/\/dataprius.com\/descargas\" target=\"_blank\" rel=\"noopener\"><img loading=\"lazy\" decoding=\"async\" width=\"234\" height=\"48\" src=\"https:\/\/dataprius.com\/blog\/wp-content\/uploads\/2021\/08\/descargar-dataprius.png\" alt=\"Descargar dataprius Intranet de archivos en cloud.\" class=\"wp-image-19355\"\/><\/a><\/figure><\/div>\n<\/div>\n<\/div>\n","protected":false},"excerpt":{"rendered":"<p>Un sistema que usa el almacenamietno en Cloud para el Trabajo, Teletrabajo y compartici\u00f3n de los archivos con los clientes. Todas las funcionalidades reunidas en un software que no necesita disco virtual. Permite disponer en minutos de una red corporativa de archivos compartidos. \u00bfPor qu\u00e9 una Intranet y no un disco virtual? No se necesita [&hellip;]<\/p>\n","protected":false},"author":1,"featured_media":19346,"parent":0,"menu_order":0,"comment_status":"closed","ping_status":"closed","template":"","meta":{"footnotes":""},"class_list":["post-19343","page","type-page","status-publish","has-post-thumbnail","hentry"],"blocksy_meta":{"styles_descriptor":{"styles":{"desktop":"","tablet":"","mobile":""},"google_fonts":[],"version":6}},"yoast_head":"<!-- This site is optimized with the Yoast SEO plugin v27.3 - https:\/\/yoast.com\/product\/yoast-seo-wordpress\/ -->\n<title>Intranet en Cloud para archivos de la empresa y compartir con clientes<\/title>\n<meta name=\"description\" content=\"Un sistema que usa el almacenamietno en Cloud para el Trabajo, Teletrabajo y compartici\u00f3n de los archivos con los clientes.\" \/>\n<meta name=\"robots\" content=\"index, follow, max-snippet:-1, max-image-preview:large, max-video-preview:-1\" \/>\n<link rel=\"canonical\" href=\"https:\/\/dataprius.com\/blog\/intranet-en-cloud-para-archivos-de-la-empresa-y-compartir-con-clientes\/\" \/>\n<meta property=\"og:locale\" content=\"es_ES\" \/>\n<meta property=\"og:type\" content=\"article\" \/>\n<meta property=\"og:title\" content=\"Intranet en Cloud para archivos de la empresa y compartir con clientes\" \/>\n<meta property=\"og:description\" content=\"Un sistema que usa el almacenamietno en Cloud para el Trabajo, Teletrabajo y compartici\u00f3n de los archivos con los clientes.\" \/>\n<meta property=\"og:url\" content=\"https:\/\/dataprius.com\/blog\/intranet-en-cloud-para-archivos-de-la-empresa-y-compartir-con-clientes\/\" \/>\n<meta property=\"og:site_name\" content=\"Blog Dataprius\" \/>\n<meta property=\"og:image\" content=\"https:\/\/dataprius.com\/blog\/wp-content\/uploads\/2021\/08\/dataprius-intranet-cloud-empresas.jpg\" \/>\n\t<meta property=\"og:image:width\" content=\"1600\" \/>\n\t<meta property=\"og:image:height\" content=\"900\" \/>\n\t<meta property=\"og:image:type\" content=\"image\/jpeg\" \/>\n<meta name=\"twitter:card\" content=\"summary_large_image\" \/>\n<meta name=\"twitter:label1\" content=\"Tiempo de lectura\" \/>\n\t<meta name=\"twitter:data1\" content=\"4 minutos\" \/>\n<script type=\"application\/ld+json\" class=\"yoast-schema-graph\">{\"@context\":\"https:\\\/\\\/schema.org\",\"@graph\":[{\"@type\":\"WebPage\",\"@id\":\"https:\\\/\\\/dataprius.com\\\/blog\\\/intranet-en-cloud-para-archivos-de-la-empresa-y-compartir-con-clientes\\\/\",\"url\":\"https:\\\/\\\/dataprius.com\\\/blog\\\/intranet-en-cloud-para-archivos-de-la-empresa-y-compartir-con-clientes\\\/\",\"name\":\"Intranet en Cloud para archivos de la empresa y compartir con clientes\",\"isPartOf\":{\"@id\":\"https:\\\/\\\/dataprius.com\\\/blog\\\/#website\"},\"primaryImageOfPage\":{\"@id\":\"https:\\\/\\\/dataprius.com\\\/blog\\\/intranet-en-cloud-para-archivos-de-la-empresa-y-compartir-con-clientes\\\/#primaryimage\"},\"image\":{\"@id\":\"https:\\\/\\\/dataprius.com\\\/blog\\\/intranet-en-cloud-para-archivos-de-la-empresa-y-compartir-con-clientes\\\/#primaryimage\"},\"thumbnailUrl\":\"https:\\\/\\\/dataprius.com\\\/blog\\\/wp-content\\\/uploads\\\/2021\\\/08\\\/dataprius-intranet-cloud-empresas.jpg\",\"datePublished\":\"2021-08-14T11:10:09+00:00\",\"description\":\"Un sistema que usa el almacenamietno en Cloud para el Trabajo, Teletrabajo y compartici\u00f3n de los archivos con los clientes.\",\"breadcrumb\":{\"@id\":\"https:\\\/\\\/dataprius.com\\\/blog\\\/intranet-en-cloud-para-archivos-de-la-empresa-y-compartir-con-clientes\\\/#breadcrumb\"},\"inLanguage\":\"es\",\"potentialAction\":[{\"@type\":\"ReadAction\",\"target\":[\"https:\\\/\\\/dataprius.com\\\/blog\\\/intranet-en-cloud-para-archivos-de-la-empresa-y-compartir-con-clientes\\\/\"]}]},{\"@type\":\"ImageObject\",\"inLanguage\":\"es\",\"@id\":\"https:\\\/\\\/dataprius.com\\\/blog\\\/intranet-en-cloud-para-archivos-de-la-empresa-y-compartir-con-clientes\\\/#primaryimage\",\"url\":\"https:\\\/\\\/dataprius.com\\\/blog\\\/wp-content\\\/uploads\\\/2021\\\/08\\\/dataprius-intranet-cloud-empresas.jpg\",\"contentUrl\":\"https:\\\/\\\/dataprius.com\\\/blog\\\/wp-content\\\/uploads\\\/2021\\\/08\\\/dataprius-intranet-cloud-empresas.jpg\",\"width\":1600,\"height\":900},{\"@type\":\"BreadcrumbList\",\"@id\":\"https:\\\/\\\/dataprius.com\\\/blog\\\/intranet-en-cloud-para-archivos-de-la-empresa-y-compartir-con-clientes\\\/#breadcrumb\",\"itemListElement\":[{\"@type\":\"ListItem\",\"position\":1,\"name\":\"Portada\",\"item\":\"https:\\\/\\\/dataprius.com\\\/blog\\\/\"},{\"@type\":\"ListItem\",\"position\":2,\"name\":\"Intranet en Cloud para archivos de la empresa y compartir con clientes\"}]},{\"@type\":\"WebSite\",\"@id\":\"https:\\\/\\\/dataprius.com\\\/blog\\\/#website\",\"url\":\"https:\\\/\\\/dataprius.com\\\/blog\\\/\",\"name\":\"Blog Dataprius\",\"description\":\"Blog sobre almacenamiento y trabajo con archivos en la Nube. Sistemas en cloud.\",\"publisher\":{\"@id\":\"https:\\\/\\\/dataprius.com\\\/blog\\\/#organization\"},\"potentialAction\":[{\"@type\":\"SearchAction\",\"target\":{\"@type\":\"EntryPoint\",\"urlTemplate\":\"https:\\\/\\\/dataprius.com\\\/blog\\\/?s={search_term_string}\"},\"query-input\":{\"@type\":\"PropertyValueSpecification\",\"valueRequired\":true,\"valueName\":\"search_term_string\"}}],\"inLanguage\":\"es\"},{\"@type\":\"Organization\",\"@id\":\"https:\\\/\\\/dataprius.com\\\/blog\\\/#organization\",\"name\":\"Blog Dataprius\",\"url\":\"https:\\\/\\\/dataprius.com\\\/blog\\\/\",\"logo\":{\"@type\":\"ImageObject\",\"inLanguage\":\"es\",\"@id\":\"https:\\\/\\\/dataprius.com\\\/blog\\\/#\\\/schema\\\/logo\\\/image\\\/\",\"url\":\"https:\\\/\\\/dataprius.com\\\/blog\\\/wp-content\\\/uploads\\\/2025\\\/07\\\/quality-logo-dataprius-70.png\",\"contentUrl\":\"https:\\\/\\\/dataprius.com\\\/blog\\\/wp-content\\\/uploads\\\/2025\\\/07\\\/quality-logo-dataprius-70.png\",\"width\":70,\"height\":70,\"caption\":\"Blog Dataprius\"},\"image\":{\"@id\":\"https:\\\/\\\/dataprius.com\\\/blog\\\/#\\\/schema\\\/logo\\\/image\\\/\"}}]}<\/script>\n<!-- \/ Yoast SEO plugin. -->","yoast_head_json":{"title":"Intranet en Cloud para archivos de la empresa y compartir con clientes","description":"Un sistema que usa el almacenamietno en Cloud para el Trabajo, Teletrabajo y compartici\u00f3n de los archivos con los clientes.","robots":{"index":"index","follow":"follow","max-snippet":"max-snippet:-1","max-image-preview":"max-image-preview:large","max-video-preview":"max-video-preview:-1"},"canonical":"https:\/\/dataprius.com\/blog\/intranet-en-cloud-para-archivos-de-la-empresa-y-compartir-con-clientes\/","og_locale":"es_ES","og_type":"article","og_title":"Intranet en Cloud para archivos de la empresa y compartir con clientes","og_description":"Un sistema que usa el almacenamietno en Cloud para el Trabajo, Teletrabajo y compartici\u00f3n de los archivos con los clientes.","og_url":"https:\/\/dataprius.com\/blog\/intranet-en-cloud-para-archivos-de-la-empresa-y-compartir-con-clientes\/","og_site_name":"Blog Dataprius","og_image":[{"width":1600,"height":900,"url":"https:\/\/dataprius.com\/blog\/wp-content\/uploads\/2021\/08\/dataprius-intranet-cloud-empresas.jpg","type":"image\/jpeg"}],"twitter_card":"summary_large_image","twitter_misc":{"Tiempo de lectura":"4 minutos"},"schema":{"@context":"https:\/\/schema.org","@graph":[{"@type":"WebPage","@id":"https:\/\/dataprius.com\/blog\/intranet-en-cloud-para-archivos-de-la-empresa-y-compartir-con-clientes\/","url":"https:\/\/dataprius.com\/blog\/intranet-en-cloud-para-archivos-de-la-empresa-y-compartir-con-clientes\/","name":"Intranet en Cloud para archivos de la empresa y compartir con clientes","isPartOf":{"@id":"https:\/\/dataprius.com\/blog\/#website"},"primaryImageOfPage":{"@id":"https:\/\/dataprius.com\/blog\/intranet-en-cloud-para-archivos-de-la-empresa-y-compartir-con-clientes\/#primaryimage"},"image":{"@id":"https:\/\/dataprius.com\/blog\/intranet-en-cloud-para-archivos-de-la-empresa-y-compartir-con-clientes\/#primaryimage"},"thumbnailUrl":"https:\/\/dataprius.com\/blog\/wp-content\/uploads\/2021\/08\/dataprius-intranet-cloud-empresas.jpg","datePublished":"2021-08-14T11:10:09+00:00","description":"Un sistema que usa el almacenamietno en Cloud para el Trabajo, Teletrabajo y compartici\u00f3n de los archivos con los clientes.","breadcrumb":{"@id":"https:\/\/dataprius.com\/blog\/intranet-en-cloud-para-archivos-de-la-empresa-y-compartir-con-clientes\/#breadcrumb"},"inLanguage":"es","potentialAction":[{"@type":"ReadAction","target":["https:\/\/dataprius.com\/blog\/intranet-en-cloud-para-archivos-de-la-empresa-y-compartir-con-clientes\/"]}]},{"@type":"ImageObject","inLanguage":"es","@id":"https:\/\/dataprius.com\/blog\/intranet-en-cloud-para-archivos-de-la-empresa-y-compartir-con-clientes\/#primaryimage","url":"https:\/\/dataprius.com\/blog\/wp-content\/uploads\/2021\/08\/dataprius-intranet-cloud-empresas.jpg","contentUrl":"https:\/\/dataprius.com\/blog\/wp-content\/uploads\/2021\/08\/dataprius-intranet-cloud-empresas.jpg","width":1600,"height":900},{"@type":"BreadcrumbList","@id":"https:\/\/dataprius.com\/blog\/intranet-en-cloud-para-archivos-de-la-empresa-y-compartir-con-clientes\/#breadcrumb","itemListElement":[{"@type":"ListItem","position":1,"name":"Portada","item":"https:\/\/dataprius.com\/blog\/"},{"@type":"ListItem","position":2,"name":"Intranet en Cloud para archivos de la empresa y compartir con clientes"}]},{"@type":"WebSite","@id":"https:\/\/dataprius.com\/blog\/#website","url":"https:\/\/dataprius.com\/blog\/","name":"Blog Dataprius","description":"Blog sobre almacenamiento y trabajo con archivos en la Nube. Sistemas en cloud.","publisher":{"@id":"https:\/\/dataprius.com\/blog\/#organization"},"potentialAction":[{"@type":"SearchAction","target":{"@type":"EntryPoint","urlTemplate":"https:\/\/dataprius.com\/blog\/?s={search_term_string}"},"query-input":{"@type":"PropertyValueSpecification","valueRequired":true,"valueName":"search_term_string"}}],"inLanguage":"es"},{"@type":"Organization","@id":"https:\/\/dataprius.com\/blog\/#organization","name":"Blog Dataprius","url":"https:\/\/dataprius.com\/blog\/","logo":{"@type":"ImageObject","inLanguage":"es","@id":"https:\/\/dataprius.com\/blog\/#\/schema\/logo\/image\/","url":"https:\/\/dataprius.com\/blog\/wp-content\/uploads\/2025\/07\/quality-logo-dataprius-70.png","contentUrl":"https:\/\/dataprius.com\/blog\/wp-content\/uploads\/2025\/07\/quality-logo-dataprius-70.png","width":70,"height":70,"caption":"Blog Dataprius"},"image":{"@id":"https:\/\/dataprius.com\/blog\/#\/schema\/logo\/image\/"}}]}},"_links":{"self":[{"href":"https:\/\/dataprius.com\/blog\/wp-json\/wp\/v2\/pages\/19343","targetHints":{"allow":["GET"]}}],"collection":[{"href":"https:\/\/dataprius.com\/blog\/wp-json\/wp\/v2\/pages"}],"about":[{"href":"https:\/\/dataprius.com\/blog\/wp-json\/wp\/v2\/types\/page"}],"author":[{"embeddable":true,"href":"https:\/\/dataprius.com\/blog\/wp-json\/wp\/v2\/users\/1"}],"replies":[{"embeddable":true,"href":"https:\/\/dataprius.com\/blog\/wp-json\/wp\/v2\/comments?post=19343"}],"version-history":[{"count":0,"href":"https:\/\/dataprius.com\/blog\/wp-json\/wp\/v2\/pages\/19343\/revisions"}],"wp:featuredmedia":[{"embeddable":true,"href":"https:\/\/dataprius.com\/blog\/wp-json\/wp\/v2\/media\/19346"}],"wp:attachment":[{"href":"https:\/\/dataprius.com\/blog\/wp-json\/wp\/v2\/media?parent=19343"}],"curies":[{"name":"wp","href":"https:\/\/api.w.org\/{rel}","templated":true}]}}