{"id":19917,"date":"2022-03-04T18:09:09","date_gmt":"2022-03-04T17:09:09","guid":{"rendered":"https:\/\/blog.dataprius.com\/?page_id=19917"},"modified":"2025-08-11T12:58:56","modified_gmt":"2025-08-11T10:58:56","slug":"kit-digital-se-abre-la-primera-convocatoria-recomendaciones","status":"publish","type":"page","link":"https:\/\/dataprius.com\/blog\/kit-digital-se-abre-la-primera-convocatoria-recomendaciones\/","title":{"rendered":"Kit Digital. Se abre la primera convocatoria. Recomendaciones"},"content":{"rendered":"\n<p>La primera convocatoria de Kit Digital se abre el 15 de Marzo de 2022.<\/p>\n\n\n\n<p><strong>No conviene prestar atenci\u00f3n a la alarma que est\u00e1n difundiendo algunas webs de algunas empresas, sobre la celeridad en la que los fondos pueden agotarse.<\/strong><\/p>\n\n\n\n<p>Para empezar, hay que considerar que esta partida est\u00e1 dotada de 500 millones de euros y es para empresas de entre 10 y 49 empleados. Como la ayuda m\u00e1xima es de 12.000\u20ac (m\u00e1xima), hay 41.666 empresas beneficiarias. <\/p>\n\n\n\n<p>Haci\u00e9ndolo bien, no deben quedarse fuera aquellas empresas que lo soliciten. No es necesario correr ni apresurarse. S\u00ed que es necesario, hacerlo bien y no ponerse en manos de algunos tramitadores que pueden estar incurriendo en irregularidades, que son f\u00e1ciles de detectar.<\/p>\n\n\n\n<figure class=\"wp-block-image size-full\"><a href=\"https:\/\/dataprius.com\/blog\/wp-content\/uploads\/2022\/03\/kit-digital-keep-calm.jpg\"><img loading=\"lazy\" decoding=\"async\" width=\"1000\" height=\"1000\" src=\"https:\/\/dataprius.com\/blog\/wp-content\/uploads\/2022\/03\/kit-digital-keep-calm.jpg\" alt=\"\" class=\"wp-image-19919\" srcset=\"https:\/\/dataprius.com\/blog\/wp-content\/uploads\/2022\/03\/kit-digital-keep-calm.jpg 1000w, https:\/\/dataprius.com\/blog\/wp-content\/uploads\/2022\/03\/kit-digital-keep-calm-300x300.jpg 300w, https:\/\/dataprius.com\/blog\/wp-content\/uploads\/2022\/03\/kit-digital-keep-calm-150x150.jpg 150w, https:\/\/dataprius.com\/blog\/wp-content\/uploads\/2022\/03\/kit-digital-keep-calm-768x768.jpg 768w\" sizes=\"auto, (max-width: 1000px) 100vw, 1000px\" \/><\/a><\/figure>\n\n\n\n<h2 class=\"wp-block-heading\" id=\"las-prisas-y-las-emergencias-pueden-llevar-a-muchas-empresas-a-tramitar-kit-digital-de-forma-equivocada\" style=\"font-size:clamp(17.371px, 1.086rem + ((1vw - 3.2px) * 0.752), 27px);\">Las prisas y las emergencias pueden llevar a muchas empresas a tramitar Kit Digital de forma equivocada.<\/h2>\n\n\n\n<p>Es recomendable no ponerse en manos de aquellos tramitadores que urgen a las empresas a realizar la tramitaci\u00f3n con ellos, todo bajo la presi\u00f3n de que pueden perder el bono porque se agotar\u00e1.<\/p>\n\n\n\n<p>Se trata de una t\u00e9cnica de marketing bien conocida por los gestores de subvenciones. Corre o perder\u00e1s la subvenci\u00f3n que se otorga en orden de llegada. <\/p>\n\n\n\n<p>No hay que entrar en p\u00e1nico. Se trata tan solo de tener preparada la documentaci\u00f3n de la empresa y consultar con ojo con qui\u00e9n se va a tramitar o si es que se va a delegar a otra empresa. <\/p>\n\n\n\n<p>Muchas gestor\u00edas lo est\u00e1n haciendo, es uno de los sectores m\u00e1s confiables porque hacen tr\u00e1mites mucho m\u00e1s complicados a diario y es su trabajo de siempre. Los precios suelen ser muy razonables, son empresas que continuar\u00e1n despu\u00e9s de Kit Digital. <\/p>\n\n\n\n<p>Un tramitador de Kit Digital puede no ser fiable si cumple varias de estas condiciones: Te aseguran que van a conseguir los 12.000\u20ac (No explican que es un bono). Meten prisa porque se pueden agotar las subvenciones. Se muestran como Agentes Digitalizadores. Ofrecen productos de Kit Digital y adem\u00e1s al m\u00e1ximo de su precio en el plan de subvenciones.<\/p>\n\n\n\n<h2 class=\"wp-block-heading\" id=\"la-tramitacion-nada-tiene-que-ver-con-la-adquisicion-de-productos-del-bono-de-12-000\" style=\"font-size:clamp(17.371px, 1.086rem + ((1vw - 3.2px) * 0.752), 27px);\">La tramitaci\u00f3n nada tiene que ver con la adquisici\u00f3n de productos del Bono de 12.000\u20ac.<\/h2>\n\n\n\n<p><strong>Es f\u00e1cil ver la cantidad de gestores o tramitadores que se presentan como Agentes Digitalizadores y adem\u00e1s ofrecen los productos del Kit Digital.<\/strong> Incluso se puede observar que proporcionan productos de las 10 categor\u00edas.<\/p>\n\n\n\n<p>Esto es ya una falsedad. No hay Agentes Digitalizadores y no los habr\u00e1 hasta el d\u00eda 10 de Marzo, cinco d\u00edas antes de la puesta en marcha de la convocatoria.<\/p>\n\n\n\n<p><strong>Los tramitadores no son Agentes Digitalizadores y por tanto no pueden vender los productos de Kit Digital con el bono<\/strong>. Para vender estos productos a las empresas hay que demostrar que durante dos a\u00f1os se han vendido productos similares. <strong>Los Agentes Digitalizadores son las empresas de inform\u00e1tica no los tramitadores de subvenciones.<\/strong><\/p>\n\n\n\n<h2 class=\"wp-block-heading\" id=\"el-cobro-de-un-porcentaje-del-bono-es-ilegal\" style=\"font-size:clamp(17.371px, 1.086rem + ((1vw - 3.2px) * 0.752), 27px);\">El cobro de un porcentaje del bono es ilegal.<\/h2>\n\n\n\n<p>Kit Digital es muy claro en esto. No se pueden incluir gastos de tramitaci\u00f3n de Kit Digital con cargo a la subvenci\u00f3n.<\/p>\n\n\n\n<p>Estamos viendo multitud de tramitadores que pretenden cobrar un porcentaje del bono. <\/p>\n\n\n\n<p>El bono NO ES DINERO. El tramitador ha de cobrar en dinero porque no puede descontar ese porcentaje del bono. Las empresas que contraten con estos tramitadores deber\u00e1n pagarle con su dinero fuera de lo que es la subvenci\u00f3n. <\/p>\n\n\n\n<p class=\"has-text-color\" style=\"color:#bf1da7\"><strong>Repetimos, una vez m\u00e1s que los \u00fanicos que pueden hacer cargos al Bono son las empresas de inform\u00e1tica que act\u00faan como Agentes Digitalizadores homologados, nunca los tramitadores.<\/strong><\/p>\n\n\n\n<h2 class=\"wp-block-heading\" id=\"kit-digital-fue-disenado-para-beneficiar-a-las-empresas-finales-y-a-la-industria-digital-no-a-los-intermediarios\" style=\"font-size:clamp(17.371px, 1.086rem + ((1vw - 3.2px) * 0.752), 27px);\">Kit Digital fue dise\u00f1ado para beneficiar a las empresas finales y a la industria digital. No a los intermediarios.<\/h2>\n\n\n\n<p>Hace a\u00f1os que desde la Uni\u00f3n Europea se ven\u00eda observando que las subvenciones quedaban en manos de las consultoras. Los tramitadores eran realmente los que se quedaban con el dinero de las subvenciones. <\/p>\n\n\n\n<p>A tenor de estas observaciones, se han modificado las condiciones de acceso a ellas y de adquisici\u00f3n de los productos y servicios. El Kit Digital sigue esta din\u00e1mica.<\/p>\n\n\n\n<p>Es de esperar numerosas auditor\u00edas y que muchos de los que ahora se presentan como Agentes Digitalizadores sean \u00abexpulsados\u00bb del sistema. Existe un r\u00e9gimen sancionador para esto.<\/p>\n\n\n\n<p>Han aparecido empresas de inform\u00e1tica de la nada que hacen Kit Digital. Tramitadores que ofertan todos los productos, unos productos que siempre valen el m\u00e1ximo de las subvenciones.<\/p>\n\n\n\n<p>Sencillamente, una empresa que solo ha hecho p\u00e1ginas web, no puede ahora ofertar servicios o software de todos los tipos existentes en Kit Digital. De la noche a la ma\u00f1ana tienen soluciones de Ciberseguridad o de Seguridad de redes, por poner un ejemplo.<\/p>\n\n\n\n<p>Conviene asegurarse de que los proveedores vendieran con anterioridad esos mismos productos o servicios que ahora ofertan para Kit Digital. Si no es as\u00ed, existen irregularidades porque las reglas de  Kit Digital exigen la venta de esta tipo de productos con anterioridad. <\/p>\n\n\n\n<figure class=\"wp-block-embed is-type-wp-embed is-provider-blog-dataprius-sistema wp-block-embed-blog-dataprius-sistema\"><div class=\"wp-block-embed__wrapper\">\n<blockquote class=\"wp-embedded-content\" data-secret=\"233JuZxIkT\"><a href=\"https:\/\/dataprius.com\/blog\/kit-digital-las-10-primeras-observaciones-que-ayudaran-a-decidir-a-tu-empresa\/\">Kit Digital. Las 10 Primeras observaciones que ayudar\u00e1n a decidir a tu empresa<\/a><\/blockquote><iframe loading=\"lazy\" class=\"wp-embedded-content\" sandbox=\"allow-scripts\" security=\"restricted\" style=\"position: absolute; visibility: hidden;\" title=\"\u00abKit Digital. Las 10 Primeras observaciones que ayudar\u00e1n a decidir a tu empresa\u00bb \u2014 Blog Dataprius Sistema\" src=\"https:\/\/dataprius.com\/blog\/kit-digital-las-10-primeras-observaciones-que-ayudaran-a-decidir-a-tu-empresa\/embed\/#?secret=p840zthYBX#?secret=233JuZxIkT\" data-secret=\"233JuZxIkT\" width=\"600\" height=\"338\" frameborder=\"0\" marginwidth=\"0\" marginheight=\"0\" scrolling=\"no\"><\/iframe>\n<\/div><\/figure>\n\n\n\n<p><\/p>\n","protected":false},"excerpt":{"rendered":"<p>La primera convocatoria de Kit Digital se abre el 15 de Marzo de 2022. No conviene prestar atenci\u00f3n a la alarma que est\u00e1n difundiendo algunas webs de algunas empresas, sobre la celeridad en la que los fondos pueden agotarse. Para empezar, hay que considerar que esta partida est\u00e1 dotada de 500 millones de euros y [&hellip;]<\/p>\n","protected":false},"author":1,"featured_media":19919,"parent":0,"menu_order":0,"comment_status":"closed","ping_status":"closed","template":"","meta":{"footnotes":""},"class_list":["post-19917","page","type-page","status-publish","has-post-thumbnail","hentry"],"blocksy_meta":{"styles_descriptor":{"styles":{"desktop":"","tablet":"","mobile":""},"google_fonts":[],"version":6}},"yoast_head":"<!-- This site is optimized with the Yoast SEO plugin v27.3 - https:\/\/yoast.com\/product\/yoast-seo-wordpress\/ -->\n<title>Kit Digital. Se abre la primera convocatoria. Recomendaciones<\/title>\n<meta name=\"description\" content=\"Comienza la convocatoria Kit Digital. No conviene prestar atenci\u00f3n a la alarma sobre la celeridad en la que los fundos pueden agotarse.\" \/>\n<meta name=\"robots\" content=\"index, follow, max-snippet:-1, max-image-preview:large, max-video-preview:-1\" \/>\n<link rel=\"canonical\" href=\"https:\/\/dataprius.com\/blog\/kit-digital-se-abre-la-primera-convocatoria-recomendaciones\/\" \/>\n<meta property=\"og:locale\" content=\"es_ES\" \/>\n<meta property=\"og:type\" content=\"article\" \/>\n<meta property=\"og:title\" content=\"Kit Digital. Se abre la primera convocatoria. Recomendaciones\" \/>\n<meta property=\"og:description\" content=\"Comienza la convocatoria Kit Digital. No conviene prestar atenci\u00f3n a la alarma sobre la celeridad en la que los fundos pueden agotarse.\" \/>\n<meta property=\"og:url\" content=\"https:\/\/dataprius.com\/blog\/kit-digital-se-abre-la-primera-convocatoria-recomendaciones\/\" \/>\n<meta property=\"og:site_name\" content=\"Blog Dataprius\" \/>\n<meta property=\"article:modified_time\" content=\"2025-08-11T10:58:56+00:00\" \/>\n<meta property=\"og:image\" content=\"https:\/\/dataprius.com\/blog\/wp-content\/uploads\/2022\/03\/kit-digital-keep-calm.jpg\" \/>\n\t<meta property=\"og:image:width\" content=\"1000\" \/>\n\t<meta property=\"og:image:height\" content=\"1000\" \/>\n\t<meta property=\"og:image:type\" content=\"image\/jpeg\" \/>\n<meta name=\"twitter:card\" content=\"summary_large_image\" \/>\n<meta name=\"twitter:label1\" content=\"Tiempo de lectura\" \/>\n\t<meta name=\"twitter:data1\" content=\"5 minutos\" \/>\n<script type=\"application\/ld+json\" class=\"yoast-schema-graph\">{\"@context\":\"https:\\\/\\\/schema.org\",\"@graph\":[{\"@type\":\"WebPage\",\"@id\":\"https:\\\/\\\/dataprius.com\\\/blog\\\/kit-digital-se-abre-la-primera-convocatoria-recomendaciones\\\/\",\"url\":\"https:\\\/\\\/dataprius.com\\\/blog\\\/kit-digital-se-abre-la-primera-convocatoria-recomendaciones\\\/\",\"name\":\"Kit Digital. Se abre la primera convocatoria. Recomendaciones\",\"isPartOf\":{\"@id\":\"https:\\\/\\\/dataprius.com\\\/blog\\\/#website\"},\"primaryImageOfPage\":{\"@id\":\"https:\\\/\\\/dataprius.com\\\/blog\\\/kit-digital-se-abre-la-primera-convocatoria-recomendaciones\\\/#primaryimage\"},\"image\":{\"@id\":\"https:\\\/\\\/dataprius.com\\\/blog\\\/kit-digital-se-abre-la-primera-convocatoria-recomendaciones\\\/#primaryimage\"},\"thumbnailUrl\":\"https:\\\/\\\/dataprius.com\\\/blog\\\/wp-content\\\/uploads\\\/2022\\\/03\\\/kit-digital-keep-calm.jpg\",\"datePublished\":\"2022-03-04T17:09:09+00:00\",\"dateModified\":\"2025-08-11T10:58:56+00:00\",\"description\":\"Comienza la convocatoria Kit Digital. No conviene prestar atenci\u00f3n a la alarma sobre la celeridad en la que los fundos pueden agotarse.\",\"breadcrumb\":{\"@id\":\"https:\\\/\\\/dataprius.com\\\/blog\\\/kit-digital-se-abre-la-primera-convocatoria-recomendaciones\\\/#breadcrumb\"},\"inLanguage\":\"es\",\"potentialAction\":[{\"@type\":\"ReadAction\",\"target\":[\"https:\\\/\\\/dataprius.com\\\/blog\\\/kit-digital-se-abre-la-primera-convocatoria-recomendaciones\\\/\"]}]},{\"@type\":\"ImageObject\",\"inLanguage\":\"es\",\"@id\":\"https:\\\/\\\/dataprius.com\\\/blog\\\/kit-digital-se-abre-la-primera-convocatoria-recomendaciones\\\/#primaryimage\",\"url\":\"https:\\\/\\\/dataprius.com\\\/blog\\\/wp-content\\\/uploads\\\/2022\\\/03\\\/kit-digital-keep-calm.jpg\",\"contentUrl\":\"https:\\\/\\\/dataprius.com\\\/blog\\\/wp-content\\\/uploads\\\/2022\\\/03\\\/kit-digital-keep-calm.jpg\",\"width\":1000,\"height\":1000},{\"@type\":\"BreadcrumbList\",\"@id\":\"https:\\\/\\\/dataprius.com\\\/blog\\\/kit-digital-se-abre-la-primera-convocatoria-recomendaciones\\\/#breadcrumb\",\"itemListElement\":[{\"@type\":\"ListItem\",\"position\":1,\"name\":\"Portada\",\"item\":\"https:\\\/\\\/dataprius.com\\\/blog\\\/\"},{\"@type\":\"ListItem\",\"position\":2,\"name\":\"Kit Digital. Se abre la primera convocatoria. Recomendaciones\"}]},{\"@type\":\"WebSite\",\"@id\":\"https:\\\/\\\/dataprius.com\\\/blog\\\/#website\",\"url\":\"https:\\\/\\\/dataprius.com\\\/blog\\\/\",\"name\":\"Blog Dataprius\",\"description\":\"Blog sobre almacenamiento y trabajo con archivos en la Nube. Sistemas en cloud.\",\"publisher\":{\"@id\":\"https:\\\/\\\/dataprius.com\\\/blog\\\/#organization\"},\"potentialAction\":[{\"@type\":\"SearchAction\",\"target\":{\"@type\":\"EntryPoint\",\"urlTemplate\":\"https:\\\/\\\/dataprius.com\\\/blog\\\/?s={search_term_string}\"},\"query-input\":{\"@type\":\"PropertyValueSpecification\",\"valueRequired\":true,\"valueName\":\"search_term_string\"}}],\"inLanguage\":\"es\"},{\"@type\":\"Organization\",\"@id\":\"https:\\\/\\\/dataprius.com\\\/blog\\\/#organization\",\"name\":\"Blog Dataprius\",\"url\":\"https:\\\/\\\/dataprius.com\\\/blog\\\/\",\"logo\":{\"@type\":\"ImageObject\",\"inLanguage\":\"es\",\"@id\":\"https:\\\/\\\/dataprius.com\\\/blog\\\/#\\\/schema\\\/logo\\\/image\\\/\",\"url\":\"https:\\\/\\\/dataprius.com\\\/blog\\\/wp-content\\\/uploads\\\/2025\\\/07\\\/quality-logo-dataprius-70.png\",\"contentUrl\":\"https:\\\/\\\/dataprius.com\\\/blog\\\/wp-content\\\/uploads\\\/2025\\\/07\\\/quality-logo-dataprius-70.png\",\"width\":70,\"height\":70,\"caption\":\"Blog Dataprius\"},\"image\":{\"@id\":\"https:\\\/\\\/dataprius.com\\\/blog\\\/#\\\/schema\\\/logo\\\/image\\\/\"}}]}<\/script>\n<!-- \/ Yoast SEO plugin. -->","yoast_head_json":{"title":"Kit Digital. Se abre la primera convocatoria. Recomendaciones","description":"Comienza la convocatoria Kit Digital. No conviene prestar atenci\u00f3n a la alarma sobre la celeridad en la que los fundos pueden agotarse.","robots":{"index":"index","follow":"follow","max-snippet":"max-snippet:-1","max-image-preview":"max-image-preview:large","max-video-preview":"max-video-preview:-1"},"canonical":"https:\/\/dataprius.com\/blog\/kit-digital-se-abre-la-primera-convocatoria-recomendaciones\/","og_locale":"es_ES","og_type":"article","og_title":"Kit Digital. Se abre la primera convocatoria. Recomendaciones","og_description":"Comienza la convocatoria Kit Digital. No conviene prestar atenci\u00f3n a la alarma sobre la celeridad en la que los fundos pueden agotarse.","og_url":"https:\/\/dataprius.com\/blog\/kit-digital-se-abre-la-primera-convocatoria-recomendaciones\/","og_site_name":"Blog Dataprius","article_modified_time":"2025-08-11T10:58:56+00:00","og_image":[{"width":1000,"height":1000,"url":"https:\/\/dataprius.com\/blog\/wp-content\/uploads\/2022\/03\/kit-digital-keep-calm.jpg","type":"image\/jpeg"}],"twitter_card":"summary_large_image","twitter_misc":{"Tiempo de lectura":"5 minutos"},"schema":{"@context":"https:\/\/schema.org","@graph":[{"@type":"WebPage","@id":"https:\/\/dataprius.com\/blog\/kit-digital-se-abre-la-primera-convocatoria-recomendaciones\/","url":"https:\/\/dataprius.com\/blog\/kit-digital-se-abre-la-primera-convocatoria-recomendaciones\/","name":"Kit Digital. Se abre la primera convocatoria. Recomendaciones","isPartOf":{"@id":"https:\/\/dataprius.com\/blog\/#website"},"primaryImageOfPage":{"@id":"https:\/\/dataprius.com\/blog\/kit-digital-se-abre-la-primera-convocatoria-recomendaciones\/#primaryimage"},"image":{"@id":"https:\/\/dataprius.com\/blog\/kit-digital-se-abre-la-primera-convocatoria-recomendaciones\/#primaryimage"},"thumbnailUrl":"https:\/\/dataprius.com\/blog\/wp-content\/uploads\/2022\/03\/kit-digital-keep-calm.jpg","datePublished":"2022-03-04T17:09:09+00:00","dateModified":"2025-08-11T10:58:56+00:00","description":"Comienza la convocatoria Kit Digital. No conviene prestar atenci\u00f3n a la alarma sobre la celeridad en la que los fundos pueden agotarse.","breadcrumb":{"@id":"https:\/\/dataprius.com\/blog\/kit-digital-se-abre-la-primera-convocatoria-recomendaciones\/#breadcrumb"},"inLanguage":"es","potentialAction":[{"@type":"ReadAction","target":["https:\/\/dataprius.com\/blog\/kit-digital-se-abre-la-primera-convocatoria-recomendaciones\/"]}]},{"@type":"ImageObject","inLanguage":"es","@id":"https:\/\/dataprius.com\/blog\/kit-digital-se-abre-la-primera-convocatoria-recomendaciones\/#primaryimage","url":"https:\/\/dataprius.com\/blog\/wp-content\/uploads\/2022\/03\/kit-digital-keep-calm.jpg","contentUrl":"https:\/\/dataprius.com\/blog\/wp-content\/uploads\/2022\/03\/kit-digital-keep-calm.jpg","width":1000,"height":1000},{"@type":"BreadcrumbList","@id":"https:\/\/dataprius.com\/blog\/kit-digital-se-abre-la-primera-convocatoria-recomendaciones\/#breadcrumb","itemListElement":[{"@type":"ListItem","position":1,"name":"Portada","item":"https:\/\/dataprius.com\/blog\/"},{"@type":"ListItem","position":2,"name":"Kit Digital. Se abre la primera convocatoria. Recomendaciones"}]},{"@type":"WebSite","@id":"https:\/\/dataprius.com\/blog\/#website","url":"https:\/\/dataprius.com\/blog\/","name":"Blog Dataprius","description":"Blog sobre almacenamiento y trabajo con archivos en la Nube. Sistemas en cloud.","publisher":{"@id":"https:\/\/dataprius.com\/blog\/#organization"},"potentialAction":[{"@type":"SearchAction","target":{"@type":"EntryPoint","urlTemplate":"https:\/\/dataprius.com\/blog\/?s={search_term_string}"},"query-input":{"@type":"PropertyValueSpecification","valueRequired":true,"valueName":"search_term_string"}}],"inLanguage":"es"},{"@type":"Organization","@id":"https:\/\/dataprius.com\/blog\/#organization","name":"Blog Dataprius","url":"https:\/\/dataprius.com\/blog\/","logo":{"@type":"ImageObject","inLanguage":"es","@id":"https:\/\/dataprius.com\/blog\/#\/schema\/logo\/image\/","url":"https:\/\/dataprius.com\/blog\/wp-content\/uploads\/2025\/07\/quality-logo-dataprius-70.png","contentUrl":"https:\/\/dataprius.com\/blog\/wp-content\/uploads\/2025\/07\/quality-logo-dataprius-70.png","width":70,"height":70,"caption":"Blog Dataprius"},"image":{"@id":"https:\/\/dataprius.com\/blog\/#\/schema\/logo\/image\/"}}]}},"_links":{"self":[{"href":"https:\/\/dataprius.com\/blog\/wp-json\/wp\/v2\/pages\/19917","targetHints":{"allow":["GET"]}}],"collection":[{"href":"https:\/\/dataprius.com\/blog\/wp-json\/wp\/v2\/pages"}],"about":[{"href":"https:\/\/dataprius.com\/blog\/wp-json\/wp\/v2\/types\/page"}],"author":[{"embeddable":true,"href":"https:\/\/dataprius.com\/blog\/wp-json\/wp\/v2\/users\/1"}],"replies":[{"embeddable":true,"href":"https:\/\/dataprius.com\/blog\/wp-json\/wp\/v2\/comments?post=19917"}],"version-history":[{"count":1,"href":"https:\/\/dataprius.com\/blog\/wp-json\/wp\/v2\/pages\/19917\/revisions"}],"predecessor-version":[{"id":25235,"href":"https:\/\/dataprius.com\/blog\/wp-json\/wp\/v2\/pages\/19917\/revisions\/25235"}],"wp:featuredmedia":[{"embeddable":true,"href":"https:\/\/dataprius.com\/blog\/wp-json\/wp\/v2\/media\/19919"}],"wp:attachment":[{"href":"https:\/\/dataprius.com\/blog\/wp-json\/wp\/v2\/media?parent=19917"}],"curies":[{"name":"wp","href":"https:\/\/api.w.org\/{rel}","templated":true}]}}