{"id":20028,"date":"2022-03-22T10:59:29","date_gmt":"2022-03-22T09:59:29","guid":{"rendered":"https:\/\/blog.dataprius.com\/?page_id=20028"},"modified":"2022-03-22T10:59:29","modified_gmt":"2022-03-22T09:59:29","slug":"metaenlaces-como-funciona","status":"publish","type":"page","link":"https:\/\/dataprius.com\/blog\/metaenlaces-como-funciona\/","title":{"rendered":"Metaenlaces.\u00bfQu\u00e9 es?"},"content":{"rendered":"\n<p>Los Metaenlaces permiten compartir informaci\u00f3n con los usuarios de forma sencilla y r\u00e1pida. <\/p>\n\n\n\n<p><strong>Los enlaces tradicionales estaban muy limitados. Serv\u00edan  \u00fanicamente para compartir archivos y no permit\u00edan llevar un seguimiento de lo compartido con los clientes. <\/strong><\/p>\n\n\n\n<p>Los Metaenlaces se basan en una din\u00e1mica de fichas de informaci\u00f3n.<\/p>\n\n\n\n<p>Estas fichas, se agregan a los Zonas Compartidas de los usuarios. El sistema crea los enlaces y se env\u00edan notificaciones con el acceso.  <\/p>\n\n\n\n<figure class=\"wp-block-image aligncenter size-full\"><a href=\"https:\/\/dataprius.com\/blog\/wp-content\/uploads\/2022\/11\/metaenlaces-dataprius-compartir-con-usuarios.jpg\"><img loading=\"lazy\" decoding=\"async\" width=\"800\" height=\"440\" src=\"https:\/\/dataprius.com\/blog\/wp-content\/uploads\/2022\/11\/metaenlaces-dataprius-compartir-con-usuarios.jpg\" alt=\"Zona compartida. Diagrama de funcionamiento de los Metaenlaces de Dataprius.\" class=\"wp-image-20915\" srcset=\"https:\/\/dataprius.com\/blog\/wp-content\/uploads\/2022\/11\/metaenlaces-dataprius-compartir-con-usuarios.jpg 800w, https:\/\/dataprius.com\/blog\/wp-content\/uploads\/2022\/11\/metaenlaces-dataprius-compartir-con-usuarios-300x165.jpg 300w, https:\/\/dataprius.com\/blog\/wp-content\/uploads\/2022\/11\/metaenlaces-dataprius-compartir-con-usuarios-768x422.jpg 768w\" sizes=\"auto, (max-width: 800px) 100vw, 800px\" \/><\/a><\/figure>\n\n\n\n<p>Las fichas de los<strong> Metaenlaces <\/strong>consisten en:<\/p>\n\n\n\n<ul class=\"wp-block-list\"><li>Notas de texto<\/li><li>Formularios<\/li><li>Archivos para que el usuarios los descargue.<\/li><li>Solicitar que se suban archivos.<\/li><li>Solicitar firma de documentos con recordatorios<\/li><li>Fechas importantes con  recordatorios.<\/li><li>Edici\u00f3n de archivos de Office como Word o Excel.<\/li><li>Videoconferencia. Reuni\u00f3n con recordatorios.<\/li><\/ul>\n\n\n\n<p>Los usuarios podr\u00e1n responder a cada Ficha seg\u00fan su tipo y escribir mensajes de respuesta. La visualizaci\u00f3n de las Zonas Compartidas est\u00e1 optimizada para dispositivos m\u00f3viles.<\/p>\n\n\n\n<h2 class=\"wp-block-heading\" style=\"font-size:clamp(15.747px, 0.984rem + ((1vw - 3.2px) * 0.645), 24px);\">Los pasos siempre son los mismos<\/h2>\n\n\n\n<ol class=\"wp-block-list\" style=\"font-size:clamp(14px, 0.875rem + ((1vw - 3.2px) * 0.313), 18px);\"><li><strong>Agregar fichas.<\/strong><\/li><li><strong>Asignar usuarios a las fichas.<\/strong><\/li><li><strong>Enviar el Metaenlace a los usuarios de las fichas.<\/strong><\/li><\/ol>\n\n\n\n<p>Se dispone de una ventana para el env\u00edo en tres pasos.<\/p>\n\n\n\n<figure class=\"wp-block-image aligncenter size-full\"><a href=\"https:\/\/dataprius.com\/blog\/wp-content\/uploads\/2022\/11\/boton-crear-enviar-metaenlace-dataprius-1.jpg\"><img loading=\"lazy\" decoding=\"async\" width=\"701\" height=\"501\" src=\"https:\/\/dataprius.com\/blog\/wp-content\/uploads\/2022\/11\/boton-crear-enviar-metaenlace-dataprius-1.jpg\" alt=\"\" class=\"wp-image-20917\" srcset=\"https:\/\/dataprius.com\/blog\/wp-content\/uploads\/2022\/11\/boton-crear-enviar-metaenlace-dataprius-1.jpg 701w, https:\/\/dataprius.com\/blog\/wp-content\/uploads\/2022\/11\/boton-crear-enviar-metaenlace-dataprius-1-300x214.jpg 300w\" sizes=\"auto, (max-width: 701px) 100vw, 701px\" \/><\/a><\/figure>\n\n\n\n<figure class=\"wp-block-image aligncenter size-full\"><a href=\"https:\/\/dataprius.com\/blog\/wp-content\/uploads\/2022\/11\/crear-enviar-metaenlace-solo-tres-pasos-1.jpg\"><img loading=\"lazy\" decoding=\"async\" width=\"1017\" height=\"722\" src=\"https:\/\/dataprius.com\/blog\/wp-content\/uploads\/2022\/11\/crear-enviar-metaenlace-solo-tres-pasos-1.jpg\" alt=\"\" class=\"wp-image-20918\" srcset=\"https:\/\/dataprius.com\/blog\/wp-content\/uploads\/2022\/11\/crear-enviar-metaenlace-solo-tres-pasos-1.jpg 1017w, https:\/\/dataprius.com\/blog\/wp-content\/uploads\/2022\/11\/crear-enviar-metaenlace-solo-tres-pasos-1-300x213.jpg 300w, https:\/\/dataprius.com\/blog\/wp-content\/uploads\/2022\/11\/crear-enviar-metaenlace-solo-tres-pasos-1-768x545.jpg 768w\" sizes=\"auto, (max-width: 1017px) 100vw, 1017px\" \/><\/a><\/figure>\n\n\n\n<h2 class=\"wp-block-heading\" style=\"font-size:clamp(15.747px, 0.984rem + ((1vw - 3.2px) * 0.645), 24px);\">Panel principal. Actividad con los Metaenlaces<\/h2>\n\n\n\n<p>Los usuarios o clientes actuar\u00e1n sobre los Metaenlaces accediendo a sus Zonas Compartidas, ese es el lugar d\u00f3nde se colocan las fichas en orden cronol\u00f3gico.<\/p>\n\n\n\n<p>La actividad en torno a los Metaenlaces se muestra en la ventana principal. <\/p>\n\n\n\n<p>Cada ficha que colocamos en las Zonas de los usuarios puede requerir alguna acci\u00f3n por parte de estos.<\/p>\n\n\n\n<p>Por ejemplo: Si enviamos un Formulario, el usuario lo rellenar\u00e1 o si enviamos unos archivos para descargar el usuario en alg\u00fan momento abrir\u00e1 el Metaenlace y  los descargar\u00e1. <\/p>\n\n\n\n<p>La ventana principal nos ofrece un panel d\u00f3nde llevar un seguimiento de toda esta actividad.<\/p>\n\n\n\n<figure class=\"wp-block-image aligncenter size-full\"><a href=\"https:\/\/dataprius.com\/blog\/wp-content\/uploads\/2022\/11\/ventana-principal-metaenlaces-dataprius-1.jpg\"><img loading=\"lazy\" decoding=\"async\" width=\"901\" height=\"600\" src=\"https:\/\/dataprius.com\/blog\/wp-content\/uploads\/2022\/11\/ventana-principal-metaenlaces-dataprius-1.jpg\" alt=\"\" class=\"wp-image-20919\" srcset=\"https:\/\/dataprius.com\/blog\/wp-content\/uploads\/2022\/11\/ventana-principal-metaenlaces-dataprius-1.jpg 901w, https:\/\/dataprius.com\/blog\/wp-content\/uploads\/2022\/11\/ventana-principal-metaenlaces-dataprius-1-300x200.jpg 300w, https:\/\/dataprius.com\/blog\/wp-content\/uploads\/2022\/11\/ventana-principal-metaenlaces-dataprius-1-768x511.jpg 768w\" sizes=\"auto, (max-width: 901px) 100vw, 901px\" \/><\/a><\/figure>\n\n\n\n<h2 class=\"wp-block-heading\" style=\"font-size:clamp(15.747px, 0.984rem + ((1vw - 3.2px) * 0.645), 24px);\">Gestionando las Zonas Compartidas<\/h2>\n\n\n\n<p>Esta ventana permite la gesti\u00f3n individual de la Zona Compartida de cada usuario. Podemos incluso tener una Vista Previa de c\u00f3mo se muestra la Zona para un usuarios en concreto.<\/p>\n\n\n\n<p>Se pueden reeditar las fichas e incluso asignarlas a otros usuarios o grupos.<\/p>\n\n\n\n<figure class=\"wp-block-image aligncenter size-full\"><a href=\"https:\/\/dataprius.com\/blog\/wp-content\/uploads\/2022\/11\/zonas-compartidas-de-usuarios-metaenlaces-dataprius-1.jpg\"><img loading=\"lazy\" decoding=\"async\" width=\"800\" height=\"567\" src=\"https:\/\/dataprius.com\/blog\/wp-content\/uploads\/2022\/11\/zonas-compartidas-de-usuarios-metaenlaces-dataprius-1.jpg\" alt=\"\" class=\"wp-image-20926\" srcset=\"https:\/\/dataprius.com\/blog\/wp-content\/uploads\/2022\/11\/zonas-compartidas-de-usuarios-metaenlaces-dataprius-1.jpg 800w, https:\/\/dataprius.com\/blog\/wp-content\/uploads\/2022\/11\/zonas-compartidas-de-usuarios-metaenlaces-dataprius-1-300x213.jpg 300w, https:\/\/dataprius.com\/blog\/wp-content\/uploads\/2022\/11\/zonas-compartidas-de-usuarios-metaenlaces-dataprius-1-768x544.jpg 768w\" sizes=\"auto, (max-width: 800px) 100vw, 800px\" \/><\/a><\/figure>\n\n\n\n<h2 class=\"wp-block-heading\" style=\"font-size:clamp(15.747px, 0.984rem + ((1vw - 3.2px) * 0.645), 24px);\">Gestionando las Fichas<\/h2>\n\n\n\n<p>La fichas tambi\u00e9n pueden ser gestionadas de forma individual. Se dispone de un buscador que nos facilita la tarea de encontrar una determinada ficha.<\/p>\n\n\n\n<figure class=\"wp-block-image aligncenter size-full\"><a href=\"https:\/\/dataprius.com\/blog\/wp-content\/uploads\/2022\/11\/fichas.compartidas-usuarios-metaenlaces-dataprius-1.jpg\"><img loading=\"lazy\" decoding=\"async\" width=\"800\" height=\"732\" src=\"https:\/\/dataprius.com\/blog\/wp-content\/uploads\/2022\/11\/fichas.compartidas-usuarios-metaenlaces-dataprius-1.jpg\" alt=\"\" class=\"wp-image-20927\" srcset=\"https:\/\/dataprius.com\/blog\/wp-content\/uploads\/2022\/11\/fichas.compartidas-usuarios-metaenlaces-dataprius-1.jpg 800w, https:\/\/dataprius.com\/blog\/wp-content\/uploads\/2022\/11\/fichas.compartidas-usuarios-metaenlaces-dataprius-1-300x275.jpg 300w, https:\/\/dataprius.com\/blog\/wp-content\/uploads\/2022\/11\/fichas.compartidas-usuarios-metaenlaces-dataprius-1-768x703.jpg 768w\" sizes=\"auto, (max-width: 800px) 100vw, 800px\" \/><\/a><\/figure>\n\n\n\n<p><\/p>\n\n\n\n<p><\/p>\n\n\n\n<p><\/p>\n\n\n\n<p><\/p>\n","protected":false},"excerpt":{"rendered":"<p>Los Metaenlaces permiten compartir informaci\u00f3n con los usuarios de forma sencilla y r\u00e1pida. Los enlaces tradicionales estaban muy limitados. Serv\u00edan \u00fanicamente para compartir archivos y no permit\u00edan llevar un seguimiento de lo compartido con los clientes. Los Metaenlaces se basan en una din\u00e1mica de fichas de informaci\u00f3n. Estas fichas, se agregan a los Zonas Compartidas [&hellip;]<\/p>\n","protected":false},"author":1,"featured_media":20915,"parent":0,"menu_order":0,"comment_status":"closed","ping_status":"closed","template":"","meta":{"footnotes":""},"class_list":["post-20028","page","type-page","status-publish","has-post-thumbnail","hentry"],"blocksy_meta":{"styles_descriptor":{"styles":{"desktop":"","tablet":"","mobile":""},"google_fonts":[],"version":6}},"yoast_head":"<!-- This site is optimized with the Yoast SEO plugin v27.3 - https:\/\/yoast.com\/product\/yoast-seo-wordpress\/ -->\n<title>Metaenlaces.\u00bfQu\u00e9 es? - Blog Dataprius<\/title>\n<meta name=\"robots\" content=\"index, follow, max-snippet:-1, max-image-preview:large, max-video-preview:-1\" \/>\n<link rel=\"canonical\" href=\"https:\/\/dataprius.com\/blog\/metaenlaces-como-funciona\/\" \/>\n<meta property=\"og:locale\" content=\"es_ES\" \/>\n<meta property=\"og:type\" content=\"article\" \/>\n<meta property=\"og:title\" content=\"Metaenlaces.\u00bfQu\u00e9 es? - Blog Dataprius\" \/>\n<meta property=\"og:description\" content=\"Los Metaenlaces permiten compartir informaci\u00f3n con los usuarios de forma sencilla y r\u00e1pida. Los enlaces tradicionales estaban muy limitados. Serv\u00edan \u00fanicamente para compartir archivos y no permit\u00edan llevar un seguimiento de lo compartido con los clientes. Los Metaenlaces se basan en una din\u00e1mica de fichas de informaci\u00f3n. Estas fichas, se agregan a los Zonas Compartidas [&hellip;]\" \/>\n<meta property=\"og:url\" content=\"https:\/\/dataprius.com\/blog\/metaenlaces-como-funciona\/\" \/>\n<meta property=\"og:site_name\" content=\"Blog Dataprius\" \/>\n<meta property=\"og:image\" content=\"https:\/\/dataprius.com\/blog\/wp-content\/uploads\/2022\/11\/metaenlaces-dataprius-compartir-con-usuarios.jpg\" \/>\n\t<meta property=\"og:image:width\" content=\"800\" \/>\n\t<meta property=\"og:image:height\" content=\"440\" \/>\n\t<meta property=\"og:image:type\" content=\"image\/jpeg\" \/>\n<meta name=\"twitter:card\" content=\"summary_large_image\" \/>\n<meta name=\"twitter:label1\" content=\"Tiempo de lectura\" \/>\n\t<meta name=\"twitter:data1\" content=\"3 minutos\" \/>\n<script type=\"application\/ld+json\" class=\"yoast-schema-graph\">{\"@context\":\"https:\\\/\\\/schema.org\",\"@graph\":[{\"@type\":\"WebPage\",\"@id\":\"https:\\\/\\\/dataprius.com\\\/blog\\\/metaenlaces-como-funciona\\\/\",\"url\":\"https:\\\/\\\/dataprius.com\\\/blog\\\/metaenlaces-como-funciona\\\/\",\"name\":\"Metaenlaces.\u00bfQu\u00e9 es? - Blog Dataprius\",\"isPartOf\":{\"@id\":\"https:\\\/\\\/dataprius.com\\\/blog\\\/#website\"},\"primaryImageOfPage\":{\"@id\":\"https:\\\/\\\/dataprius.com\\\/blog\\\/metaenlaces-como-funciona\\\/#primaryimage\"},\"image\":{\"@id\":\"https:\\\/\\\/dataprius.com\\\/blog\\\/metaenlaces-como-funciona\\\/#primaryimage\"},\"thumbnailUrl\":\"https:\\\/\\\/dataprius.com\\\/blog\\\/wp-content\\\/uploads\\\/2022\\\/11\\\/metaenlaces-dataprius-compartir-con-usuarios.jpg\",\"datePublished\":\"2022-03-22T09:59:29+00:00\",\"breadcrumb\":{\"@id\":\"https:\\\/\\\/dataprius.com\\\/blog\\\/metaenlaces-como-funciona\\\/#breadcrumb\"},\"inLanguage\":\"es\",\"potentialAction\":[{\"@type\":\"ReadAction\",\"target\":[\"https:\\\/\\\/dataprius.com\\\/blog\\\/metaenlaces-como-funciona\\\/\"]}]},{\"@type\":\"ImageObject\",\"inLanguage\":\"es\",\"@id\":\"https:\\\/\\\/dataprius.com\\\/blog\\\/metaenlaces-como-funciona\\\/#primaryimage\",\"url\":\"https:\\\/\\\/dataprius.com\\\/blog\\\/wp-content\\\/uploads\\\/2022\\\/11\\\/metaenlaces-dataprius-compartir-con-usuarios.jpg\",\"contentUrl\":\"https:\\\/\\\/dataprius.com\\\/blog\\\/wp-content\\\/uploads\\\/2022\\\/11\\\/metaenlaces-dataprius-compartir-con-usuarios.jpg\",\"width\":800,\"height\":440},{\"@type\":\"BreadcrumbList\",\"@id\":\"https:\\\/\\\/dataprius.com\\\/blog\\\/metaenlaces-como-funciona\\\/#breadcrumb\",\"itemListElement\":[{\"@type\":\"ListItem\",\"position\":1,\"name\":\"Portada\",\"item\":\"https:\\\/\\\/dataprius.com\\\/blog\\\/\"},{\"@type\":\"ListItem\",\"position\":2,\"name\":\"Metaenlaces.\u00bfQu\u00e9 es?\"}]},{\"@type\":\"WebSite\",\"@id\":\"https:\\\/\\\/dataprius.com\\\/blog\\\/#website\",\"url\":\"https:\\\/\\\/dataprius.com\\\/blog\\\/\",\"name\":\"Blog Dataprius\",\"description\":\"Blog sobre almacenamiento y trabajo con archivos en la Nube. Sistemas en cloud.\",\"publisher\":{\"@id\":\"https:\\\/\\\/dataprius.com\\\/blog\\\/#organization\"},\"potentialAction\":[{\"@type\":\"SearchAction\",\"target\":{\"@type\":\"EntryPoint\",\"urlTemplate\":\"https:\\\/\\\/dataprius.com\\\/blog\\\/?s={search_term_string}\"},\"query-input\":{\"@type\":\"PropertyValueSpecification\",\"valueRequired\":true,\"valueName\":\"search_term_string\"}}],\"inLanguage\":\"es\"},{\"@type\":\"Organization\",\"@id\":\"https:\\\/\\\/dataprius.com\\\/blog\\\/#organization\",\"name\":\"Blog Dataprius\",\"url\":\"https:\\\/\\\/dataprius.com\\\/blog\\\/\",\"logo\":{\"@type\":\"ImageObject\",\"inLanguage\":\"es\",\"@id\":\"https:\\\/\\\/dataprius.com\\\/blog\\\/#\\\/schema\\\/logo\\\/image\\\/\",\"url\":\"https:\\\/\\\/dataprius.com\\\/blog\\\/wp-content\\\/uploads\\\/2025\\\/07\\\/quality-logo-dataprius-70.png\",\"contentUrl\":\"https:\\\/\\\/dataprius.com\\\/blog\\\/wp-content\\\/uploads\\\/2025\\\/07\\\/quality-logo-dataprius-70.png\",\"width\":70,\"height\":70,\"caption\":\"Blog Dataprius\"},\"image\":{\"@id\":\"https:\\\/\\\/dataprius.com\\\/blog\\\/#\\\/schema\\\/logo\\\/image\\\/\"}}]}<\/script>\n<!-- \/ Yoast SEO plugin. -->","yoast_head_json":{"title":"Metaenlaces.\u00bfQu\u00e9 es? - Blog Dataprius","robots":{"index":"index","follow":"follow","max-snippet":"max-snippet:-1","max-image-preview":"max-image-preview:large","max-video-preview":"max-video-preview:-1"},"canonical":"https:\/\/dataprius.com\/blog\/metaenlaces-como-funciona\/","og_locale":"es_ES","og_type":"article","og_title":"Metaenlaces.\u00bfQu\u00e9 es? - Blog Dataprius","og_description":"Los Metaenlaces permiten compartir informaci\u00f3n con los usuarios de forma sencilla y r\u00e1pida. Los enlaces tradicionales estaban muy limitados. Serv\u00edan \u00fanicamente para compartir archivos y no permit\u00edan llevar un seguimiento de lo compartido con los clientes. Los Metaenlaces se basan en una din\u00e1mica de fichas de informaci\u00f3n. Estas fichas, se agregan a los Zonas Compartidas [&hellip;]","og_url":"https:\/\/dataprius.com\/blog\/metaenlaces-como-funciona\/","og_site_name":"Blog Dataprius","og_image":[{"width":800,"height":440,"url":"https:\/\/dataprius.com\/blog\/wp-content\/uploads\/2022\/11\/metaenlaces-dataprius-compartir-con-usuarios.jpg","type":"image\/jpeg"}],"twitter_card":"summary_large_image","twitter_misc":{"Tiempo de lectura":"3 minutos"},"schema":{"@context":"https:\/\/schema.org","@graph":[{"@type":"WebPage","@id":"https:\/\/dataprius.com\/blog\/metaenlaces-como-funciona\/","url":"https:\/\/dataprius.com\/blog\/metaenlaces-como-funciona\/","name":"Metaenlaces.\u00bfQu\u00e9 es? - Blog Dataprius","isPartOf":{"@id":"https:\/\/dataprius.com\/blog\/#website"},"primaryImageOfPage":{"@id":"https:\/\/dataprius.com\/blog\/metaenlaces-como-funciona\/#primaryimage"},"image":{"@id":"https:\/\/dataprius.com\/blog\/metaenlaces-como-funciona\/#primaryimage"},"thumbnailUrl":"https:\/\/dataprius.com\/blog\/wp-content\/uploads\/2022\/11\/metaenlaces-dataprius-compartir-con-usuarios.jpg","datePublished":"2022-03-22T09:59:29+00:00","breadcrumb":{"@id":"https:\/\/dataprius.com\/blog\/metaenlaces-como-funciona\/#breadcrumb"},"inLanguage":"es","potentialAction":[{"@type":"ReadAction","target":["https:\/\/dataprius.com\/blog\/metaenlaces-como-funciona\/"]}]},{"@type":"ImageObject","inLanguage":"es","@id":"https:\/\/dataprius.com\/blog\/metaenlaces-como-funciona\/#primaryimage","url":"https:\/\/dataprius.com\/blog\/wp-content\/uploads\/2022\/11\/metaenlaces-dataprius-compartir-con-usuarios.jpg","contentUrl":"https:\/\/dataprius.com\/blog\/wp-content\/uploads\/2022\/11\/metaenlaces-dataprius-compartir-con-usuarios.jpg","width":800,"height":440},{"@type":"BreadcrumbList","@id":"https:\/\/dataprius.com\/blog\/metaenlaces-como-funciona\/#breadcrumb","itemListElement":[{"@type":"ListItem","position":1,"name":"Portada","item":"https:\/\/dataprius.com\/blog\/"},{"@type":"ListItem","position":2,"name":"Metaenlaces.\u00bfQu\u00e9 es?"}]},{"@type":"WebSite","@id":"https:\/\/dataprius.com\/blog\/#website","url":"https:\/\/dataprius.com\/blog\/","name":"Blog Dataprius","description":"Blog sobre almacenamiento y trabajo con archivos en la Nube. Sistemas en cloud.","publisher":{"@id":"https:\/\/dataprius.com\/blog\/#organization"},"potentialAction":[{"@type":"SearchAction","target":{"@type":"EntryPoint","urlTemplate":"https:\/\/dataprius.com\/blog\/?s={search_term_string}"},"query-input":{"@type":"PropertyValueSpecification","valueRequired":true,"valueName":"search_term_string"}}],"inLanguage":"es"},{"@type":"Organization","@id":"https:\/\/dataprius.com\/blog\/#organization","name":"Blog Dataprius","url":"https:\/\/dataprius.com\/blog\/","logo":{"@type":"ImageObject","inLanguage":"es","@id":"https:\/\/dataprius.com\/blog\/#\/schema\/logo\/image\/","url":"https:\/\/dataprius.com\/blog\/wp-content\/uploads\/2025\/07\/quality-logo-dataprius-70.png","contentUrl":"https:\/\/dataprius.com\/blog\/wp-content\/uploads\/2025\/07\/quality-logo-dataprius-70.png","width":70,"height":70,"caption":"Blog Dataprius"},"image":{"@id":"https:\/\/dataprius.com\/blog\/#\/schema\/logo\/image\/"}}]}},"_links":{"self":[{"href":"https:\/\/dataprius.com\/blog\/wp-json\/wp\/v2\/pages\/20028","targetHints":{"allow":["GET"]}}],"collection":[{"href":"https:\/\/dataprius.com\/blog\/wp-json\/wp\/v2\/pages"}],"about":[{"href":"https:\/\/dataprius.com\/blog\/wp-json\/wp\/v2\/types\/page"}],"author":[{"embeddable":true,"href":"https:\/\/dataprius.com\/blog\/wp-json\/wp\/v2\/users\/1"}],"replies":[{"embeddable":true,"href":"https:\/\/dataprius.com\/blog\/wp-json\/wp\/v2\/comments?post=20028"}],"version-history":[{"count":0,"href":"https:\/\/dataprius.com\/blog\/wp-json\/wp\/v2\/pages\/20028\/revisions"}],"wp:featuredmedia":[{"embeddable":true,"href":"https:\/\/dataprius.com\/blog\/wp-json\/wp\/v2\/media\/20915"}],"wp:attachment":[{"href":"https:\/\/dataprius.com\/blog\/wp-json\/wp\/v2\/media?parent=20028"}],"curies":[{"name":"wp","href":"https:\/\/api.w.org\/{rel}","templated":true}]}}