{"id":20247,"date":"2022-05-09T20:49:01","date_gmt":"2022-05-09T18:49:01","guid":{"rendered":"https:\/\/blog.dataprius.com\/?page_id=20247"},"modified":"2022-05-09T20:49:01","modified_gmt":"2022-05-09T18:49:01","slug":"kit-digital-existen-cientos-de-proveedores-fraudulentos","status":"publish","type":"page","link":"https:\/\/dataprius.com\/blog\/kit-digital-existen-cientos-de-proveedores-fraudulentos\/","title":{"rendered":"Kit Digital. Existen cientos de proveedores fraudulentos."},"content":{"rendered":"\n<p>Existe un n\u00famero considerable de Agentes Digitalizadores (Proveedores) inscritos en Kit Digital que est\u00e1n actuando de forma insidiosa o fraudulenta.<\/p>\n\n\n\n<p><strong>Est\u00e1n ofreciendo productos que nunca han comercializado, incumpliendo las normas que regulan esta subvenci\u00f3n y perjudicando con ello a los proveedores que act\u00faan de buena fe cumpliendo la normativa.<\/strong><\/p>\n\n\n\n<p class=\"has-background\" style=\"background-color:#f2e09d\">Actualizaci\u00f3n Viernes 4 de Noviembre 2022. Red.es ha enviado una notificaci\u00f3n general. En ella se insta a no vender productos no incluidos en Kit Digital, pero lo m\u00e1s interesante es que <strong>Se advierte sobre Auditor\u00edas.<\/strong> Incluimos enlace de descarga del pdf : <a href=\"https:\/\/dataprius.com\/blog\/wp-content\/uploads\/2022\/11\/3026278_NOTIFICACION-GENERAL.report.pdf\">Notificaci\u00f3n General Kit Digital <\/a><\/p>\n\n\n\n<p><\/p>\n\n\n\n<figure class=\"wp-block-image aligncenter size-large\"><a href=\"https:\/\/dataprius.com\/blog\/wp-content\/uploads\/2022\/05\/kit-digital-fraudulentos.jpg\"><img loading=\"lazy\" decoding=\"async\" width=\"1024\" height=\"565\" src=\"https:\/\/dataprius.com\/blog\/wp-content\/uploads\/2022\/05\/kit-digital-fraudulentos-1024x565.jpg\" alt=\"\" class=\"wp-image-20304\" srcset=\"https:\/\/dataprius.com\/blog\/wp-content\/uploads\/2022\/05\/kit-digital-fraudulentos-1024x565.jpg 1024w, https:\/\/dataprius.com\/blog\/wp-content\/uploads\/2022\/05\/kit-digital-fraudulentos-300x165.jpg 300w, https:\/\/dataprius.com\/blog\/wp-content\/uploads\/2022\/05\/kit-digital-fraudulentos-768x424.jpg 768w, https:\/\/dataprius.com\/blog\/wp-content\/uploads\/2022\/05\/kit-digital-fraudulentos.jpg 1280w\" sizes=\"auto, (max-width: 1024px) 100vw, 1024px\" \/><\/a><\/figure>\n\n\n\n<h2 class=\"wp-block-heading\" style=\"font-size:clamp(15.747px, 0.984rem + ((1vw - 3.2px) * 0.645), 24px);\">La normativa exige una facturaci\u00f3n previa de los productos ofertados.<\/h2>\n\n\n\n<p>Las normas de inscripci\u00f3n para los Agentes Digitalizadores son claras. <\/p>\n\n\n\n<p>Se especifica que&nbsp;ha debido existir una facturaci\u00f3n de productos similares en los dos ejercicios anteriores a la inscripci\u00f3n en Kit Digital.<\/p>\n\n\n\n<p>Una empresa que solo haya facturado por p\u00e1ginas web no deber\u00eda ofertar todas las categor\u00edas de Kit Digital. Resulta evidente que al ofrecer Ciberseguridad u Oficina Virtual, entre otras, esa empresa ha falseado facturas o se ha inscrito en las diferentes categor\u00edas sin disponer de esos productos o servicios, sin haberse dedicado nunca a ello. <\/p>\n\n\n\n<p>En el listado de Acelerapyme encontramos un gran n\u00famero de Agentes Digitalizadores que han sido admitidos en Kit Digital sin cumplir estas condiciones. <\/p>\n\n\n\n<p><a href=\"https:\/\/acelerapyme.gob.es\/kit-digital\/catalogo-digitalizadores\">https:\/\/acelerapyme.gob.es\/kit-digital\/catalogo-digitalizadores<\/a><\/p>\n\n\n\n<h2 class=\"wp-block-heading\" style=\"font-size:clamp(15.747px, 0.984rem + ((1vw - 3.2px) * 0.645), 24px);\">El origen de las normas y su intenci\u00f3n<\/h2>\n\n\n\n<p>Se entiende, que el objetivo de esta norma era: <strong>No permitir que se inscriban proveedores que no hayan comercializado con anterioridad los productos que van a ofrecer en Kit Digital.<\/strong><\/p>\n\n\n\n<p>La intenci\u00f3n tambi\u00e9n era la de eliminar intermediarios y que los fondos llegasen directamente a las empresas reales que proporcionan servicios inform\u00e1ticos. <\/p>\n\n\n\n<p>Es comprensible, estas normas fueron concebidas para impedir que los proveedores pudieran ofertar servicios improvisados o creados especialmente para las subvenciones. <\/p>\n\n\n\n<p>Evitar que sin experiencia, sin ventas y sin personal, se puedan comercializar productos solo con el objetivo de embolsarse dinero de la subvenci\u00f3n.<\/p>\n\n\n\n<p>La presencia de estos Agentes fraudulentos tiene efectos adversos y consecuencias directas tanto para los proveedores cumplidores como para las empresas que van a usar sus bonos Kit Digital.<\/p>\n\n\n\n<h2 class=\"wp-block-heading\" style=\"font-size:clamp(15.747px, 0.984rem + ((1vw - 3.2px) * 0.645), 24px);\">Distorsi\u00f3n y efectos adversos en el mercado.<\/h2>\n\n\n\n<p>Las consecuencias negativas para las empresas que realmente han vendido esos servicios son las siguientes:<\/p>\n\n\n\n<p><strong>Efectos adversos para los proveedores reales y leg\u00edtimos:<\/strong><\/p>\n\n\n\n<ul class=\"wp-block-list\"><li><strong>Competencia desleal<\/strong>. Los Agentes fraudulentos captan clientes con ofertas quim\u00e9ricas que nada tiene que ver con las inversiones en productos reales, infraestructuras y personal de los leg\u00edtimos.<\/li><li><strong>Intrusismo y p\u00e9rdida de confianza<\/strong>. El efecto de los oportunistas puede degradar la confianza sobre los profesionales del sector. Los objetivos difieren bastante. Los Agentes fraudulentos act\u00faan con el fin de obtener el dinero de los fondos. Los profesionales act\u00faan con el objetivo de continuidad de su empresa y de servicio efectivo a sus clientes, m\u00e1s all\u00e1 de las subvenciones.<\/li><li><strong>Desviaci\u00f3n de los fondos y p\u00e9rdida de la oportunidad<\/strong>. Los fondos Next Generation deben servir para fortalecer el tejido productivo de las empresas digitales. Si estos fondos se gastan en oportunistas sin intenci\u00f3n de continuidad no cumplir\u00e1n sus objetivos. La cultura del pelotazo gana.<\/li><\/ul>\n\n\n\n<p><strong>Efectos adversos para las empresas que usar\u00e1n su bono.<\/strong><\/p>\n\n\n\n<ul class=\"wp-block-list\"><li><strong>Inseguridad jur\u00eddica.<\/strong> Al contratar con un Agente digitalizador fraudulento, la empresa se expone a la cancelaci\u00f3n de los productos adquiridos, verse involucrada en un proceso sancionador contra el proveedor. &nbsp;Si existe una auditor\u00eda, est\u00e1 claro que proveedor puede ser sancionado. Tan sencillo como comprobar si tiene facturas anteriores de ese servicio.<\/li><li><strong>Mal servicio<\/strong>. Los productos ofertados son fruto de la improvisaci\u00f3n y no de profesionales con experiencia.<\/li><li><strong>Discontinuidad de la soluci\u00f3n<\/strong>. Muchas de estas soluciones no tendr\u00e1n continuidad tras Kit Digital. El proveedor solo los ha puesto en marcha para hacer dinero con las subvenciones. No existe una proyecci\u00f3n real a largo plazo.<\/li><li><strong>Mala imagen del sector y p\u00e9rdida de confianza en los productos o servicios.<\/strong> Un mal servicio de un producto vendido solo por motivo de subvenciones crear\u00e1 mala imagen en muchas empresas. Puede que el efecto rebote consista en confiar solo en las grandes, las otras son vendedores de humo.<\/li><li><strong>Imagen alterada del precio de las cosas<\/strong>. Los precios de los Agentes fraudulentos son el m\u00e1ximo de la subvenci\u00f3n. Las empresas pensar\u00e1n que esos son los precios reales de los productos. Puede provocarse un desistimiento generalizado de la tecnolog\u00eda.  <\/li><\/ul>\n\n\n\n<h2 class=\"wp-block-heading\" style=\"font-size:clamp(15.747px, 0.984rem + ((1vw - 3.2px) * 0.645), 24px);\"><strong>\u00bfC\u00f3mo detectar Agentes fraudulentos?<\/strong><\/h2>\n\n\n\n<ul class=\"wp-block-list\"><li>Ofrecen todas las categor\u00edas de Kit Digital y al m\u00e1ximo de lo subvencionado. Los productos no tienen por qu\u00e9 valer el m\u00e1ximo y esta codicia los delata.<\/li><li>Su CNAE o actividad no corresponde a la implantaci\u00f3n de sistemas inform\u00e1ticos.<\/li><li>Su p\u00e1gina web delata que su actividad nunca ha correspondido a los productos que ahora oferta. Marketing o creaci\u00f3n de p\u00e1ginas web nada tienen que ver con Ciberseguridad, Gesti\u00f3n de Clientes, Gesti\u00f3n de procesos, Oficina Virtual o el resto de categor\u00edas. <\/li><li>La oferta te ha llegado por un email spam.<\/li><li>Aparece en primeros puestos de Google bajo publicidad pagada. Anticipan unos m\u00e1rgenes enormes por venta a m\u00e1ximos y costes \u00ednfimos. Sin haber invertido nunca en personal cualificado o en productos reales. <\/li><\/ul>\n\n\n\n<h2 class=\"wp-block-heading\" style=\"font-size:clamp(15.747px, 0.984rem + ((1vw - 3.2px) * 0.645), 24px);\">Sugerencias para detectar estos Agentes en la pr\u00e1ctica <\/h2>\n\n\n\n<ul class=\"wp-block-list\"><li><strong>Solicitar una demo del producto o servicio<\/strong> que ofrecen en Kit Digital. Un proveedor real, de un producto real, que lo ha vendido con anterioridad estar\u00e1 encantado de mostrarlo.<\/li><li>Pedir referencias de otras empresas que hayan adquirido ese producto con anterioridad. Incluso con la posibilidad de preguntar a esos clientes sobre la implantaci\u00f3n del producto.<\/li><li>Que te muestren algunas facturas anteriores, tachando algunos datos privados no hay problema. Esas facturas deben tener unos precios similares a los de Kit Digital. Por supuesto una factura de creaci\u00f3n de una p\u00e1gina web no sirve para demostrar que han vendido las otras categor\u00edas.&nbsp;<\/li><li>Sentido com\u00fan. Si entras en la p\u00e1gina web de la empresa y compruebas que es un despacho de abogados o que se dedica solo al marketing, no tiene sentido que te ofrezcan un servicio de Ciberseguridad, de Gesti\u00f3n de procesos, etc. Ser\u00e1n ignorantes absolutos de este tipo de productos. Se encuentran en un aprieto. <\/li><\/ul>\n\n\n\n<h2 class=\"wp-block-heading\" style=\"font-size:clamp(15.747px, 0.984rem + ((1vw - 3.2px) * 0.645), 24px);\">Las medidas que puede tomar Acelerapyme como entidad que gestiona Kit Digital<\/h2>\n\n\n\n<p>Se trata de hacer cumplir las normas y aplicar en su caso el r\u00e9gimen sancionador previsto.<\/p>\n\n\n\n<p>En el proceso de inscripci\u00f3n de las empresas como Agentes Digitalizadores se obligaba a subir facturas de productos similares de los dos ejercicios anteriores.<\/p>\n\n\n\n<p>Si una empresa solo ha facturado por creaci\u00f3n de p\u00e1ginas web no podr\u00e1 demostrar que ha facturado por productos o servicios de otras categor\u00edas. Una p\u00e1gina web no es un producto similar a uno de Ciberseguridad ni de otras categor\u00edas. <\/p>\n\n\n\n<p>Un buen criterio para comenzar a auditar ser\u00eda comenzar por todas esas empresas que los ofrecen todo y al m\u00e1ximo de la subvenci\u00f3n. <\/p>\n\n\n\n<p>Tambi\u00e9n se puede esperar que en los procesos de cobro del bono Acelerapyme solicite facturas anteriores de ese producto. Si no se aportan, en ese caso no se pagar\u00eda y se podr\u00eda proceder a la expulsi\u00f3n de ese Agente Digitalizador.<\/p>\n\n\n\n<p>Recordemos que Kit Digital ser\u00e1 auditado por funcionarios dependientes de la Uni\u00f3n Europea, en esto nada tiene que ver con las subvenciones de las comunidades aut\u00f3nomas. Desconocemos la intensidad de las auditor\u00edas y si Acelerapyme tomar\u00e1 la iniciativa.<\/p>\n\n\n\n<p><\/p>\n","protected":false},"excerpt":{"rendered":"<p>Existe un n\u00famero considerable de Agentes Digitalizadores (Proveedores) inscritos en Kit Digital que est\u00e1n actuando de forma insidiosa o fraudulenta. Est\u00e1n ofreciendo productos que nunca han comercializado, incumpliendo las normas que regulan esta subvenci\u00f3n y perjudicando con ello a los proveedores que act\u00faan de buena fe cumpliendo la normativa. Actualizaci\u00f3n Viernes 4 de Noviembre 2022. [&hellip;]<\/p>\n","protected":false},"author":1,"featured_media":20304,"parent":0,"menu_order":0,"comment_status":"closed","ping_status":"closed","template":"","meta":{"footnotes":""},"class_list":["post-20247","page","type-page","status-publish","has-post-thumbnail","hentry"],"blocksy_meta":{"styles_descriptor":{"styles":{"desktop":"","tablet":"","mobile":""},"google_fonts":[],"version":6}},"yoast_head":"<!-- This site is optimized with the Yoast SEO plugin v27.3 - https:\/\/yoast.com\/product\/yoast-seo-wordpress\/ -->\n<title>Kit Digital. Existen cientos de proveedores fraudulentos. - Blog Dataprius<\/title>\n<meta name=\"robots\" content=\"index, follow, max-snippet:-1, max-image-preview:large, max-video-preview:-1\" \/>\n<link rel=\"canonical\" href=\"https:\/\/dataprius.com\/blog\/kit-digital-existen-cientos-de-proveedores-fraudulentos\/\" \/>\n<meta property=\"og:locale\" content=\"es_ES\" \/>\n<meta property=\"og:type\" content=\"article\" \/>\n<meta property=\"og:title\" content=\"Kit Digital. Existen cientos de proveedores fraudulentos. - Blog Dataprius\" \/>\n<meta property=\"og:description\" content=\"Existe un n\u00famero considerable de Agentes Digitalizadores (Proveedores) inscritos en Kit Digital que est\u00e1n actuando de forma insidiosa o fraudulenta. Est\u00e1n ofreciendo productos que nunca han comercializado, incumpliendo las normas que regulan esta subvenci\u00f3n y perjudicando con ello a los proveedores que act\u00faan de buena fe cumpliendo la normativa. Actualizaci\u00f3n Viernes 4 de Noviembre 2022. [&hellip;]\" \/>\n<meta property=\"og:url\" content=\"https:\/\/dataprius.com\/blog\/kit-digital-existen-cientos-de-proveedores-fraudulentos\/\" \/>\n<meta property=\"og:site_name\" content=\"Blog Dataprius\" \/>\n<meta property=\"og:image\" content=\"https:\/\/dataprius.com\/blog\/wp-content\/uploads\/2022\/05\/kit-digital-fraudulentos.jpg\" \/>\n\t<meta property=\"og:image:width\" content=\"1280\" \/>\n\t<meta property=\"og:image:height\" content=\"706\" \/>\n\t<meta property=\"og:image:type\" content=\"image\/jpeg\" \/>\n<meta name=\"twitter:card\" content=\"summary_large_image\" \/>\n<meta name=\"twitter:label1\" content=\"Tiempo de lectura\" \/>\n\t<meta name=\"twitter:data1\" content=\"6 minutos\" \/>\n<script type=\"application\/ld+json\" class=\"yoast-schema-graph\">{\"@context\":\"https:\\\/\\\/schema.org\",\"@graph\":[{\"@type\":\"WebPage\",\"@id\":\"https:\\\/\\\/dataprius.com\\\/blog\\\/kit-digital-existen-cientos-de-proveedores-fraudulentos\\\/\",\"url\":\"https:\\\/\\\/dataprius.com\\\/blog\\\/kit-digital-existen-cientos-de-proveedores-fraudulentos\\\/\",\"name\":\"Kit Digital. Existen cientos de proveedores fraudulentos. - Blog Dataprius\",\"isPartOf\":{\"@id\":\"https:\\\/\\\/dataprius.com\\\/blog\\\/#website\"},\"primaryImageOfPage\":{\"@id\":\"https:\\\/\\\/dataprius.com\\\/blog\\\/kit-digital-existen-cientos-de-proveedores-fraudulentos\\\/#primaryimage\"},\"image\":{\"@id\":\"https:\\\/\\\/dataprius.com\\\/blog\\\/kit-digital-existen-cientos-de-proveedores-fraudulentos\\\/#primaryimage\"},\"thumbnailUrl\":\"https:\\\/\\\/dataprius.com\\\/blog\\\/wp-content\\\/uploads\\\/2022\\\/05\\\/kit-digital-fraudulentos.jpg\",\"datePublished\":\"2022-05-09T18:49:01+00:00\",\"breadcrumb\":{\"@id\":\"https:\\\/\\\/dataprius.com\\\/blog\\\/kit-digital-existen-cientos-de-proveedores-fraudulentos\\\/#breadcrumb\"},\"inLanguage\":\"es\",\"potentialAction\":[{\"@type\":\"ReadAction\",\"target\":[\"https:\\\/\\\/dataprius.com\\\/blog\\\/kit-digital-existen-cientos-de-proveedores-fraudulentos\\\/\"]}]},{\"@type\":\"ImageObject\",\"inLanguage\":\"es\",\"@id\":\"https:\\\/\\\/dataprius.com\\\/blog\\\/kit-digital-existen-cientos-de-proveedores-fraudulentos\\\/#primaryimage\",\"url\":\"https:\\\/\\\/dataprius.com\\\/blog\\\/wp-content\\\/uploads\\\/2022\\\/05\\\/kit-digital-fraudulentos.jpg\",\"contentUrl\":\"https:\\\/\\\/dataprius.com\\\/blog\\\/wp-content\\\/uploads\\\/2022\\\/05\\\/kit-digital-fraudulentos.jpg\",\"width\":1280,\"height\":706},{\"@type\":\"BreadcrumbList\",\"@id\":\"https:\\\/\\\/dataprius.com\\\/blog\\\/kit-digital-existen-cientos-de-proveedores-fraudulentos\\\/#breadcrumb\",\"itemListElement\":[{\"@type\":\"ListItem\",\"position\":1,\"name\":\"Portada\",\"item\":\"https:\\\/\\\/dataprius.com\\\/blog\\\/\"},{\"@type\":\"ListItem\",\"position\":2,\"name\":\"Kit Digital. Existen cientos de proveedores fraudulentos.\"}]},{\"@type\":\"WebSite\",\"@id\":\"https:\\\/\\\/dataprius.com\\\/blog\\\/#website\",\"url\":\"https:\\\/\\\/dataprius.com\\\/blog\\\/\",\"name\":\"Blog Dataprius\",\"description\":\"Blog sobre almacenamiento y trabajo con archivos en la Nube. Sistemas en cloud.\",\"publisher\":{\"@id\":\"https:\\\/\\\/dataprius.com\\\/blog\\\/#organization\"},\"potentialAction\":[{\"@type\":\"SearchAction\",\"target\":{\"@type\":\"EntryPoint\",\"urlTemplate\":\"https:\\\/\\\/dataprius.com\\\/blog\\\/?s={search_term_string}\"},\"query-input\":{\"@type\":\"PropertyValueSpecification\",\"valueRequired\":true,\"valueName\":\"search_term_string\"}}],\"inLanguage\":\"es\"},{\"@type\":\"Organization\",\"@id\":\"https:\\\/\\\/dataprius.com\\\/blog\\\/#organization\",\"name\":\"Blog Dataprius\",\"url\":\"https:\\\/\\\/dataprius.com\\\/blog\\\/\",\"logo\":{\"@type\":\"ImageObject\",\"inLanguage\":\"es\",\"@id\":\"https:\\\/\\\/dataprius.com\\\/blog\\\/#\\\/schema\\\/logo\\\/image\\\/\",\"url\":\"https:\\\/\\\/dataprius.com\\\/blog\\\/wp-content\\\/uploads\\\/2025\\\/07\\\/quality-logo-dataprius-70.png\",\"contentUrl\":\"https:\\\/\\\/dataprius.com\\\/blog\\\/wp-content\\\/uploads\\\/2025\\\/07\\\/quality-logo-dataprius-70.png\",\"width\":70,\"height\":70,\"caption\":\"Blog Dataprius\"},\"image\":{\"@id\":\"https:\\\/\\\/dataprius.com\\\/blog\\\/#\\\/schema\\\/logo\\\/image\\\/\"}}]}<\/script>\n<!-- \/ Yoast SEO plugin. -->","yoast_head_json":{"title":"Kit Digital. Existen cientos de proveedores fraudulentos. - Blog Dataprius","robots":{"index":"index","follow":"follow","max-snippet":"max-snippet:-1","max-image-preview":"max-image-preview:large","max-video-preview":"max-video-preview:-1"},"canonical":"https:\/\/dataprius.com\/blog\/kit-digital-existen-cientos-de-proveedores-fraudulentos\/","og_locale":"es_ES","og_type":"article","og_title":"Kit Digital. Existen cientos de proveedores fraudulentos. - Blog Dataprius","og_description":"Existe un n\u00famero considerable de Agentes Digitalizadores (Proveedores) inscritos en Kit Digital que est\u00e1n actuando de forma insidiosa o fraudulenta. Est\u00e1n ofreciendo productos que nunca han comercializado, incumpliendo las normas que regulan esta subvenci\u00f3n y perjudicando con ello a los proveedores que act\u00faan de buena fe cumpliendo la normativa. Actualizaci\u00f3n Viernes 4 de Noviembre 2022. [&hellip;]","og_url":"https:\/\/dataprius.com\/blog\/kit-digital-existen-cientos-de-proveedores-fraudulentos\/","og_site_name":"Blog Dataprius","og_image":[{"width":1280,"height":706,"url":"https:\/\/dataprius.com\/blog\/wp-content\/uploads\/2022\/05\/kit-digital-fraudulentos.jpg","type":"image\/jpeg"}],"twitter_card":"summary_large_image","twitter_misc":{"Tiempo de lectura":"6 minutos"},"schema":{"@context":"https:\/\/schema.org","@graph":[{"@type":"WebPage","@id":"https:\/\/dataprius.com\/blog\/kit-digital-existen-cientos-de-proveedores-fraudulentos\/","url":"https:\/\/dataprius.com\/blog\/kit-digital-existen-cientos-de-proveedores-fraudulentos\/","name":"Kit Digital. Existen cientos de proveedores fraudulentos. - Blog Dataprius","isPartOf":{"@id":"https:\/\/dataprius.com\/blog\/#website"},"primaryImageOfPage":{"@id":"https:\/\/dataprius.com\/blog\/kit-digital-existen-cientos-de-proveedores-fraudulentos\/#primaryimage"},"image":{"@id":"https:\/\/dataprius.com\/blog\/kit-digital-existen-cientos-de-proveedores-fraudulentos\/#primaryimage"},"thumbnailUrl":"https:\/\/dataprius.com\/blog\/wp-content\/uploads\/2022\/05\/kit-digital-fraudulentos.jpg","datePublished":"2022-05-09T18:49:01+00:00","breadcrumb":{"@id":"https:\/\/dataprius.com\/blog\/kit-digital-existen-cientos-de-proveedores-fraudulentos\/#breadcrumb"},"inLanguage":"es","potentialAction":[{"@type":"ReadAction","target":["https:\/\/dataprius.com\/blog\/kit-digital-existen-cientos-de-proveedores-fraudulentos\/"]}]},{"@type":"ImageObject","inLanguage":"es","@id":"https:\/\/dataprius.com\/blog\/kit-digital-existen-cientos-de-proveedores-fraudulentos\/#primaryimage","url":"https:\/\/dataprius.com\/blog\/wp-content\/uploads\/2022\/05\/kit-digital-fraudulentos.jpg","contentUrl":"https:\/\/dataprius.com\/blog\/wp-content\/uploads\/2022\/05\/kit-digital-fraudulentos.jpg","width":1280,"height":706},{"@type":"BreadcrumbList","@id":"https:\/\/dataprius.com\/blog\/kit-digital-existen-cientos-de-proveedores-fraudulentos\/#breadcrumb","itemListElement":[{"@type":"ListItem","position":1,"name":"Portada","item":"https:\/\/dataprius.com\/blog\/"},{"@type":"ListItem","position":2,"name":"Kit Digital. Existen cientos de proveedores fraudulentos."}]},{"@type":"WebSite","@id":"https:\/\/dataprius.com\/blog\/#website","url":"https:\/\/dataprius.com\/blog\/","name":"Blog Dataprius","description":"Blog sobre almacenamiento y trabajo con archivos en la Nube. Sistemas en cloud.","publisher":{"@id":"https:\/\/dataprius.com\/blog\/#organization"},"potentialAction":[{"@type":"SearchAction","target":{"@type":"EntryPoint","urlTemplate":"https:\/\/dataprius.com\/blog\/?s={search_term_string}"},"query-input":{"@type":"PropertyValueSpecification","valueRequired":true,"valueName":"search_term_string"}}],"inLanguage":"es"},{"@type":"Organization","@id":"https:\/\/dataprius.com\/blog\/#organization","name":"Blog Dataprius","url":"https:\/\/dataprius.com\/blog\/","logo":{"@type":"ImageObject","inLanguage":"es","@id":"https:\/\/dataprius.com\/blog\/#\/schema\/logo\/image\/","url":"https:\/\/dataprius.com\/blog\/wp-content\/uploads\/2025\/07\/quality-logo-dataprius-70.png","contentUrl":"https:\/\/dataprius.com\/blog\/wp-content\/uploads\/2025\/07\/quality-logo-dataprius-70.png","width":70,"height":70,"caption":"Blog Dataprius"},"image":{"@id":"https:\/\/dataprius.com\/blog\/#\/schema\/logo\/image\/"}}]}},"_links":{"self":[{"href":"https:\/\/dataprius.com\/blog\/wp-json\/wp\/v2\/pages\/20247","targetHints":{"allow":["GET"]}}],"collection":[{"href":"https:\/\/dataprius.com\/blog\/wp-json\/wp\/v2\/pages"}],"about":[{"href":"https:\/\/dataprius.com\/blog\/wp-json\/wp\/v2\/types\/page"}],"author":[{"embeddable":true,"href":"https:\/\/dataprius.com\/blog\/wp-json\/wp\/v2\/users\/1"}],"replies":[{"embeddable":true,"href":"https:\/\/dataprius.com\/blog\/wp-json\/wp\/v2\/comments?post=20247"}],"version-history":[{"count":0,"href":"https:\/\/dataprius.com\/blog\/wp-json\/wp\/v2\/pages\/20247\/revisions"}],"wp:featuredmedia":[{"embeddable":true,"href":"https:\/\/dataprius.com\/blog\/wp-json\/wp\/v2\/media\/20304"}],"wp:attachment":[{"href":"https:\/\/dataprius.com\/blog\/wp-json\/wp\/v2\/media?parent=20247"}],"curies":[{"name":"wp","href":"https:\/\/api.w.org\/{rel}","templated":true}]}}