{"id":20461,"date":"2022-07-27T19:56:12","date_gmt":"2022-07-27T17:56:12","guid":{"rendered":"https:\/\/blog.dataprius.com\/?page_id=20461"},"modified":"2025-08-11T13:00:13","modified_gmt":"2025-08-11T11:00:13","slug":"servidor-de-archivos-para-empresas-en-cloud-trabajo-con-ficheros","status":"publish","type":"page","link":"https:\/\/dataprius.com\/blog\/servidor-de-archivos-para-empresas-en-cloud-trabajo-con-ficheros\/","title":{"rendered":"Servidor de archivos para empresas en Cloud. Trabajo con documentos"},"content":{"rendered":"\n<p><strong>Disponer de un servidor de archivos en la empresa, ha sido una soluci\u00f3n ampliamente utilizada durante muchos a\u00f1os por todo tipo de organizaciones.<\/strong><\/p>\n\n\n\n<p><strong>El concepto tiene vigencia desde hace m\u00e1s de dos d\u00e9cadas. Disponer de un servidor de documentos siempre ha respondido a  la necesidad de mantener todos los archivos de la empresa en un lugar central y accesible.<\/strong><\/p>\n\n\n\n<figure class=\"wp-block-image aligncenter size-full\"><a href=\"https:\/\/dataprius.com\/blog\/wp-content\/uploads\/2022\/07\/servidor-de-archivos.jpg\"><img loading=\"lazy\" decoding=\"async\" width=\"950\" height=\"657\" src=\"https:\/\/dataprius.com\/blog\/wp-content\/uploads\/2022\/07\/servidor-de-archivos.jpg\" alt=\"Servidor de archivos\" class=\"wp-image-20577\" srcset=\"https:\/\/dataprius.com\/blog\/wp-content\/uploads\/2022\/07\/servidor-de-archivos.jpg 950w, https:\/\/dataprius.com\/blog\/wp-content\/uploads\/2022\/07\/servidor-de-archivos-300x207.jpg 300w, https:\/\/dataprius.com\/blog\/wp-content\/uploads\/2022\/07\/servidor-de-archivos-768x531.jpg 768w\" sizes=\"auto, (max-width: 950px) 100vw, 950px\" \/><\/a><\/figure>\n\n\n\n<p><strong> <\/strong><\/p>\n\n\n\n<p>En ese lugar conectado a la red, se almacenan los ficheros de la empresa y se establecen los permisos de acceso seg\u00fan los departamentos de la organizaci\u00f3n o las atribuciones de los empleados. Por supuesto las copias de seguridad de la empresa se realizan con los documentos contenidos en el almacenamiento.<\/p>\n\n\n\n<h2 class=\"wp-block-heading\" style=\"font-size:clamp(15.747px, 0.984rem + ((1vw - 3.2px) * 0.645), 24px);\">Mantener un servidor de archivos en la empresa en la actualidad<\/h2>\n\n\n\n<p>En los \u00faltimos a\u00f1os, mantener un servidor de archivos en la empresa se ha convertido en algo rudimentario cuando existen alternativas en la Nube mucho m\u00e1s potentes seguras y con acceso desde cualquier lugar.<\/p>\n\n\n\n<p><strong>La presi\u00f3n por disponer de medios para el teletrabajo, ha disparado la demanda de sistemas en Cloud que sustituyan los viejos servidores. <\/strong><\/p>\n\n\n\n<p>La seguridad es tambi\u00e9n ahora un factor esencial, cada d\u00eda hay miles de empresas atacadas por Ransomware. Cada d\u00eda se constata que un claro objetivo son los servidores que las empresas mantienen en sus instalaciones. Los ataques se centran en la vulnerabilidad de estas instalaciones.<\/p>\n\n\n\n<h2 class=\"wp-block-heading\" style=\"font-size:clamp(15.747px, 0.984rem + ((1vw - 3.2px) * 0.645), 24px);\">Una soluci\u00f3n en Cloud para el almacenamiento y trabajo con los archivos de la empresa<\/h2>\n\n\n\n<figure class=\"wp-block-image aligncenter size-full\"><a href=\"https:\/\/dataprius.com\/blog\/wp-content\/uploads\/2022\/07\/almacenamiento-de-archivos.jpg\"><img loading=\"lazy\" decoding=\"async\" width=\"900\" height=\"673\" src=\"https:\/\/dataprius.com\/blog\/wp-content\/uploads\/2022\/07\/almacenamiento-de-archivos.jpg\" alt=\"Almacenamiento archivos\" class=\"wp-image-20575\" srcset=\"https:\/\/dataprius.com\/blog\/wp-content\/uploads\/2022\/07\/almacenamiento-de-archivos.jpg 900w, https:\/\/dataprius.com\/blog\/wp-content\/uploads\/2022\/07\/almacenamiento-de-archivos-300x224.jpg 300w, https:\/\/dataprius.com\/blog\/wp-content\/uploads\/2022\/07\/almacenamiento-de-archivos-768x574.jpg 768w\" sizes=\"auto, (max-width: 900px) 100vw, 900px\" \/><\/a><\/figure>\n\n\n\n<p>Existen numerosas soluciones de Almacenamiento en en la Nube. Tantas que llegan a producir confusi\u00f3n cuando se trata de encontrar una soluci\u00f3n adecuada para la empresa.<\/p>\n\n\n\n<p>Convine no confundir las plataformas populares de almacenamiento con otras que vienen dotadas de la operativa necesaria para la empresa. <\/p>\n\n\n\n<p>Si realmente queremos sustituir el servidor de archivos, la plataforma en la Nube debe proporcionarnos un dinamismo y reglas de control de la documentaci\u00f3n semejantes en principio a un servidor, aunque las prestaciones ser\u00e1n muy evolucionadas.<\/p>\n\n\n\n<h2 class=\"wp-block-heading\" style=\"font-size:clamp(16.834px, 1.052rem + ((1vw - 3.2px) * 0.716), 26px);\">Dataprius. Una Intranet que sustituye a cualquier Servidor de Archivos<\/h2>\n\n\n\n<p>Aqu\u00ed, el concepto base es el de disponer de una red corporativa y privada de archivos compartidos. B\u00e1sicamente, el concepto de servidor de archivos pero dotado de grandes prestaciones y caracter\u00edsticas.<\/p>\n\n\n\n<figure class=\"wp-block-image aligncenter size-large is-resized\"><a href=\"https:\/\/dataprius.com\" target=\"_blank\" rel=\"noreferrer noopener\"><img loading=\"lazy\" decoding=\"async\" width=\"1024\" height=\"607\" src=\"https:\/\/dataprius.com\/blog\/wp-content\/uploads\/2022\/07\/captura-web-dataprius-1024x607.jpg\" alt=\"Captura web Dataprius\" class=\"wp-image-20580\" style=\"width:750px;height:444px\" srcset=\"https:\/\/dataprius.com\/blog\/wp-content\/uploads\/2022\/07\/captura-web-dataprius-1024x607.jpg 1024w, https:\/\/dataprius.com\/blog\/wp-content\/uploads\/2022\/07\/captura-web-dataprius-300x178.jpg 300w, https:\/\/dataprius.com\/blog\/wp-content\/uploads\/2022\/07\/captura-web-dataprius-768x455.jpg 768w, https:\/\/dataprius.com\/blog\/wp-content\/uploads\/2022\/07\/captura-web-dataprius.jpg 1267w\" sizes=\"auto, (max-width: 1024px) 100vw, 1024px\" \/><\/a><figcaption class=\"wp-element-caption\">P\u00e1gina web de Dataprius<\/figcaption><\/figure>\n\n\n\n<p>La Intranet como  forma de trabajar con los documentos no es nueva, siempre ha sido utilizada por las grandes corporaciones. La novedad es que esta plataforma ha reinventado la cl\u00e1sica Intranet para proporcionar un dinamismo propio de las aplicaciones instaladas en nuestros ordenadores.<\/p>\n\n\n\n<p>Las Intranets convencionales estaban basadas en webs que eran lentas e ineficientes en el manejo de los ficheros. Los enormes costes de la implantaci\u00f3n de una Intranet, se han reducido al m\u00ednimo utilizando tecnolog\u00eda Cloud Computing, la soluci\u00f3n desarrollada por Dataprius la hace mucho m\u00e1s que asequible su utilizaci\u00f3n en cualquier tipo de empresa.<\/p>\n\n\n\n<p>Un factor de gran importancia en comparaci\u00f3n con los Servidores de Archivos es que esta Intranet  ofrece un grado de protecci\u00f3n de los documentos sin precedentes, hasta el punto de ser inmune a Ransomware.<\/p>\n\n\n\n<ul class=\"wp-block-list\">\n<li><a href=\"https:\/\/dataprius.com\/almacenamiento-en-la-nube-inmune-a-ransomware.html\" target=\"_blank\" rel=\"noreferrer noopener\">Almacenamiento en la Nube sin Ransomware<\/a><\/li>\n<\/ul>\n\n\n\n<p><strong>La soluci\u00f3n de Dataprius facilita un uso din\u00e1mico y fluido<\/strong>, los ficheros est\u00e1n en la Nube y la aplicaci\u00f3n muestra una imagen de su estructura de carpetas, la carga es inmediata<br>incluso con cientos de miles o millones de ficheros. La red de la empresa no se satura y la inmediatez de carga tambi\u00e9n se disfruta en el teletrabajo.<\/p>\n\n\n\n<h2 class=\"wp-block-heading\" style=\"font-size:clamp(16.834px, 1.052rem + ((1vw - 3.2px) * 0.716), 26px);\">Una operativa diferente adecuada para empresas<\/h2>\n\n\n\n<p>Hay que pensar que una Intranet corporativa como la de Dataprius, ofrece una operativa diferente a los sistemas de almacenamiento en la Nube convencionales.<\/p>\n\n\n\n<p> Cuando los archivos est\u00e1n en la Nube, cada usuario accede de forma directa seg\u00fan qu\u00e9 carpetas le permite la empresa. Cuando una persona accede desde casa para el teletrabajo no tiene que sincronizar nada, ni configurar un disco virtual, ni su conexi\u00f3n. <\/p>\n\n\n\n<p>La plataforma hace innecesarios el uso conexiones VPN y sustituye en funcionalidades a los dispositivos NAS  y como no a los Servidores de almacenamiento. <\/p>\n\n\n\n<p>Otro importante factor a favor, es que Dataprius es un paquete completo de software, que incluye la edici\u00f3n de documentos online de Office, Backups, Chat, Videoconferencia e integraci\u00f3n de aplicaciones web.<\/p>\n\n\n\n<p>Todo lo necesario est\u00e1 incluido y evita tener que recurrir a programas externos. Ofrece una sencillez y control excepcionales para compartir los archivos con los clientes.<\/p>\n\n\n\n<p>La plataforma se ofrece como un sistema SAAS (Software as a Service). Las empresas pagan justo por las capacidades que se necesitan en cada momento. No hay tramos ni bloques de usuarios para la contrataci\u00f3n.<\/p>\n\n\n\n<p>La empresa presta sus servicios desde Espa\u00f1a y para el mundo, proporcionando servicio de soporte t\u00e9cnico desde la propia aplicaci\u00f3n. Los tiempos de respuesta son realmente excepcionales, el grado de satisfacci\u00f3n de los clientes es de 5 estrellas.<\/p>\n\n\n\n<p><strong>En la zona de descargas de la web de Dataprius, se dispone de una versi\u00f3n gratuita, esta versi\u00f3n permite usar y probar la plataforma sin compromiso.<\/strong><\/p>\n\n\n\n<figure class=\"wp-block-image aligncenter size-full is-resized\"><img loading=\"lazy\" decoding=\"async\" width=\"280\" height=\"89\" src=\"https:\/\/dataprius.com\/blog\/wp-content\/uploads\/2021\/06\/boton-descargas-dataprius-reducido.png\" alt=\"\" class=\"wp-image-19113\" style=\"width:280px;height:89px\"\/><\/figure>\n\n\n\n<p><\/p>\n","protected":false},"excerpt":{"rendered":"<p>Disponer de un servidor de archivos en la empresa, ha sido una soluci\u00f3n ampliamente utilizada durante muchos a\u00f1os por todo tipo de organizaciones. El concepto tiene vigencia desde hace m\u00e1s de dos d\u00e9cadas. Disponer de un servidor de documentos siempre ha respondido a la necesidad de mantener todos los archivos de la empresa en un [&hellip;]<\/p>\n","protected":false},"author":1,"featured_media":20577,"parent":0,"menu_order":0,"comment_status":"closed","ping_status":"closed","template":"","meta":{"footnotes":""},"class_list":["post-20461","page","type-page","status-publish","has-post-thumbnail","hentry"],"blocksy_meta":{"styles_descriptor":{"styles":{"desktop":"","tablet":"","mobile":""},"google_fonts":[],"version":6}},"yoast_head":"<!-- This site is optimized with the Yoast SEO plugin v27.3 - https:\/\/yoast.com\/product\/yoast-seo-wordpress\/ -->\n<title>Servidor de archivos para empresas en Cloud. Trabajo con ficheros<\/title>\n<meta name=\"description\" content=\"Un servidor de archivos en la empresa, soluci\u00f3n ampliamente utilizada por todo tipo de organizaciones. Ahora en Cloud y con m\u00e1s prestaciones.\" \/>\n<meta name=\"robots\" content=\"index, follow, max-snippet:-1, max-image-preview:large, max-video-preview:-1\" \/>\n<link rel=\"canonical\" href=\"https:\/\/dataprius.com\/blog\/servidor-de-archivos-para-empresas-en-cloud-trabajo-con-ficheros\/\" \/>\n<meta property=\"og:locale\" content=\"es_ES\" \/>\n<meta property=\"og:type\" content=\"article\" \/>\n<meta property=\"og:title\" content=\"Servidor de archivos para empresas en Cloud. Trabajo con ficheros\" \/>\n<meta property=\"og:description\" content=\"Un servidor de archivos en la empresa, soluci\u00f3n ampliamente utilizada por todo tipo de organizaciones. Ahora en Cloud y con m\u00e1s prestaciones.\" \/>\n<meta property=\"og:url\" content=\"https:\/\/dataprius.com\/blog\/servidor-de-archivos-para-empresas-en-cloud-trabajo-con-ficheros\/\" \/>\n<meta property=\"og:site_name\" content=\"Blog Dataprius\" \/>\n<meta property=\"article:modified_time\" content=\"2025-08-11T11:00:13+00:00\" \/>\n<meta property=\"og:image\" content=\"https:\/\/dataprius.com\/blog\/wp-content\/uploads\/2022\/07\/servidor-de-archivos.jpg\" \/>\n\t<meta property=\"og:image:width\" content=\"950\" \/>\n\t<meta property=\"og:image:height\" content=\"657\" \/>\n\t<meta property=\"og:image:type\" content=\"image\/jpeg\" \/>\n<meta name=\"twitter:card\" content=\"summary_large_image\" \/>\n<meta name=\"twitter:label1\" content=\"Tiempo de lectura\" \/>\n\t<meta name=\"twitter:data1\" content=\"5 minutos\" \/>\n<script type=\"application\/ld+json\" class=\"yoast-schema-graph\">{\"@context\":\"https:\\\/\\\/schema.org\",\"@graph\":[{\"@type\":\"WebPage\",\"@id\":\"https:\\\/\\\/dataprius.com\\\/blog\\\/servidor-de-archivos-para-empresas-en-cloud-trabajo-con-ficheros\\\/\",\"url\":\"https:\\\/\\\/dataprius.com\\\/blog\\\/servidor-de-archivos-para-empresas-en-cloud-trabajo-con-ficheros\\\/\",\"name\":\"Servidor de archivos para empresas en Cloud. Trabajo con ficheros\",\"isPartOf\":{\"@id\":\"https:\\\/\\\/dataprius.com\\\/blog\\\/#website\"},\"primaryImageOfPage\":{\"@id\":\"https:\\\/\\\/dataprius.com\\\/blog\\\/servidor-de-archivos-para-empresas-en-cloud-trabajo-con-ficheros\\\/#primaryimage\"},\"image\":{\"@id\":\"https:\\\/\\\/dataprius.com\\\/blog\\\/servidor-de-archivos-para-empresas-en-cloud-trabajo-con-ficheros\\\/#primaryimage\"},\"thumbnailUrl\":\"https:\\\/\\\/dataprius.com\\\/blog\\\/wp-content\\\/uploads\\\/2022\\\/07\\\/servidor-de-archivos.jpg\",\"datePublished\":\"2022-07-27T17:56:12+00:00\",\"dateModified\":\"2025-08-11T11:00:13+00:00\",\"description\":\"Un servidor de archivos en la empresa, soluci\u00f3n ampliamente utilizada por todo tipo de organizaciones. Ahora en Cloud y con m\u00e1s prestaciones.\",\"breadcrumb\":{\"@id\":\"https:\\\/\\\/dataprius.com\\\/blog\\\/servidor-de-archivos-para-empresas-en-cloud-trabajo-con-ficheros\\\/#breadcrumb\"},\"inLanguage\":\"es\",\"potentialAction\":[{\"@type\":\"ReadAction\",\"target\":[\"https:\\\/\\\/dataprius.com\\\/blog\\\/servidor-de-archivos-para-empresas-en-cloud-trabajo-con-ficheros\\\/\"]}]},{\"@type\":\"ImageObject\",\"inLanguage\":\"es\",\"@id\":\"https:\\\/\\\/dataprius.com\\\/blog\\\/servidor-de-archivos-para-empresas-en-cloud-trabajo-con-ficheros\\\/#primaryimage\",\"url\":\"https:\\\/\\\/dataprius.com\\\/blog\\\/wp-content\\\/uploads\\\/2022\\\/07\\\/servidor-de-archivos.jpg\",\"contentUrl\":\"https:\\\/\\\/dataprius.com\\\/blog\\\/wp-content\\\/uploads\\\/2022\\\/07\\\/servidor-de-archivos.jpg\",\"width\":950,\"height\":657},{\"@type\":\"BreadcrumbList\",\"@id\":\"https:\\\/\\\/dataprius.com\\\/blog\\\/servidor-de-archivos-para-empresas-en-cloud-trabajo-con-ficheros\\\/#breadcrumb\",\"itemListElement\":[{\"@type\":\"ListItem\",\"position\":1,\"name\":\"Portada\",\"item\":\"https:\\\/\\\/dataprius.com\\\/blog\\\/\"},{\"@type\":\"ListItem\",\"position\":2,\"name\":\"Servidor de archivos para empresas en Cloud. Trabajo con documentos\"}]},{\"@type\":\"WebSite\",\"@id\":\"https:\\\/\\\/dataprius.com\\\/blog\\\/#website\",\"url\":\"https:\\\/\\\/dataprius.com\\\/blog\\\/\",\"name\":\"Blog Dataprius\",\"description\":\"Blog sobre almacenamiento y trabajo con archivos en la Nube. Sistemas en cloud.\",\"publisher\":{\"@id\":\"https:\\\/\\\/dataprius.com\\\/blog\\\/#organization\"},\"potentialAction\":[{\"@type\":\"SearchAction\",\"target\":{\"@type\":\"EntryPoint\",\"urlTemplate\":\"https:\\\/\\\/dataprius.com\\\/blog\\\/?s={search_term_string}\"},\"query-input\":{\"@type\":\"PropertyValueSpecification\",\"valueRequired\":true,\"valueName\":\"search_term_string\"}}],\"inLanguage\":\"es\"},{\"@type\":\"Organization\",\"@id\":\"https:\\\/\\\/dataprius.com\\\/blog\\\/#organization\",\"name\":\"Blog Dataprius\",\"url\":\"https:\\\/\\\/dataprius.com\\\/blog\\\/\",\"logo\":{\"@type\":\"ImageObject\",\"inLanguage\":\"es\",\"@id\":\"https:\\\/\\\/dataprius.com\\\/blog\\\/#\\\/schema\\\/logo\\\/image\\\/\",\"url\":\"https:\\\/\\\/dataprius.com\\\/blog\\\/wp-content\\\/uploads\\\/2025\\\/07\\\/quality-logo-dataprius-70.png\",\"contentUrl\":\"https:\\\/\\\/dataprius.com\\\/blog\\\/wp-content\\\/uploads\\\/2025\\\/07\\\/quality-logo-dataprius-70.png\",\"width\":70,\"height\":70,\"caption\":\"Blog Dataprius\"},\"image\":{\"@id\":\"https:\\\/\\\/dataprius.com\\\/blog\\\/#\\\/schema\\\/logo\\\/image\\\/\"}}]}<\/script>\n<!-- \/ Yoast SEO plugin. -->","yoast_head_json":{"title":"Servidor de archivos para empresas en Cloud. Trabajo con ficheros","description":"Un servidor de archivos en la empresa, soluci\u00f3n ampliamente utilizada por todo tipo de organizaciones. Ahora en Cloud y con m\u00e1s prestaciones.","robots":{"index":"index","follow":"follow","max-snippet":"max-snippet:-1","max-image-preview":"max-image-preview:large","max-video-preview":"max-video-preview:-1"},"canonical":"https:\/\/dataprius.com\/blog\/servidor-de-archivos-para-empresas-en-cloud-trabajo-con-ficheros\/","og_locale":"es_ES","og_type":"article","og_title":"Servidor de archivos para empresas en Cloud. Trabajo con ficheros","og_description":"Un servidor de archivos en la empresa, soluci\u00f3n ampliamente utilizada por todo tipo de organizaciones. Ahora en Cloud y con m\u00e1s prestaciones.","og_url":"https:\/\/dataprius.com\/blog\/servidor-de-archivos-para-empresas-en-cloud-trabajo-con-ficheros\/","og_site_name":"Blog Dataprius","article_modified_time":"2025-08-11T11:00:13+00:00","og_image":[{"width":950,"height":657,"url":"https:\/\/dataprius.com\/blog\/wp-content\/uploads\/2022\/07\/servidor-de-archivos.jpg","type":"image\/jpeg"}],"twitter_card":"summary_large_image","twitter_misc":{"Tiempo de lectura":"5 minutos"},"schema":{"@context":"https:\/\/schema.org","@graph":[{"@type":"WebPage","@id":"https:\/\/dataprius.com\/blog\/servidor-de-archivos-para-empresas-en-cloud-trabajo-con-ficheros\/","url":"https:\/\/dataprius.com\/blog\/servidor-de-archivos-para-empresas-en-cloud-trabajo-con-ficheros\/","name":"Servidor de archivos para empresas en Cloud. Trabajo con ficheros","isPartOf":{"@id":"https:\/\/dataprius.com\/blog\/#website"},"primaryImageOfPage":{"@id":"https:\/\/dataprius.com\/blog\/servidor-de-archivos-para-empresas-en-cloud-trabajo-con-ficheros\/#primaryimage"},"image":{"@id":"https:\/\/dataprius.com\/blog\/servidor-de-archivos-para-empresas-en-cloud-trabajo-con-ficheros\/#primaryimage"},"thumbnailUrl":"https:\/\/dataprius.com\/blog\/wp-content\/uploads\/2022\/07\/servidor-de-archivos.jpg","datePublished":"2022-07-27T17:56:12+00:00","dateModified":"2025-08-11T11:00:13+00:00","description":"Un servidor de archivos en la empresa, soluci\u00f3n ampliamente utilizada por todo tipo de organizaciones. Ahora en Cloud y con m\u00e1s prestaciones.","breadcrumb":{"@id":"https:\/\/dataprius.com\/blog\/servidor-de-archivos-para-empresas-en-cloud-trabajo-con-ficheros\/#breadcrumb"},"inLanguage":"es","potentialAction":[{"@type":"ReadAction","target":["https:\/\/dataprius.com\/blog\/servidor-de-archivos-para-empresas-en-cloud-trabajo-con-ficheros\/"]}]},{"@type":"ImageObject","inLanguage":"es","@id":"https:\/\/dataprius.com\/blog\/servidor-de-archivos-para-empresas-en-cloud-trabajo-con-ficheros\/#primaryimage","url":"https:\/\/dataprius.com\/blog\/wp-content\/uploads\/2022\/07\/servidor-de-archivos.jpg","contentUrl":"https:\/\/dataprius.com\/blog\/wp-content\/uploads\/2022\/07\/servidor-de-archivos.jpg","width":950,"height":657},{"@type":"BreadcrumbList","@id":"https:\/\/dataprius.com\/blog\/servidor-de-archivos-para-empresas-en-cloud-trabajo-con-ficheros\/#breadcrumb","itemListElement":[{"@type":"ListItem","position":1,"name":"Portada","item":"https:\/\/dataprius.com\/blog\/"},{"@type":"ListItem","position":2,"name":"Servidor de archivos para empresas en Cloud. Trabajo con documentos"}]},{"@type":"WebSite","@id":"https:\/\/dataprius.com\/blog\/#website","url":"https:\/\/dataprius.com\/blog\/","name":"Blog Dataprius","description":"Blog sobre almacenamiento y trabajo con archivos en la Nube. Sistemas en cloud.","publisher":{"@id":"https:\/\/dataprius.com\/blog\/#organization"},"potentialAction":[{"@type":"SearchAction","target":{"@type":"EntryPoint","urlTemplate":"https:\/\/dataprius.com\/blog\/?s={search_term_string}"},"query-input":{"@type":"PropertyValueSpecification","valueRequired":true,"valueName":"search_term_string"}}],"inLanguage":"es"},{"@type":"Organization","@id":"https:\/\/dataprius.com\/blog\/#organization","name":"Blog Dataprius","url":"https:\/\/dataprius.com\/blog\/","logo":{"@type":"ImageObject","inLanguage":"es","@id":"https:\/\/dataprius.com\/blog\/#\/schema\/logo\/image\/","url":"https:\/\/dataprius.com\/blog\/wp-content\/uploads\/2025\/07\/quality-logo-dataprius-70.png","contentUrl":"https:\/\/dataprius.com\/blog\/wp-content\/uploads\/2025\/07\/quality-logo-dataprius-70.png","width":70,"height":70,"caption":"Blog Dataprius"},"image":{"@id":"https:\/\/dataprius.com\/blog\/#\/schema\/logo\/image\/"}}]}},"_links":{"self":[{"href":"https:\/\/dataprius.com\/blog\/wp-json\/wp\/v2\/pages\/20461","targetHints":{"allow":["GET"]}}],"collection":[{"href":"https:\/\/dataprius.com\/blog\/wp-json\/wp\/v2\/pages"}],"about":[{"href":"https:\/\/dataprius.com\/blog\/wp-json\/wp\/v2\/types\/page"}],"author":[{"embeddable":true,"href":"https:\/\/dataprius.com\/blog\/wp-json\/wp\/v2\/users\/1"}],"replies":[{"embeddable":true,"href":"https:\/\/dataprius.com\/blog\/wp-json\/wp\/v2\/comments?post=20461"}],"version-history":[{"count":1,"href":"https:\/\/dataprius.com\/blog\/wp-json\/wp\/v2\/pages\/20461\/revisions"}],"predecessor-version":[{"id":25236,"href":"https:\/\/dataprius.com\/blog\/wp-json\/wp\/v2\/pages\/20461\/revisions\/25236"}],"wp:featuredmedia":[{"embeddable":true,"href":"https:\/\/dataprius.com\/blog\/wp-json\/wp\/v2\/media\/20577"}],"wp:attachment":[{"href":"https:\/\/dataprius.com\/blog\/wp-json\/wp\/v2\/media?parent=20461"}],"curies":[{"name":"wp","href":"https:\/\/api.w.org\/{rel}","templated":true}]}}