{"id":22969,"date":"2024-08-02T12:34:04","date_gmt":"2024-08-02T10:34:04","guid":{"rendered":"https:\/\/blog.dataprius.com\/?page_id=22969"},"modified":"2024-08-02T12:34:04","modified_gmt":"2024-08-02T10:34:04","slug":"el-nuevo-software-para-distribuidores-dataprius","status":"publish","type":"page","link":"https:\/\/dataprius.com\/blog\/el-nuevo-software-para-distribuidores-dataprius\/","title":{"rendered":"El nuevo software para distribuidores Dataprius"},"content":{"rendered":"\n<p>El software para distribuidores de Dataprius, la aplicaci\u00f3n Dataprius Manager, ha sido mejorado. Asistimos al lanzamiento de una nueva versi\u00f3n.<\/p>\n\n\n\n<p>Mucho m\u00e1s f\u00e1cil e intuitivo, con una interfaz actualizada, la creaci\u00f3n de cuentas para clientes es muy sencilla.<\/p>\n\n\n\n<figure class=\"wp-block-image size-large has-custom-border\"><a href=\"https:\/\/dataprius.com\/blog\/wp-content\/uploads\/2024\/07\/dataprius-manager.jpg\"><img loading=\"lazy\" decoding=\"async\" width=\"1024\" height=\"546\" src=\"https:\/\/dataprius.com\/blog\/wp-content\/uploads\/2024\/07\/dataprius-manager-1024x546.jpg\" alt=\"Login distribuidor, software Dataprius Manager para distribuidores.\" class=\"wp-image-22992\" style=\"border-radius:12px\" srcset=\"https:\/\/dataprius.com\/blog\/wp-content\/uploads\/2024\/07\/dataprius-manager-1024x546.jpg 1024w, https:\/\/dataprius.com\/blog\/wp-content\/uploads\/2024\/07\/dataprius-manager-300x160.jpg 300w, https:\/\/dataprius.com\/blog\/wp-content\/uploads\/2024\/07\/dataprius-manager-768x409.jpg 768w, https:\/\/dataprius.com\/blog\/wp-content\/uploads\/2024\/07\/dataprius-manager.jpg 1100w\" sizes=\"auto, (max-width: 1024px) 100vw, 1024px\" \/><\/a><\/figure>\n\n\n\n<h2 class=\"wp-block-heading\">Gesti\u00f3n de las empresas cliente simplificada<\/h2>\n\n\n\n<p>Para facilitar las tareas se ha incorporado un men\u00fa en la zona izquierda.<\/p>\n\n\n\n<p>Haciendo click en \u00abCuentas\u00bb click tendremos la lista de empresas cliente.<br><\/p>\n\n\n\n<figure class=\"wp-block-image size-large has-custom-border\"><a href=\"https:\/\/dataprius.com\/blog\/wp-content\/uploads\/2024\/07\/listado-empresas-cliente-1.jpg\"><img loading=\"lazy\" decoding=\"async\" width=\"1024\" height=\"581\" src=\"https:\/\/dataprius.com\/blog\/wp-content\/uploads\/2024\/07\/listado-empresas-cliente-1-1024x581.jpg\" alt=\"Panel de clientes en el software Dataprius Manager para distribuidores.\" class=\"wp-image-22996\" style=\"border-radius:12px\" srcset=\"https:\/\/dataprius.com\/blog\/wp-content\/uploads\/2024\/07\/listado-empresas-cliente-1-1024x581.jpg 1024w, https:\/\/dataprius.com\/blog\/wp-content\/uploads\/2024\/07\/listado-empresas-cliente-1-300x170.jpg 300w, https:\/\/dataprius.com\/blog\/wp-content\/uploads\/2024\/07\/listado-empresas-cliente-1-768x435.jpg 768w, https:\/\/dataprius.com\/blog\/wp-content\/uploads\/2024\/07\/listado-empresas-cliente-1.jpg 1074w\" sizes=\"auto, (max-width: 1024px) 100vw, 1024px\" \/><\/a><\/figure>\n\n\n\n<p>La aplicaci\u00f3n ahora se adapta mucho mejor al modo en que trabajan los distribuidores.<\/p>\n\n\n\n<p>Por norma general, los clientes de nuestros distribuidores solicitan un per\u00edodo de pruebas del sistema. Despu\u00e9s, pasados unos d\u00edas la empresa cliente decide contratar.<\/p>\n\n\n\n<p>Teniendo en cuenta lo anterior, el proceso de alta de una nueva cuenta es m\u00e1s simple con la nuevas ventanas dise\u00f1adas para ese prop\u00f3sito. La cuenta cliente queda siempre operativa en el mismo instante tras su creaci\u00f3n.<\/p>\n\n\n\n<figure class=\"wp-block-image size-large is-resized has-custom-border\"><a href=\"https:\/\/dataprius.com\/blog\/wp-content\/uploads\/2024\/08\/distribuidor-dataprius-crear-cuenta.jpg\"><img loading=\"lazy\" decoding=\"async\" width=\"1024\" height=\"483\" src=\"https:\/\/dataprius.com\/blog\/wp-content\/uploads\/2024\/08\/distribuidor-dataprius-crear-cuenta-1024x483.jpg\" alt=\"Creaci\u00f3n de nueva cuenta en el software Dataprius Manager para distribuidores.\" class=\"wp-image-23093\" style=\"border-radius:12px;width:750px;height:auto\" srcset=\"https:\/\/dataprius.com\/blog\/wp-content\/uploads\/2024\/08\/distribuidor-dataprius-crear-cuenta-1024x483.jpg 1024w, https:\/\/dataprius.com\/blog\/wp-content\/uploads\/2024\/08\/distribuidor-dataprius-crear-cuenta-300x142.jpg 300w, https:\/\/dataprius.com\/blog\/wp-content\/uploads\/2024\/08\/distribuidor-dataprius-crear-cuenta-768x363.jpg 768w, https:\/\/dataprius.com\/blog\/wp-content\/uploads\/2024\/08\/distribuidor-dataprius-crear-cuenta.jpg 1235w\" sizes=\"auto, (max-width: 1024px) 100vw, 1024px\" \/><\/a><\/figure>\n\n\n\n<p>Tras la creaci\u00f3n de la cuenta podemos enviar el email de activaci\u00f3n al cliente. Tambi\u00e9n el email de contrataci\u00f3n que solicita los datos para facturarle.<\/p>\n\n\n\n<p>Siempre recomendamos que el distribuidor se de de alta como usuario t\u00e9cnico. El usuario t\u00e9cnico no tiene coste alguno. Es muy \u00fatil en el proceso de implantaci\u00f3n de Dataprius en la empresa.<\/p>\n\n\n\n<figure class=\"wp-block-image size-large has-custom-border\"><a href=\"https:\/\/dataprius.com\/blog\/wp-content\/uploads\/2024\/08\/empresa-cuenta-dataprius-distribuidor.jpg\"><img loading=\"lazy\" decoding=\"async\" width=\"1024\" height=\"545\" src=\"https:\/\/dataprius.com\/blog\/wp-content\/uploads\/2024\/08\/empresa-cuenta-dataprius-distribuidor-1024x545.jpg\" alt=\"Recursos y utilidades en la gesti\u00f3n de una cuenta cliente en el software Dataprius Manager para distribuidores.\" class=\"wp-image-23094\" style=\"border-radius:12px\" srcset=\"https:\/\/dataprius.com\/blog\/wp-content\/uploads\/2024\/08\/empresa-cuenta-dataprius-distribuidor-1024x545.jpg 1024w, https:\/\/dataprius.com\/blog\/wp-content\/uploads\/2024\/08\/empresa-cuenta-dataprius-distribuidor-300x160.jpg 300w, https:\/\/dataprius.com\/blog\/wp-content\/uploads\/2024\/08\/empresa-cuenta-dataprius-distribuidor-768x409.jpg 768w, https:\/\/dataprius.com\/blog\/wp-content\/uploads\/2024\/08\/empresa-cuenta-dataprius-distribuidor.jpg 1253w\" sizes=\"auto, (max-width: 1024px) 100vw, 1024px\" \/><\/a><\/figure>\n\n\n\n<p>Recordemos que todos los distribuidores de Dataprius siempre tienen dos opciones:<\/p>\n\n\n\n<ul class=\"wp-block-list\">\n<li>El cliente paga directamente al distribuidor.<\/li>\n\n\n\n<li>El cliente paga a Dataprius.<\/li>\n<\/ul>\n\n\n\n<p>Con esta nueva versi\u00f3n del software el departamento de administraci\u00f3n de Dataprius puede llevar un mejor seguimiento de las cuentas de los distribuidores. <\/p>\n\n\n\n<p>Esto es importante para estar al tanto de los pagos a realizar a los distribuidores y resolver cualquier duda o incidencia tanto de la facturaci\u00f3n como de la marcha del sistema con los clientes.<\/p>\n\n\n\n<p>En el caso en que los clientes pagan directamente a Dataprius es importante que el personal de Dataprius est\u00e9 al tanto de los pagos de los m\u00e1rgenes que le corresponden. Existe bastante flexibilidad y se realizan los abonos con la frecuencia que indica el distribuidor, se mantiene un contacto directo.<\/p>\n\n\n\n<h2 class=\"wp-block-heading\">Panel de empresa cliente<\/h2>\n\n\n\n<p>De un vistazo todos los recursos precios y costes de las cuentas de los clientes.<\/p>\n\n\n\n<p>Modificar las capacidades en Gbs, n\u00famero de usuarios u otras opciones es tan sencillo o m\u00e1s que antes.<\/p>\n\n\n\n<figure class=\"wp-block-image size-full has-custom-border\"><a href=\"https:\/\/dataprius.com\/blog\/wp-content\/uploads\/2024\/07\/panel-empresa.jpg\"><img loading=\"lazy\" decoding=\"async\" width=\"912\" height=\"714\" src=\"https:\/\/dataprius.com\/blog\/wp-content\/uploads\/2024\/07\/panel-empresa.jpg\" alt=\"Recursos asignados a cuenta cliente en el software Dataprius Manager para distribuidores.\" class=\"wp-image-22998\" style=\"border-radius:12px\" srcset=\"https:\/\/dataprius.com\/blog\/wp-content\/uploads\/2024\/07\/panel-empresa.jpg 912w, https:\/\/dataprius.com\/blog\/wp-content\/uploads\/2024\/07\/panel-empresa-300x235.jpg 300w, https:\/\/dataprius.com\/blog\/wp-content\/uploads\/2024\/07\/panel-empresa-768x601.jpg 768w\" sizes=\"auto, (max-width: 912px) 100vw, 912px\" \/><\/a><\/figure>\n\n\n\n<h2 class=\"wp-block-heading\">Recursos asignados al distribuidor<\/h2>\n\n\n\n<p>En esta nueva versi\u00f3n del software los recursos disponibles para asignar a los clientes est\u00e1n en una secci\u00f3n separada. <\/p>\n\n\n\n<p>La ampliaci\u00f3n de infraestructuras del sistema en Dataprius permite ahora otorgar a los distribuidores gran cantidad de recursos. No es una preocupaci\u00f3n quedarse corto en cuanto a los Gbs o usuarios que se pueden asignar a los clientes.<\/p>\n\n\n\n<figure class=\"wp-block-image size-large has-custom-border\"><a href=\"https:\/\/dataprius.com\/blog\/wp-content\/uploads\/2024\/08\/dataprius-distribuidor-recursos-cliente.jpg\"><img loading=\"lazy\" decoding=\"async\" width=\"1024\" height=\"483\" src=\"https:\/\/dataprius.com\/blog\/wp-content\/uploads\/2024\/08\/dataprius-distribuidor-recursos-cliente-1024x483.jpg\" alt=\"Recursos de distribuidor en el software Dataprius Manager para distribuidores.\" class=\"wp-image-23099\" style=\"border-radius:12px\" srcset=\"https:\/\/dataprius.com\/blog\/wp-content\/uploads\/2024\/08\/dataprius-distribuidor-recursos-cliente-1024x483.jpg 1024w, https:\/\/dataprius.com\/blog\/wp-content\/uploads\/2024\/08\/dataprius-distribuidor-recursos-cliente-300x142.jpg 300w, https:\/\/dataprius.com\/blog\/wp-content\/uploads\/2024\/08\/dataprius-distribuidor-recursos-cliente-768x362.jpg 768w, https:\/\/dataprius.com\/blog\/wp-content\/uploads\/2024\/08\/dataprius-distribuidor-recursos-cliente.jpg 1244w\" sizes=\"auto, (max-width: 1024px) 100vw, 1024px\" \/><\/a><\/figure>\n\n\n\n<h2 class=\"wp-block-heading\">Obtener la nueva versi\u00f3n de Dataprius Manager<\/h2>\n\n\n\n<p>Se est\u00e1 enviando a todos nuestros distribuidores un email informativo con la informaci\u00f3n de la nueva versi\u00f3n y el enlace de descarga.<\/p>\n\n\n\n<p>Al mismo tiempo en que se han realizado estos cambios, ya est\u00e1n en marcha planes para la mejora sustancial de los planes para distribuidores de Dataprius.<\/p>\n\n\n\n<p>Tambi\u00e9n, recientemente hemos publicado en nuestra web sobre las ventajas de ser distribuidor de Dataprius.<\/p>\n\n\n\n<ul class=\"wp-block-list\">\n<li><a href=\"https:\/\/dataprius.com\/dataprius-distribuidores-reseller.html\" target=\"_blank\" rel=\"noreferrer noopener\">Resellers y distribuidores Dataprius<\/a><\/li>\n<\/ul>\n","protected":false},"excerpt":{"rendered":"<p>El software para distribuidores de Dataprius, la aplicaci\u00f3n Dataprius Manager, ha sido mejorado. Asistimos al lanzamiento de una nueva versi\u00f3n. Mucho m\u00e1s f\u00e1cil e intuitivo, con una interfaz actualizada, la creaci\u00f3n de cuentas para clientes es muy sencilla. Gesti\u00f3n de las empresas cliente simplificada Para facilitar las tareas se ha incorporado un men\u00fa en la [&hellip;]<\/p>\n","protected":false},"author":1,"featured_media":22992,"parent":0,"menu_order":0,"comment_status":"closed","ping_status":"closed","template":"","meta":{"footnotes":""},"class_list":["post-22969","page","type-page","status-publish","has-post-thumbnail","hentry"],"blocksy_meta":[],"yoast_head":"<!-- This site is optimized with the Yoast SEO plugin v27.3 - https:\/\/yoast.com\/product\/yoast-seo-wordpress\/ -->\n<title>El nuevo software para distribuidores Dataprius<\/title>\n<meta name=\"description\" content=\"El software para distribuidores de Dataprius, la aplicaci\u00f3n Dataprius Manager, ha sido mejorado. Lanzamiento de una nueva versi\u00f3n.\" \/>\n<meta name=\"robots\" content=\"index, follow, max-snippet:-1, max-image-preview:large, max-video-preview:-1\" \/>\n<link rel=\"canonical\" href=\"https:\/\/dataprius.com\/blog\/el-nuevo-software-para-distribuidores-dataprius\/\" \/>\n<meta property=\"og:locale\" content=\"es_ES\" \/>\n<meta property=\"og:type\" content=\"article\" \/>\n<meta property=\"og:title\" content=\"El nuevo software para distribuidores Dataprius\" \/>\n<meta property=\"og:description\" content=\"El software para distribuidores de Dataprius, la aplicaci\u00f3n Dataprius Manager, ha sido mejorado. Lanzamiento de una nueva versi\u00f3n.\" \/>\n<meta property=\"og:url\" content=\"https:\/\/dataprius.com\/blog\/el-nuevo-software-para-distribuidores-dataprius\/\" \/>\n<meta property=\"og:site_name\" content=\"Blog Dataprius\" \/>\n<meta property=\"og:image\" content=\"https:\/\/dataprius.com\/blog\/wp-content\/uploads\/2024\/07\/dataprius-manager.jpg\" \/>\n\t<meta property=\"og:image:width\" content=\"1100\" \/>\n\t<meta property=\"og:image:height\" content=\"586\" \/>\n\t<meta property=\"og:image:type\" content=\"image\/jpeg\" \/>\n<meta name=\"twitter:card\" content=\"summary_large_image\" \/>\n<meta name=\"twitter:label1\" content=\"Tiempo de lectura\" \/>\n\t<meta name=\"twitter:data1\" content=\"4 minutos\" \/>\n<script type=\"application\/ld+json\" class=\"yoast-schema-graph\">{\"@context\":\"https:\\\/\\\/schema.org\",\"@graph\":[{\"@type\":\"WebPage\",\"@id\":\"https:\\\/\\\/dataprius.com\\\/blog\\\/el-nuevo-software-para-distribuidores-dataprius\\\/\",\"url\":\"https:\\\/\\\/dataprius.com\\\/blog\\\/el-nuevo-software-para-distribuidores-dataprius\\\/\",\"name\":\"El nuevo software para distribuidores Dataprius\",\"isPartOf\":{\"@id\":\"https:\\\/\\\/dataprius.com\\\/blog\\\/#website\"},\"primaryImageOfPage\":{\"@id\":\"https:\\\/\\\/dataprius.com\\\/blog\\\/el-nuevo-software-para-distribuidores-dataprius\\\/#primaryimage\"},\"image\":{\"@id\":\"https:\\\/\\\/dataprius.com\\\/blog\\\/el-nuevo-software-para-distribuidores-dataprius\\\/#primaryimage\"},\"thumbnailUrl\":\"https:\\\/\\\/dataprius.com\\\/blog\\\/wp-content\\\/uploads\\\/2024\\\/07\\\/dataprius-manager.jpg\",\"datePublished\":\"2024-08-02T10:34:04+00:00\",\"description\":\"El software para distribuidores de Dataprius, la aplicaci\u00f3n Dataprius Manager, ha sido mejorado. Lanzamiento de una nueva versi\u00f3n.\",\"breadcrumb\":{\"@id\":\"https:\\\/\\\/dataprius.com\\\/blog\\\/el-nuevo-software-para-distribuidores-dataprius\\\/#breadcrumb\"},\"inLanguage\":\"es\",\"potentialAction\":[{\"@type\":\"ReadAction\",\"target\":[\"https:\\\/\\\/dataprius.com\\\/blog\\\/el-nuevo-software-para-distribuidores-dataprius\\\/\"]}]},{\"@type\":\"ImageObject\",\"inLanguage\":\"es\",\"@id\":\"https:\\\/\\\/dataprius.com\\\/blog\\\/el-nuevo-software-para-distribuidores-dataprius\\\/#primaryimage\",\"url\":\"https:\\\/\\\/dataprius.com\\\/blog\\\/wp-content\\\/uploads\\\/2024\\\/07\\\/dataprius-manager.jpg\",\"contentUrl\":\"https:\\\/\\\/dataprius.com\\\/blog\\\/wp-content\\\/uploads\\\/2024\\\/07\\\/dataprius-manager.jpg\",\"width\":1100,\"height\":586},{\"@type\":\"BreadcrumbList\",\"@id\":\"https:\\\/\\\/dataprius.com\\\/blog\\\/el-nuevo-software-para-distribuidores-dataprius\\\/#breadcrumb\",\"itemListElement\":[{\"@type\":\"ListItem\",\"position\":1,\"name\":\"Portada\",\"item\":\"https:\\\/\\\/dataprius.com\\\/blog\\\/\"},{\"@type\":\"ListItem\",\"position\":2,\"name\":\"El nuevo software para distribuidores Dataprius\"}]},{\"@type\":\"WebSite\",\"@id\":\"https:\\\/\\\/dataprius.com\\\/blog\\\/#website\",\"url\":\"https:\\\/\\\/dataprius.com\\\/blog\\\/\",\"name\":\"Blog Dataprius\",\"description\":\"Blog sobre almacenamiento y trabajo con archivos en la Nube. Sistemas en cloud.\",\"publisher\":{\"@id\":\"https:\\\/\\\/dataprius.com\\\/blog\\\/#organization\"},\"potentialAction\":[{\"@type\":\"SearchAction\",\"target\":{\"@type\":\"EntryPoint\",\"urlTemplate\":\"https:\\\/\\\/dataprius.com\\\/blog\\\/?s={search_term_string}\"},\"query-input\":{\"@type\":\"PropertyValueSpecification\",\"valueRequired\":true,\"valueName\":\"search_term_string\"}}],\"inLanguage\":\"es\"},{\"@type\":\"Organization\",\"@id\":\"https:\\\/\\\/dataprius.com\\\/blog\\\/#organization\",\"name\":\"Blog Dataprius\",\"url\":\"https:\\\/\\\/dataprius.com\\\/blog\\\/\",\"logo\":{\"@type\":\"ImageObject\",\"inLanguage\":\"es\",\"@id\":\"https:\\\/\\\/dataprius.com\\\/blog\\\/#\\\/schema\\\/logo\\\/image\\\/\",\"url\":\"https:\\\/\\\/dataprius.com\\\/blog\\\/wp-content\\\/uploads\\\/2025\\\/07\\\/quality-logo-dataprius-70.png\",\"contentUrl\":\"https:\\\/\\\/dataprius.com\\\/blog\\\/wp-content\\\/uploads\\\/2025\\\/07\\\/quality-logo-dataprius-70.png\",\"width\":70,\"height\":70,\"caption\":\"Blog Dataprius\"},\"image\":{\"@id\":\"https:\\\/\\\/dataprius.com\\\/blog\\\/#\\\/schema\\\/logo\\\/image\\\/\"}}]}<\/script>\n<!-- \/ Yoast SEO plugin. -->","yoast_head_json":{"title":"El nuevo software para distribuidores Dataprius","description":"El software para distribuidores de Dataprius, la aplicaci\u00f3n Dataprius Manager, ha sido mejorado. Lanzamiento de una nueva versi\u00f3n.","robots":{"index":"index","follow":"follow","max-snippet":"max-snippet:-1","max-image-preview":"max-image-preview:large","max-video-preview":"max-video-preview:-1"},"canonical":"https:\/\/dataprius.com\/blog\/el-nuevo-software-para-distribuidores-dataprius\/","og_locale":"es_ES","og_type":"article","og_title":"El nuevo software para distribuidores Dataprius","og_description":"El software para distribuidores de Dataprius, la aplicaci\u00f3n Dataprius Manager, ha sido mejorado. Lanzamiento de una nueva versi\u00f3n.","og_url":"https:\/\/dataprius.com\/blog\/el-nuevo-software-para-distribuidores-dataprius\/","og_site_name":"Blog Dataprius","og_image":[{"width":1100,"height":586,"url":"https:\/\/dataprius.com\/blog\/wp-content\/uploads\/2024\/07\/dataprius-manager.jpg","type":"image\/jpeg"}],"twitter_card":"summary_large_image","twitter_misc":{"Tiempo de lectura":"4 minutos"},"schema":{"@context":"https:\/\/schema.org","@graph":[{"@type":"WebPage","@id":"https:\/\/dataprius.com\/blog\/el-nuevo-software-para-distribuidores-dataprius\/","url":"https:\/\/dataprius.com\/blog\/el-nuevo-software-para-distribuidores-dataprius\/","name":"El nuevo software para distribuidores Dataprius","isPartOf":{"@id":"https:\/\/dataprius.com\/blog\/#website"},"primaryImageOfPage":{"@id":"https:\/\/dataprius.com\/blog\/el-nuevo-software-para-distribuidores-dataprius\/#primaryimage"},"image":{"@id":"https:\/\/dataprius.com\/blog\/el-nuevo-software-para-distribuidores-dataprius\/#primaryimage"},"thumbnailUrl":"https:\/\/dataprius.com\/blog\/wp-content\/uploads\/2024\/07\/dataprius-manager.jpg","datePublished":"2024-08-02T10:34:04+00:00","description":"El software para distribuidores de Dataprius, la aplicaci\u00f3n Dataprius Manager, ha sido mejorado. Lanzamiento de una nueva versi\u00f3n.","breadcrumb":{"@id":"https:\/\/dataprius.com\/blog\/el-nuevo-software-para-distribuidores-dataprius\/#breadcrumb"},"inLanguage":"es","potentialAction":[{"@type":"ReadAction","target":["https:\/\/dataprius.com\/blog\/el-nuevo-software-para-distribuidores-dataprius\/"]}]},{"@type":"ImageObject","inLanguage":"es","@id":"https:\/\/dataprius.com\/blog\/el-nuevo-software-para-distribuidores-dataprius\/#primaryimage","url":"https:\/\/dataprius.com\/blog\/wp-content\/uploads\/2024\/07\/dataprius-manager.jpg","contentUrl":"https:\/\/dataprius.com\/blog\/wp-content\/uploads\/2024\/07\/dataprius-manager.jpg","width":1100,"height":586},{"@type":"BreadcrumbList","@id":"https:\/\/dataprius.com\/blog\/el-nuevo-software-para-distribuidores-dataprius\/#breadcrumb","itemListElement":[{"@type":"ListItem","position":1,"name":"Portada","item":"https:\/\/dataprius.com\/blog\/"},{"@type":"ListItem","position":2,"name":"El nuevo software para distribuidores Dataprius"}]},{"@type":"WebSite","@id":"https:\/\/dataprius.com\/blog\/#website","url":"https:\/\/dataprius.com\/blog\/","name":"Blog Dataprius","description":"Blog sobre almacenamiento y trabajo con archivos en la Nube. Sistemas en cloud.","publisher":{"@id":"https:\/\/dataprius.com\/blog\/#organization"},"potentialAction":[{"@type":"SearchAction","target":{"@type":"EntryPoint","urlTemplate":"https:\/\/dataprius.com\/blog\/?s={search_term_string}"},"query-input":{"@type":"PropertyValueSpecification","valueRequired":true,"valueName":"search_term_string"}}],"inLanguage":"es"},{"@type":"Organization","@id":"https:\/\/dataprius.com\/blog\/#organization","name":"Blog Dataprius","url":"https:\/\/dataprius.com\/blog\/","logo":{"@type":"ImageObject","inLanguage":"es","@id":"https:\/\/dataprius.com\/blog\/#\/schema\/logo\/image\/","url":"https:\/\/dataprius.com\/blog\/wp-content\/uploads\/2025\/07\/quality-logo-dataprius-70.png","contentUrl":"https:\/\/dataprius.com\/blog\/wp-content\/uploads\/2025\/07\/quality-logo-dataprius-70.png","width":70,"height":70,"caption":"Blog Dataprius"},"image":{"@id":"https:\/\/dataprius.com\/blog\/#\/schema\/logo\/image\/"}}]}},"_links":{"self":[{"href":"https:\/\/dataprius.com\/blog\/wp-json\/wp\/v2\/pages\/22969","targetHints":{"allow":["GET"]}}],"collection":[{"href":"https:\/\/dataprius.com\/blog\/wp-json\/wp\/v2\/pages"}],"about":[{"href":"https:\/\/dataprius.com\/blog\/wp-json\/wp\/v2\/types\/page"}],"author":[{"embeddable":true,"href":"https:\/\/dataprius.com\/blog\/wp-json\/wp\/v2\/users\/1"}],"replies":[{"embeddable":true,"href":"https:\/\/dataprius.com\/blog\/wp-json\/wp\/v2\/comments?post=22969"}],"version-history":[{"count":0,"href":"https:\/\/dataprius.com\/blog\/wp-json\/wp\/v2\/pages\/22969\/revisions"}],"wp:featuredmedia":[{"embeddable":true,"href":"https:\/\/dataprius.com\/blog\/wp-json\/wp\/v2\/media\/22992"}],"wp:attachment":[{"href":"https:\/\/dataprius.com\/blog\/wp-json\/wp\/v2\/media?parent=22969"}],"curies":[{"name":"wp","href":"https:\/\/api.w.org\/{rel}","templated":true}]}}