{"id":23520,"date":"2024-12-20T18:17:54","date_gmt":"2024-12-20T17:17:54","guid":{"rendered":"https:\/\/blog.dataprius.com\/?page_id=23520"},"modified":"2024-12-20T18:17:54","modified_gmt":"2024-12-20T17:17:54","slug":"que-es-dataprius-el-sistema-de-almacenamiento-en-la-nube-definitivo","status":"publish","type":"page","link":"https:\/\/dataprius.com\/blog\/que-es-dataprius-el-sistema-de-almacenamiento-en-la-nube-definitivo\/","title":{"rendered":"\u00bfQu\u00e9 es Dataprius? El sistema de almacenamiento en la nube definitivo."},"content":{"rendered":"\n<p>Dataprius es una Intranet de archivos para empresas en la nube; un sistema seguro de almacenamiento de datos y trabajo online, dise\u00f1ado para optimizar la gesti\u00f3n de documentos en el \u00e1mbito corporativo.<\/p>\n\n\n\n<p>Con <a href=\"https:\/\/dataprius.com\">Dataprius<\/a>, la empresa puede almacenar sus archivos en la nube, editarlos de forma colaborativa en l\u00ednea, en tiempo real, con otros usuarios que se invitan. Tambi\u00e9n se pueden crear permisos de acceso a carpetas y archivos, para trabajadores y clientes, con total control y en solo un par de clics.<\/p>\n\n\n\n<div class=\"wp-block-columns is-layout-flex wp-container-core-columns-is-layout-28f84493 wp-block-columns-is-layout-flex\">\n<div class=\"wp-block-column is-layout-flow wp-block-column-is-layout-flow\">\n<figure class=\"wp-block-image aligncenter size-full is-resized\"><a href=\"https:\/\/dataprius.com\/blog\/wp-content\/uploads\/2024\/12\/icono-cloud-files.png\"><img loading=\"lazy\" decoding=\"async\" width=\"324\" height=\"313\" src=\"https:\/\/dataprius.com\/blog\/wp-content\/uploads\/2024\/12\/icono-cloud-files.png\" alt=\"\" class=\"wp-image-23579\" style=\"width:auto;height:200px\" srcset=\"https:\/\/dataprius.com\/blog\/wp-content\/uploads\/2024\/12\/icono-cloud-files.png 324w, https:\/\/dataprius.com\/blog\/wp-content\/uploads\/2024\/12\/icono-cloud-files-300x290.png 300w\" sizes=\"auto, (max-width: 324px) 100vw, 324px\" \/><\/a><\/figure>\n<\/div>\n\n\n\n<div class=\"wp-block-column is-layout-flow wp-block-column-is-layout-flow\">\n<figure class=\"wp-block-image size-full is-resized\"><a href=\"https:\/\/dataprius.com\/blog\/wp-content\/uploads\/2024\/12\/icono-cloud-network.png\"><img loading=\"lazy\" decoding=\"async\" width=\"308\" height=\"317\" src=\"https:\/\/dataprius.com\/blog\/wp-content\/uploads\/2024\/12\/icono-cloud-network.png\" alt=\"\" class=\"wp-image-23580\" style=\"width:auto;height:200px\" srcset=\"https:\/\/dataprius.com\/blog\/wp-content\/uploads\/2024\/12\/icono-cloud-network.png 308w, https:\/\/dataprius.com\/blog\/wp-content\/uploads\/2024\/12\/icono-cloud-network-291x300.png 291w\" sizes=\"auto, (max-width: 308px) 100vw, 308px\" \/><\/a><\/figure>\n<\/div>\n<\/div>\n\n\n\n<h2 class=\"wp-block-heading\" style=\"margin-bottom:var(--wp--preset--spacing--60)\"><strong>M\u00e1s all\u00e1 de un almacenamiento en la nube<\/strong><\/h2>\n\n\n\n<p>Esta plataforma, no copia los archivos en ning\u00fan otro dispositivo, almacena de forma centralizada esta informaci\u00f3n, por duplicado, en servidores separados geogr\u00e1ficamente, dentro de la Uni\u00f3n Europea.<\/p>\n\n\n\n<p>M\u00e1s all\u00e1 de ser un sitema de almacenamiento en el cloud, <a href=\"https:\/\/dataprius.com\/caracteristicas-software-nube-dataprius.html\">Dataprius<\/a> es una plataforma para el trabajo de las empresas, directo o en remoto, donde crear proyectos, repositorios, y espacios de comunicaci\u00f3n con los clientes. La aplicaci\u00f3n de Dataprius se convierte, en el centro de almacenamiento de la empresa. A ella podemos acceder desde el m\u00f3vil, enlaces web que nosotros mismos creamos o la propia aplicaci\u00f3n.<\/p>\n\n\n\n<figure class=\"wp-block-image aligncenter size-full is-resized\"><a href=\"https:\/\/dataprius.com\/blog\/wp-content\/uploads\/2024\/12\/icono-cloud-database.png\"><img loading=\"lazy\" decoding=\"async\" width=\"372\" height=\"336\" src=\"https:\/\/dataprius.com\/blog\/wp-content\/uploads\/2024\/12\/icono-cloud-database.png\" alt=\"\" class=\"wp-image-23584\" style=\"width:auto;height:260px\" srcset=\"https:\/\/dataprius.com\/blog\/wp-content\/uploads\/2024\/12\/icono-cloud-database.png 372w, https:\/\/dataprius.com\/blog\/wp-content\/uploads\/2024\/12\/icono-cloud-database-300x271.png 300w\" sizes=\"auto, (max-width: 372px) 100vw, 372px\" \/><\/a><\/figure>\n\n\n\n<h2 class=\"wp-block-heading\" style=\"margin-bottom:var(--wp--preset--spacing--60)\"><strong>Sistema centralizado<\/strong><\/h2>\n\n\n\n<div class=\"wp-block-columns is-layout-flex wp-container-core-columns-is-layout-28f84493 wp-block-columns-is-layout-flex\">\n<div class=\"wp-block-column has-palette-color-6-background-color has-background is-layout-flow wp-container-core-column-is-layout-96d94fa1 wp-block-column-is-layout-flow\" style=\"padding-top:0;padding-right:var(--wp--preset--spacing--30);padding-bottom:0;padding-left:var(--wp--preset--spacing--30)\">\n<p class=\"has-text-align-left\" style=\"margin-top:var(--wp--preset--spacing--40);margin-right:var(--wp--preset--spacing--20);margin-bottom:var(--wp--preset--spacing--40);margin-left:var(--wp--preset--spacing--20)\">No necesitamos tener los archivos duplicados en m\u00faltiples dispositivos: toda la informaci\u00f3n est\u00e1 disponible en todo momento, de forma centralizada, ordenada y categorizada.<\/p>\n<\/div>\n\n\n\n<div class=\"wp-block-column has-palette-color-6-background-color has-background is-layout-flow wp-block-column-is-layout-flow\" style=\"padding-right:var(--wp--preset--spacing--30);padding-left:var(--wp--preset--spacing--30)\">\n<p style=\"margin-top:var(--wp--preset--spacing--40);margin-right:var(--wp--preset--spacing--30);margin-bottom:var(--wp--preset--spacing--30);margin-left:var(--wp--preset--spacing--30)\">La empresa puede tambi\u00e9n crear espacios, con los trabajadores que elija, donde se puede colaborar, editar, ordenar y comentar, en tiempo real, todo tipo de documentos de la suite de Office.<\/p>\n<\/div>\n\n\n\n<div class=\"wp-block-column has-palette-color-6-background-color has-background is-layout-flow wp-container-core-column-is-layout-7d201a3d wp-block-column-is-layout-flow\" style=\"padding-right:var(--wp--preset--spacing--20);padding-left:var(--wp--preset--spacing--20)\">\n<p style=\"margin-top:var(--wp--preset--spacing--40);margin-right:var(--wp--preset--spacing--30);margin-left:var(--wp--preset--spacing--30)\">Mientras esto se hace, se va creando un repositorio ordenado de documentos, as\u00ed como un historial de los archivos utilizados.<\/p>\n<\/div>\n<\/div>\n\n\n\n<div style=\"height:22px\" aria-hidden=\"true\" class=\"wp-block-spacer\"><\/div>\n\n\n\n<div class=\"wp-block-columns is-layout-flex wp-container-core-columns-is-layout-28f84493 wp-block-columns-is-layout-flex\">\n<div class=\"wp-block-column is-layout-flow wp-block-column-is-layout-flow\">\n<p>Todo esto, m\u00e1s otras muchas funcionalidades, es Dataprius. Almacenamiento de archivos en la nube, dise\u00f1ado para resolver los problemas de empresa, con posibilidad de tener una multitud de usuarios online, de forma colaborativa y estructurada.<\/p>\n<\/div>\n\n\n\n<div class=\"wp-block-column is-layout-flow wp-block-column-is-layout-flow\">\n<figure class=\"wp-block-image aligncenter size-full is-resized\"><a href=\"https:\/\/dataprius.com\/blog\/wp-content\/uploads\/2024\/12\/icono-cloud-app.png\"><img loading=\"lazy\" decoding=\"async\" width=\"336\" height=\"301\" src=\"https:\/\/dataprius.com\/blog\/wp-content\/uploads\/2024\/12\/icono-cloud-app.png\" alt=\"\" class=\"wp-image-23599\" style=\"width:auto;height:260px\" srcset=\"https:\/\/dataprius.com\/blog\/wp-content\/uploads\/2024\/12\/icono-cloud-app.png 336w, https:\/\/dataprius.com\/blog\/wp-content\/uploads\/2024\/12\/icono-cloud-app-300x269.png 300w\" sizes=\"auto, (max-width: 336px) 100vw, 336px\" \/><\/a><\/figure>\n<\/div>\n<\/div>\n\n\n\n<p>Piensa ahora que a parte de todo esto, tus datos y los de tus clientes almacenados en la nube, estar\u00e1n cumpliendo con el marco legal que establece la Uni\u00f3n Europea: el Reglamento General de Protecci\u00f3n de Datos (GDPR).<\/p>\n\n\n\n<h2 class=\"wp-block-heading\" style=\"margin-top:var(--wp--preset--spacing--20);margin-bottom:var(--wp--preset--spacing--60)\"><strong>Documentos almacenados protegidos y accesibles<\/strong><\/h2>\n\n\n\n<div class=\"wp-block-columns is-layout-flex wp-container-core-columns-is-layout-28f84493 wp-block-columns-is-layout-flex\">\n<div class=\"wp-block-column is-layout-flow wp-block-column-is-layout-flow\">\n<figure class=\"wp-block-image aligncenter size-full is-resized\"><a href=\"https:\/\/dataprius.com\/blog\/wp-content\/uploads\/2024\/12\/icono-cloud-storage.png\"><img loading=\"lazy\" decoding=\"async\" width=\"296\" height=\"313\" src=\"https:\/\/dataprius.com\/blog\/wp-content\/uploads\/2024\/12\/icono-cloud-storage.png\" alt=\"\" class=\"wp-image-23587\" style=\"width:auto;height:300px\" srcset=\"https:\/\/dataprius.com\/blog\/wp-content\/uploads\/2024\/12\/icono-cloud-storage.png 296w, https:\/\/dataprius.com\/blog\/wp-content\/uploads\/2024\/12\/icono-cloud-storage-284x300.png 284w\" sizes=\"auto, (max-width: 296px) 100vw, 296px\" \/><\/a><\/figure>\n\n\n\n<p><\/p>\n<\/div>\n\n\n\n<div class=\"wp-block-column is-layout-flow wp-block-column-is-layout-flow\">\n<p>Dataprius es una Intranet avanzada, una red corporativa y privada de archivos compartidos.<\/p>\n\n\n\n<p>La Nube puede mantener los archivos de la empresa almacenados, protegidos y disponibles para su uso de forma directa, sin necesidad de disco duro virtual.<\/p>\n<\/div>\n<\/div>\n\n\n\n<h2 class=\"wp-block-heading\" style=\"margin-top:var(--wp--preset--spacing--20);margin-bottom:var(--wp--preset--spacing--60)\"><strong>No basado en la sincronizaci\u00f3n<\/strong><\/h2>\n\n\n\n<p>El sistema almacena los documentos sin contacto con carpetas locales, sin guardarse en los ordenadores de los usuarios, y sin necesidad de mantener copias en el ordenador de cada usuario.<\/p>\n\n\n\n<div class=\"wp-block-columns is-layout-flex wp-container-core-columns-is-layout-28f84493 wp-block-columns-is-layout-flex\">\n<div class=\"wp-block-column is-layout-flow wp-block-column-is-layout-flow\">\n<p>Al ser un sistema de almacenamiento en la nube que no se basa en la sincronizaci\u00f3n, no produce conflictos de archivos ni sobreescrituras. El usuario responsable, tiene el control total de qu\u00e9 archivos y carpetas se sincronizan en cada momento, de forma f\u00e1cil, r\u00e1pida y reversible.<\/p>\n<\/div>\n\n\n\n<div class=\"wp-block-column is-layout-flow wp-block-column-is-layout-flow\">\n<figure class=\"wp-block-image aligncenter size-full is-resized\"><a href=\"https:\/\/dataprius.com\/blog\/wp-content\/uploads\/2024\/12\/icono-cloud-secure.png\"><img loading=\"lazy\" decoding=\"async\" width=\"316\" height=\"281\" src=\"https:\/\/dataprius.com\/blog\/wp-content\/uploads\/2024\/12\/icono-cloud-secure.png\" alt=\"\" class=\"wp-image-23593\" style=\"width:auto;height:260px\" srcset=\"https:\/\/dataprius.com\/blog\/wp-content\/uploads\/2024\/12\/icono-cloud-secure.png 316w, https:\/\/dataprius.com\/blog\/wp-content\/uploads\/2024\/12\/icono-cloud-secure-300x267.png 300w\" sizes=\"auto, (max-width: 316px) 100vw, 316px\" \/><\/a><\/figure>\n\n\n\n<p><\/p>\n<\/div>\n<\/div>\n\n\n\n<p>Los archivos no quedan replicados en los dispositivos de los usuarios, as\u00ed se reducen los riesgos de seguridad. Tambi\u00e9n tiene una implementaci\u00f3n inmediata, gracias a su interfaz intuitiva y similar a los sistemas operativos de Windows. Cada empresa puede personalizar las aplicaciones con sus propios logotipos.<\/p>\n\n\n\n<h2 class=\"wp-block-heading\" style=\"margin-top:var(--wp--preset--spacing--20);margin-bottom:var(--wp--preset--spacing--60)\"><strong>La soluci\u00f3n para las empresas<\/strong><\/h2>\n\n\n\n<p>M\u00e1s de 12.000 empresas, en m\u00e1s en 30 pa\u00edses del mundo utilizan Dataprius. Con sede en Europa, Dataprius da soporte a compa\u00f1\u00edas en pa\u00edses tales como M\u00e9xico, Per\u00fa, Colombia, Chile o Argentina. Nuestros clientes cuentan con un manual de apoyo y servicio t\u00e9cnico disponible.<\/p>\n\n\n\n<p>Por todo esto, Dataprius es una soluci\u00f3n perfecta, muy aventajada de sus competidores, para grandes y peque\u00f1as empresas.<\/p>\n\n\n\n<p>Su dise\u00f1o y funcionalidad, permite ahorrar tiempo, asegura el control de la gesti\u00f3n de archivos, y a\u00f1ade capas de seguridad al almacenamiento de los documentos de la empresa.<\/p>\n\n\n\n<p>Esto es por lo que los clientes que prueban Dataprius, se quedan.<\/p>\n\n\n\n<p>Probar es sencillo, basta con descarga la versi\u00f3n gratuita <a href=\"https:\/\/dataprius.com\/descargas\">Dataprius Free<\/a><\/p>\n\n\n\n<p><\/p>\n","protected":false},"excerpt":{"rendered":"<p>Dataprius es una Intranet de archivos para empresas en la nube; un sistema seguro de almacenamiento de datos y trabajo online, dise\u00f1ado para optimizar la gesti\u00f3n de documentos en el \u00e1mbito corporativo. Con Dataprius, la empresa puede almacenar sus archivos en la nube, editarlos de forma colaborativa en l\u00ednea, en tiempo real, con otros usuarios [&hellip;]<\/p>\n","protected":false},"author":16,"featured_media":23617,"parent":0,"menu_order":0,"comment_status":"closed","ping_status":"closed","template":"","meta":{"footnotes":""},"class_list":["post-23520","page","type-page","status-publish","has-post-thumbnail","hentry"],"blocksy_meta":[],"yoast_head":"<!-- This site is optimized with the Yoast SEO plugin v27.3 - https:\/\/yoast.com\/product\/yoast-seo-wordpress\/ -->\n<title>\u00bfQu\u00e9 es Dataprius? El sistema de almacenamiento en la nube definitivo. - Blog Dataprius<\/title>\n<meta name=\"robots\" content=\"index, follow, max-snippet:-1, max-image-preview:large, max-video-preview:-1\" \/>\n<link rel=\"canonical\" href=\"https:\/\/dataprius.com\/blog\/que-es-dataprius-el-sistema-de-almacenamiento-en-la-nube-definitivo\/\" \/>\n<meta property=\"og:locale\" content=\"es_ES\" \/>\n<meta property=\"og:type\" content=\"article\" \/>\n<meta property=\"og:title\" content=\"\u00bfQu\u00e9 es Dataprius? El sistema de almacenamiento en la nube definitivo. - Blog Dataprius\" \/>\n<meta property=\"og:description\" content=\"Dataprius es una Intranet de archivos para empresas en la nube; un sistema seguro de almacenamiento de datos y trabajo online, dise\u00f1ado para optimizar la gesti\u00f3n de documentos en el \u00e1mbito corporativo. Con Dataprius, la empresa puede almacenar sus archivos en la nube, editarlos de forma colaborativa en l\u00ednea, en tiempo real, con otros usuarios [&hellip;]\" \/>\n<meta property=\"og:url\" content=\"https:\/\/dataprius.com\/blog\/que-es-dataprius-el-sistema-de-almacenamiento-en-la-nube-definitivo\/\" \/>\n<meta property=\"og:site_name\" content=\"Blog Dataprius\" \/>\n<meta property=\"og:image\" content=\"https:\/\/dataprius.com\/blog\/wp-content\/uploads\/2024\/12\/cloud-dataprius.jpg\" \/>\n\t<meta property=\"og:image:width\" content=\"900\" \/>\n\t<meta property=\"og:image:height\" content=\"756\" \/>\n\t<meta property=\"og:image:type\" content=\"image\/jpeg\" \/>\n<meta name=\"twitter:card\" content=\"summary_large_image\" \/>\n<meta name=\"twitter:label1\" content=\"Tiempo de lectura\" \/>\n\t<meta name=\"twitter:data1\" content=\"5 minutos\" \/>\n<script type=\"application\/ld+json\" class=\"yoast-schema-graph\">{\"@context\":\"https:\\\/\\\/schema.org\",\"@graph\":[{\"@type\":\"WebPage\",\"@id\":\"https:\\\/\\\/dataprius.com\\\/blog\\\/que-es-dataprius-el-sistema-de-almacenamiento-en-la-nube-definitivo\\\/\",\"url\":\"https:\\\/\\\/dataprius.com\\\/blog\\\/que-es-dataprius-el-sistema-de-almacenamiento-en-la-nube-definitivo\\\/\",\"name\":\"\u00bfQu\u00e9 es Dataprius? El sistema de almacenamiento en la nube definitivo. - Blog Dataprius\",\"isPartOf\":{\"@id\":\"https:\\\/\\\/dataprius.com\\\/blog\\\/#website\"},\"primaryImageOfPage\":{\"@id\":\"https:\\\/\\\/dataprius.com\\\/blog\\\/que-es-dataprius-el-sistema-de-almacenamiento-en-la-nube-definitivo\\\/#primaryimage\"},\"image\":{\"@id\":\"https:\\\/\\\/dataprius.com\\\/blog\\\/que-es-dataprius-el-sistema-de-almacenamiento-en-la-nube-definitivo\\\/#primaryimage\"},\"thumbnailUrl\":\"https:\\\/\\\/dataprius.com\\\/blog\\\/wp-content\\\/uploads\\\/2024\\\/12\\\/cloud-dataprius.jpg\",\"datePublished\":\"2024-12-20T17:17:54+00:00\",\"breadcrumb\":{\"@id\":\"https:\\\/\\\/dataprius.com\\\/blog\\\/que-es-dataprius-el-sistema-de-almacenamiento-en-la-nube-definitivo\\\/#breadcrumb\"},\"inLanguage\":\"es\",\"potentialAction\":[{\"@type\":\"ReadAction\",\"target\":[\"https:\\\/\\\/dataprius.com\\\/blog\\\/que-es-dataprius-el-sistema-de-almacenamiento-en-la-nube-definitivo\\\/\"]}]},{\"@type\":\"ImageObject\",\"inLanguage\":\"es\",\"@id\":\"https:\\\/\\\/dataprius.com\\\/blog\\\/que-es-dataprius-el-sistema-de-almacenamiento-en-la-nube-definitivo\\\/#primaryimage\",\"url\":\"https:\\\/\\\/dataprius.com\\\/blog\\\/wp-content\\\/uploads\\\/2024\\\/12\\\/cloud-dataprius.jpg\",\"contentUrl\":\"https:\\\/\\\/dataprius.com\\\/blog\\\/wp-content\\\/uploads\\\/2024\\\/12\\\/cloud-dataprius.jpg\",\"width\":900,\"height\":756},{\"@type\":\"BreadcrumbList\",\"@id\":\"https:\\\/\\\/dataprius.com\\\/blog\\\/que-es-dataprius-el-sistema-de-almacenamiento-en-la-nube-definitivo\\\/#breadcrumb\",\"itemListElement\":[{\"@type\":\"ListItem\",\"position\":1,\"name\":\"Portada\",\"item\":\"https:\\\/\\\/dataprius.com\\\/blog\\\/\"},{\"@type\":\"ListItem\",\"position\":2,\"name\":\"\u00bfQu\u00e9 es Dataprius? El sistema de almacenamiento en la nube definitivo.\"}]},{\"@type\":\"WebSite\",\"@id\":\"https:\\\/\\\/dataprius.com\\\/blog\\\/#website\",\"url\":\"https:\\\/\\\/dataprius.com\\\/blog\\\/\",\"name\":\"Blog Dataprius\",\"description\":\"Blog sobre almacenamiento y trabajo con archivos en la Nube. Sistemas en cloud.\",\"publisher\":{\"@id\":\"https:\\\/\\\/dataprius.com\\\/blog\\\/#organization\"},\"potentialAction\":[{\"@type\":\"SearchAction\",\"target\":{\"@type\":\"EntryPoint\",\"urlTemplate\":\"https:\\\/\\\/dataprius.com\\\/blog\\\/?s={search_term_string}\"},\"query-input\":{\"@type\":\"PropertyValueSpecification\",\"valueRequired\":true,\"valueName\":\"search_term_string\"}}],\"inLanguage\":\"es\"},{\"@type\":\"Organization\",\"@id\":\"https:\\\/\\\/dataprius.com\\\/blog\\\/#organization\",\"name\":\"Blog Dataprius\",\"url\":\"https:\\\/\\\/dataprius.com\\\/blog\\\/\",\"logo\":{\"@type\":\"ImageObject\",\"inLanguage\":\"es\",\"@id\":\"https:\\\/\\\/dataprius.com\\\/blog\\\/#\\\/schema\\\/logo\\\/image\\\/\",\"url\":\"https:\\\/\\\/dataprius.com\\\/blog\\\/wp-content\\\/uploads\\\/2025\\\/07\\\/quality-logo-dataprius-70.png\",\"contentUrl\":\"https:\\\/\\\/dataprius.com\\\/blog\\\/wp-content\\\/uploads\\\/2025\\\/07\\\/quality-logo-dataprius-70.png\",\"width\":70,\"height\":70,\"caption\":\"Blog Dataprius\"},\"image\":{\"@id\":\"https:\\\/\\\/dataprius.com\\\/blog\\\/#\\\/schema\\\/logo\\\/image\\\/\"}}]}<\/script>\n<!-- \/ Yoast SEO plugin. -->","yoast_head_json":{"title":"\u00bfQu\u00e9 es Dataprius? El sistema de almacenamiento en la nube definitivo. - Blog Dataprius","robots":{"index":"index","follow":"follow","max-snippet":"max-snippet:-1","max-image-preview":"max-image-preview:large","max-video-preview":"max-video-preview:-1"},"canonical":"https:\/\/dataprius.com\/blog\/que-es-dataprius-el-sistema-de-almacenamiento-en-la-nube-definitivo\/","og_locale":"es_ES","og_type":"article","og_title":"\u00bfQu\u00e9 es Dataprius? El sistema de almacenamiento en la nube definitivo. - Blog Dataprius","og_description":"Dataprius es una Intranet de archivos para empresas en la nube; un sistema seguro de almacenamiento de datos y trabajo online, dise\u00f1ado para optimizar la gesti\u00f3n de documentos en el \u00e1mbito corporativo. Con Dataprius, la empresa puede almacenar sus archivos en la nube, editarlos de forma colaborativa en l\u00ednea, en tiempo real, con otros usuarios [&hellip;]","og_url":"https:\/\/dataprius.com\/blog\/que-es-dataprius-el-sistema-de-almacenamiento-en-la-nube-definitivo\/","og_site_name":"Blog Dataprius","og_image":[{"width":900,"height":756,"url":"https:\/\/dataprius.com\/blog\/wp-content\/uploads\/2024\/12\/cloud-dataprius.jpg","type":"image\/jpeg"}],"twitter_card":"summary_large_image","twitter_misc":{"Tiempo de lectura":"5 minutos"},"schema":{"@context":"https:\/\/schema.org","@graph":[{"@type":"WebPage","@id":"https:\/\/dataprius.com\/blog\/que-es-dataprius-el-sistema-de-almacenamiento-en-la-nube-definitivo\/","url":"https:\/\/dataprius.com\/blog\/que-es-dataprius-el-sistema-de-almacenamiento-en-la-nube-definitivo\/","name":"\u00bfQu\u00e9 es Dataprius? El sistema de almacenamiento en la nube definitivo. - Blog Dataprius","isPartOf":{"@id":"https:\/\/dataprius.com\/blog\/#website"},"primaryImageOfPage":{"@id":"https:\/\/dataprius.com\/blog\/que-es-dataprius-el-sistema-de-almacenamiento-en-la-nube-definitivo\/#primaryimage"},"image":{"@id":"https:\/\/dataprius.com\/blog\/que-es-dataprius-el-sistema-de-almacenamiento-en-la-nube-definitivo\/#primaryimage"},"thumbnailUrl":"https:\/\/dataprius.com\/blog\/wp-content\/uploads\/2024\/12\/cloud-dataprius.jpg","datePublished":"2024-12-20T17:17:54+00:00","breadcrumb":{"@id":"https:\/\/dataprius.com\/blog\/que-es-dataprius-el-sistema-de-almacenamiento-en-la-nube-definitivo\/#breadcrumb"},"inLanguage":"es","potentialAction":[{"@type":"ReadAction","target":["https:\/\/dataprius.com\/blog\/que-es-dataprius-el-sistema-de-almacenamiento-en-la-nube-definitivo\/"]}]},{"@type":"ImageObject","inLanguage":"es","@id":"https:\/\/dataprius.com\/blog\/que-es-dataprius-el-sistema-de-almacenamiento-en-la-nube-definitivo\/#primaryimage","url":"https:\/\/dataprius.com\/blog\/wp-content\/uploads\/2024\/12\/cloud-dataprius.jpg","contentUrl":"https:\/\/dataprius.com\/blog\/wp-content\/uploads\/2024\/12\/cloud-dataprius.jpg","width":900,"height":756},{"@type":"BreadcrumbList","@id":"https:\/\/dataprius.com\/blog\/que-es-dataprius-el-sistema-de-almacenamiento-en-la-nube-definitivo\/#breadcrumb","itemListElement":[{"@type":"ListItem","position":1,"name":"Portada","item":"https:\/\/dataprius.com\/blog\/"},{"@type":"ListItem","position":2,"name":"\u00bfQu\u00e9 es Dataprius? El sistema de almacenamiento en la nube definitivo."}]},{"@type":"WebSite","@id":"https:\/\/dataprius.com\/blog\/#website","url":"https:\/\/dataprius.com\/blog\/","name":"Blog Dataprius","description":"Blog sobre almacenamiento y trabajo con archivos en la Nube. Sistemas en cloud.","publisher":{"@id":"https:\/\/dataprius.com\/blog\/#organization"},"potentialAction":[{"@type":"SearchAction","target":{"@type":"EntryPoint","urlTemplate":"https:\/\/dataprius.com\/blog\/?s={search_term_string}"},"query-input":{"@type":"PropertyValueSpecification","valueRequired":true,"valueName":"search_term_string"}}],"inLanguage":"es"},{"@type":"Organization","@id":"https:\/\/dataprius.com\/blog\/#organization","name":"Blog Dataprius","url":"https:\/\/dataprius.com\/blog\/","logo":{"@type":"ImageObject","inLanguage":"es","@id":"https:\/\/dataprius.com\/blog\/#\/schema\/logo\/image\/","url":"https:\/\/dataprius.com\/blog\/wp-content\/uploads\/2025\/07\/quality-logo-dataprius-70.png","contentUrl":"https:\/\/dataprius.com\/blog\/wp-content\/uploads\/2025\/07\/quality-logo-dataprius-70.png","width":70,"height":70,"caption":"Blog Dataprius"},"image":{"@id":"https:\/\/dataprius.com\/blog\/#\/schema\/logo\/image\/"}}]}},"_links":{"self":[{"href":"https:\/\/dataprius.com\/blog\/wp-json\/wp\/v2\/pages\/23520","targetHints":{"allow":["GET"]}}],"collection":[{"href":"https:\/\/dataprius.com\/blog\/wp-json\/wp\/v2\/pages"}],"about":[{"href":"https:\/\/dataprius.com\/blog\/wp-json\/wp\/v2\/types\/page"}],"author":[{"embeddable":true,"href":"https:\/\/dataprius.com\/blog\/wp-json\/wp\/v2\/users\/16"}],"replies":[{"embeddable":true,"href":"https:\/\/dataprius.com\/blog\/wp-json\/wp\/v2\/comments?post=23520"}],"version-history":[{"count":0,"href":"https:\/\/dataprius.com\/blog\/wp-json\/wp\/v2\/pages\/23520\/revisions"}],"wp:featuredmedia":[{"embeddable":true,"href":"https:\/\/dataprius.com\/blog\/wp-json\/wp\/v2\/media\/23617"}],"wp:attachment":[{"href":"https:\/\/dataprius.com\/blog\/wp-json\/wp\/v2\/media?parent=23520"}],"curies":[{"name":"wp","href":"https:\/\/api.w.org\/{rel}","templated":true}]}}