{"id":24801,"date":"2010-07-12T22:45:37","date_gmt":"2010-07-12T22:45:37","guid":{"rendered":"http:\/\/blog.dataprius.com\/?page_id=2"},"modified":"2025-08-11T12:44:27","modified_gmt":"2025-08-11T10:44:27","slug":"acerca-de","status":"publish","type":"page","link":"https:\/\/dataprius.com\/blog\/acerca-de\/","title":{"rendered":"Acerca de Dataprius &#8211; Autores Blog"},"content":{"rendered":"<p style=\"text-align: justify;\">Este es el Blog de Dataprius. Cada art\u00edculo de este Blog tiene la intenci\u00f3n de aportar conocimientos a todo aquel que busca informaci\u00f3n sobre los temas que tratamos. No es un Blog comercial y dedicado exclusivamente a los productos Dataprius.<\/p>\n<p>En este Blog contamos las novedades del programa pero normalmente se habla\u00a0 sobre:<\/p>\n<ul>\n<li>El mundo del <strong>Cloud Computing<\/strong>.<\/li>\n<li>La <strong>Gesti\u00f3n Documental<\/strong>.<\/li>\n<li>El control y la seguridad con los archivos.<\/li>\n<li>La ley de proteci\u00f3n de Datos.<\/li>\n<li>Novedades en general del mundo de la Nube.<\/li>\n<li>En general, art\u00edculos did\u00e1cticos para comprender como funciona el mundo de Internet y las aplicaciones.<\/li>\n<\/ul>\n<p style=\"text-align: justify;\">En los \u00faltimos tiempos, uno de los objetivos principales de este Blog es explicar y hacer comprender conceptos de privacidad y formas de trabajar en Red. Las aplicaciones masivas est\u00e1n distorsionando conceptos b\u00e1sicos para el trabajo profesional.<\/p>\n<p style=\"text-align: justify;\">Dataprius es un sistema de archivos en Cloud para empresas y profesionales. Dataprius no es un sincronizador de archivos. El objetivo de Dataprius es proporcionar un acceso f\u00e1cil desde el escritorio del PC para trabajar directamente con los archivos en la Nube. Dataprius tambi\u00e9n proporciona acceso a los archivos desde la Web o Android. Dataprius incorpora mecanismos para proteger y controlar la informaci\u00f3n.<\/p>\n<p>Dataprius se basa en el funcionamiento de la Intranets de las grandes empresas. El trabajo directo con los archivos alojados en un repositorio com\u00fan y d\u00f3nde cada usuario tiene un acceso controlado a la informaci\u00f3n.<\/p>\n<p>La idea original de nuestro sistema es simple:<\/p>\n<ul>\n<li>Proporcionar al usuario final una soluci\u00f3n que antes s\u00f3lo estaba disponible en las grandes corporaciones.<\/li>\n<li>Facilitar la organizaci\u00f3n de los documentos y su tratamiento teniendo en cuenta la protecci\u00f3n de datos y la privacidad.<\/li>\n<li>Facilidad de uso pero controlada.<\/li>\n<\/ul>\n<p>Participan en este Blog:<\/p>\n<p>Francisco Javier Ruiz<\/p>\n<table class=\"aligncenter\" style=\"width: 100%; border-collapse: collapse;\" border=\"1\">\n<tbody>\n<tr>\n<td style=\"width: 239px;\"><img loading=\"lazy\" decoding=\"async\" class=\"wp-image-180 size-thumbnail aligncenter\" title=\"Francisco Javier Ruiz\" src=\"https:\/\/dataprius.com\/blog\/wp-content\/uploads\/2010\/07\/Francis2-150x150.jpg\" alt=\"\" width=\"150\" height=\"150\" \/><\/p>\n<p style=\"text-align: center;\">Francisco Javier Ruiz<\/p>\n<\/td>\n<td style=\"width: 238px; text-align: center;\"><img loading=\"lazy\" decoding=\"async\" class=\"wp-image-5390 size-thumbnail aligncenter\" src=\"https:\/\/dataprius.com\/blog\/wp-content\/uploads\/2010\/07\/jose-cerezo-150x150.jpg\" alt=\"jose-cerezo\" width=\"150\" height=\"150\" srcset=\"https:\/\/dataprius.com\/blog\/wp-content\/uploads\/2010\/07\/jose-cerezo-150x150.jpg 150w, https:\/\/dataprius.com\/blog\/wp-content\/uploads\/2010\/07\/jose-cerezo.jpg 152w\" sizes=\"auto, (max-width: 150px) 100vw, 150px\" \/><\/p>\n<p>Jos\u00e9 Cerezo Somera<\/td>\n<td style=\"width: 240px; text-align: center;\"><img loading=\"lazy\" decoding=\"async\" class=\"wp-image-5391 size-thumbnail\" src=\"https:\/\/dataprius.com\/blog\/wp-content\/uploads\/2010\/07\/marta-sanchez-150x150.jpg\" alt=\"marta-sanchez\" width=\"150\" height=\"150\" srcset=\"https:\/\/dataprius.com\/blog\/wp-content\/uploads\/2010\/07\/marta-sanchez-150x150.jpg 150w, https:\/\/dataprius.com\/blog\/wp-content\/uploads\/2010\/07\/marta-sanchez.jpg 200w\" sizes=\"auto, (max-width: 150px) 100vw, 150px\" \/><\/p>\n<p>Marta S\u00e1nchez Morales<\/td>\n<\/tr>\n<tr>\n<td style=\"width: 239px; text-align: center;\"><img loading=\"lazy\" decoding=\"async\" class=\"wp-image-5393 size-thumbnail aligncenter\" src=\"https:\/\/dataprius.com\/blog\/wp-content\/uploads\/2010\/07\/silvia-garrido-150x150.jpg\" alt=\"silvia-garrido\" width=\"150\" height=\"150\" \/><\/p>\n<p>Silvia Garrido Mart\u00edn<\/td>\n<td style=\"width: 238px; text-align: center;\"><a href=\"https:\/\/dataprius.com\/blog\/wp-content\/uploads\/2018\/06\/yolanda.jpg\" rel=\"attachment wp-att-11857\"><img loading=\"lazy\" decoding=\"async\" class=\"aligncenter wp-image-11857 size-thumbnail\" src=\"https:\/\/dataprius.com\/blog\/wp-content\/uploads\/2018\/06\/yolanda-150x150.jpg\" alt=\"\" width=\"150\" height=\"150\" \/><\/a><\/p>\n<p>Yolanda Parres<\/td>\n<td style=\"width: 240px; text-align: center;\"><img loading=\"lazy\" decoding=\"async\" class=\"wp-image-5395 size-thumbnail aligncenter\" src=\"https:\/\/dataprius.com\/blog\/wp-content\/uploads\/2010\/07\/antonio-e1428747729337-150x150.jpg\" alt=\"\" width=\"150\" height=\"150\" \/><\/p>\n<p>Antonio del Pino<\/td>\n<\/tr>\n<\/tbody>\n<\/table>\n<div class=\"mceTemp\"><\/div>\n","protected":false},"excerpt":{"rendered":"<p>Este es el Blog de Dataprius. Cada art\u00edculo de este Blog tiene la intenci\u00f3n de aportar conocimientos a todo aquel que busca informaci\u00f3n sobre los temas que tratamos. No es un Blog comercial y dedicado exclusivamente a los productos Dataprius. En este Blog contamos las novedades del programa pero normalmente se habla\u00a0 sobre: El mundo [&hellip;]<\/p>\n","protected":false},"author":8,"featured_media":180,"parent":0,"menu_order":0,"comment_status":"open","ping_status":"open","template":"","meta":{"footnotes":""},"class_list":["post-24801","page","type-page","status-publish","has-post-thumbnail","hentry"],"blocksy_meta":{"has_transparent_header":"default","has_header_top_bar":"default","transparentHeaderFontColor":{"default":{"color":"#ffffff"},"hover":{"color":"var(--theme-palette-color-1)"}},"transparentHeaderBackground":{"default":{"color":"rgba(255, 255, 255, 0.1)"}},"page_structure_type":"default","page_enable_vertical_spacing":"yes","has_hero_section":"default","hero_section":"type-1","hero_alignment":"left","has_meta":"yes","73526275232bd6146fde7f96a86ae234":"","hero_height":"230px","a5669390038854d3865449456a014b89":"","page_title_bg_type":"color","9d9b471912add69872ffac1186965b9b":"","custom_hero_background":{"attachment_id":null},"enable_parallax":"no","pageTitleFontSize":{"mobile":25,"tablet":30,"desktop":32},"pageTitleFontColor":{"default":{"color":"var(--theme-palette-color-3)"},"hover":{"color":"var(--theme-palette-color-1)"}},"pageTitleOverlay":{"default":{"color":"rgba(41, 51, 60, 0.2)"}},"pageTitleBackground":{"default":{"color":"#EDEFF2"}},"styles_descriptor":{"styles":{"desktop":"","tablet":"","mobile":""},"google_fonts":[],"version":6}},"yoast_head":"<!-- This site is optimized with the Yoast SEO plugin v27.3 - https:\/\/yoast.com\/product\/yoast-seo-wordpress\/ -->\n<title>Acerca de Dataprius - Autores Blog - Blog Dataprius<\/title>\n<meta name=\"description\" content=\"Este es el Blog de Dataprius. Cada art\u00edculo de este Blog tiene la intenci\u00f3n de aportar conocimientos sobre los temas de Cloud, Internet y aplicaciones.\" \/>\n<meta name=\"robots\" content=\"index, follow, max-snippet:-1, max-image-preview:large, max-video-preview:-1\" \/>\n<link rel=\"canonical\" href=\"https:\/\/dataprius.com\/blog\/acerca-de\/\" \/>\n<meta property=\"og:locale\" content=\"es_ES\" \/>\n<meta property=\"og:type\" content=\"article\" \/>\n<meta property=\"og:title\" content=\"Acerca de Dataprius - Autores Blog - Blog Dataprius\" \/>\n<meta property=\"og:description\" content=\"Este es el Blog de Dataprius. Cada art\u00edculo de este Blog tiene la intenci\u00f3n de aportar conocimientos sobre los temas de Cloud, Internet y aplicaciones.\" \/>\n<meta property=\"og:url\" content=\"https:\/\/dataprius.com\/blog\/acerca-de\/\" \/>\n<meta property=\"og:site_name\" content=\"Blog Dataprius\" \/>\n<meta property=\"article:modified_time\" content=\"2025-08-11T10:44:27+00:00\" \/>\n<meta property=\"og:image\" content=\"https:\/\/dataprius.com\/blog\/wp-content\/uploads\/2010\/07\/Francis2-scaled.jpg\" \/>\n\t<meta property=\"og:image:width\" content=\"2560\" \/>\n\t<meta property=\"og:image:height\" content=\"2161\" \/>\n\t<meta property=\"og:image:type\" content=\"image\/jpeg\" \/>\n<meta name=\"twitter:card\" content=\"summary_large_image\" \/>\n<meta name=\"twitter:label1\" content=\"Tiempo de lectura\" \/>\n\t<meta name=\"twitter:data1\" content=\"3 minutos\" \/>\n<script type=\"application\/ld+json\" class=\"yoast-schema-graph\">{\"@context\":\"https:\\\/\\\/schema.org\",\"@graph\":[{\"@type\":\"WebPage\",\"@id\":\"https:\\\/\\\/dataprius.com\\\/blog\\\/acerca-de\\\/\",\"url\":\"https:\\\/\\\/dataprius.com\\\/blog\\\/acerca-de\\\/\",\"name\":\"Acerca de Dataprius - Autores Blog - Blog Dataprius\",\"isPartOf\":{\"@id\":\"https:\\\/\\\/dataprius.com\\\/blog\\\/#website\"},\"primaryImageOfPage\":{\"@id\":\"https:\\\/\\\/dataprius.com\\\/blog\\\/acerca-de\\\/#primaryimage\"},\"image\":{\"@id\":\"https:\\\/\\\/dataprius.com\\\/blog\\\/acerca-de\\\/#primaryimage\"},\"thumbnailUrl\":\"https:\\\/\\\/dataprius.com\\\/blog\\\/wp-content\\\/uploads\\\/2010\\\/07\\\/Francis2-scaled.jpg\",\"datePublished\":\"2010-07-12T22:45:37+00:00\",\"dateModified\":\"2025-08-11T10:44:27+00:00\",\"description\":\"Este es el Blog de Dataprius. Cada art\u00edculo de este Blog tiene la intenci\u00f3n de aportar conocimientos sobre los temas de Cloud, Internet y aplicaciones.\",\"breadcrumb\":{\"@id\":\"https:\\\/\\\/dataprius.com\\\/blog\\\/acerca-de\\\/#breadcrumb\"},\"inLanguage\":\"es\",\"potentialAction\":[{\"@type\":\"ReadAction\",\"target\":[\"https:\\\/\\\/dataprius.com\\\/blog\\\/acerca-de\\\/\"]}]},{\"@type\":\"ImageObject\",\"inLanguage\":\"es\",\"@id\":\"https:\\\/\\\/dataprius.com\\\/blog\\\/acerca-de\\\/#primaryimage\",\"url\":\"https:\\\/\\\/dataprius.com\\\/blog\\\/wp-content\\\/uploads\\\/2010\\\/07\\\/Francis2-scaled.jpg\",\"contentUrl\":\"https:\\\/\\\/dataprius.com\\\/blog\\\/wp-content\\\/uploads\\\/2010\\\/07\\\/Francis2-scaled.jpg\",\"width\":2560,\"height\":2161,\"caption\":\"Francisco Javier Ruiz\"},{\"@type\":\"BreadcrumbList\",\"@id\":\"https:\\\/\\\/dataprius.com\\\/blog\\\/acerca-de\\\/#breadcrumb\",\"itemListElement\":[{\"@type\":\"ListItem\",\"position\":1,\"name\":\"Portada\",\"item\":\"https:\\\/\\\/dataprius.com\\\/blog\\\/\"},{\"@type\":\"ListItem\",\"position\":2,\"name\":\"Acerca de Dataprius &#8211; Autores Blog\"}]},{\"@type\":\"WebSite\",\"@id\":\"https:\\\/\\\/dataprius.com\\\/blog\\\/#website\",\"url\":\"https:\\\/\\\/dataprius.com\\\/blog\\\/\",\"name\":\"Blog Dataprius\",\"description\":\"Blog sobre almacenamiento y trabajo con archivos en la Nube. Sistemas en cloud.\",\"publisher\":{\"@id\":\"https:\\\/\\\/dataprius.com\\\/blog\\\/#organization\"},\"potentialAction\":[{\"@type\":\"SearchAction\",\"target\":{\"@type\":\"EntryPoint\",\"urlTemplate\":\"https:\\\/\\\/dataprius.com\\\/blog\\\/?s={search_term_string}\"},\"query-input\":{\"@type\":\"PropertyValueSpecification\",\"valueRequired\":true,\"valueName\":\"search_term_string\"}}],\"inLanguage\":\"es\"},{\"@type\":\"Organization\",\"@id\":\"https:\\\/\\\/dataprius.com\\\/blog\\\/#organization\",\"name\":\"Blog Dataprius\",\"url\":\"https:\\\/\\\/dataprius.com\\\/blog\\\/\",\"logo\":{\"@type\":\"ImageObject\",\"inLanguage\":\"es\",\"@id\":\"https:\\\/\\\/dataprius.com\\\/blog\\\/#\\\/schema\\\/logo\\\/image\\\/\",\"url\":\"https:\\\/\\\/dataprius.com\\\/blog\\\/wp-content\\\/uploads\\\/2025\\\/07\\\/quality-logo-dataprius-70.png\",\"contentUrl\":\"https:\\\/\\\/dataprius.com\\\/blog\\\/wp-content\\\/uploads\\\/2025\\\/07\\\/quality-logo-dataprius-70.png\",\"width\":70,\"height\":70,\"caption\":\"Blog Dataprius\"},\"image\":{\"@id\":\"https:\\\/\\\/dataprius.com\\\/blog\\\/#\\\/schema\\\/logo\\\/image\\\/\"}}]}<\/script>\n<!-- \/ Yoast SEO plugin. -->","yoast_head_json":{"title":"Acerca de Dataprius - Autores Blog - Blog Dataprius","description":"Este es el Blog de Dataprius. Cada art\u00edculo de este Blog tiene la intenci\u00f3n de aportar conocimientos sobre los temas de Cloud, Internet y aplicaciones.","robots":{"index":"index","follow":"follow","max-snippet":"max-snippet:-1","max-image-preview":"max-image-preview:large","max-video-preview":"max-video-preview:-1"},"canonical":"https:\/\/dataprius.com\/blog\/acerca-de\/","og_locale":"es_ES","og_type":"article","og_title":"Acerca de Dataprius - Autores Blog - Blog Dataprius","og_description":"Este es el Blog de Dataprius. Cada art\u00edculo de este Blog tiene la intenci\u00f3n de aportar conocimientos sobre los temas de Cloud, Internet y aplicaciones.","og_url":"https:\/\/dataprius.com\/blog\/acerca-de\/","og_site_name":"Blog Dataprius","article_modified_time":"2025-08-11T10:44:27+00:00","og_image":[{"width":2560,"height":2161,"url":"https:\/\/dataprius.com\/blog\/wp-content\/uploads\/2010\/07\/Francis2-scaled.jpg","type":"image\/jpeg"}],"twitter_card":"summary_large_image","twitter_misc":{"Tiempo de lectura":"3 minutos"},"schema":{"@context":"https:\/\/schema.org","@graph":[{"@type":"WebPage","@id":"https:\/\/dataprius.com\/blog\/acerca-de\/","url":"https:\/\/dataprius.com\/blog\/acerca-de\/","name":"Acerca de Dataprius - Autores Blog - Blog Dataprius","isPartOf":{"@id":"https:\/\/dataprius.com\/blog\/#website"},"primaryImageOfPage":{"@id":"https:\/\/dataprius.com\/blog\/acerca-de\/#primaryimage"},"image":{"@id":"https:\/\/dataprius.com\/blog\/acerca-de\/#primaryimage"},"thumbnailUrl":"https:\/\/dataprius.com\/blog\/wp-content\/uploads\/2010\/07\/Francis2-scaled.jpg","datePublished":"2010-07-12T22:45:37+00:00","dateModified":"2025-08-11T10:44:27+00:00","description":"Este es el Blog de Dataprius. Cada art\u00edculo de este Blog tiene la intenci\u00f3n de aportar conocimientos sobre los temas de Cloud, Internet y aplicaciones.","breadcrumb":{"@id":"https:\/\/dataprius.com\/blog\/acerca-de\/#breadcrumb"},"inLanguage":"es","potentialAction":[{"@type":"ReadAction","target":["https:\/\/dataprius.com\/blog\/acerca-de\/"]}]},{"@type":"ImageObject","inLanguage":"es","@id":"https:\/\/dataprius.com\/blog\/acerca-de\/#primaryimage","url":"https:\/\/dataprius.com\/blog\/wp-content\/uploads\/2010\/07\/Francis2-scaled.jpg","contentUrl":"https:\/\/dataprius.com\/blog\/wp-content\/uploads\/2010\/07\/Francis2-scaled.jpg","width":2560,"height":2161,"caption":"Francisco Javier Ruiz"},{"@type":"BreadcrumbList","@id":"https:\/\/dataprius.com\/blog\/acerca-de\/#breadcrumb","itemListElement":[{"@type":"ListItem","position":1,"name":"Portada","item":"https:\/\/dataprius.com\/blog\/"},{"@type":"ListItem","position":2,"name":"Acerca de Dataprius &#8211; Autores Blog"}]},{"@type":"WebSite","@id":"https:\/\/dataprius.com\/blog\/#website","url":"https:\/\/dataprius.com\/blog\/","name":"Blog Dataprius","description":"Blog sobre almacenamiento y trabajo con archivos en la Nube. Sistemas en cloud.","publisher":{"@id":"https:\/\/dataprius.com\/blog\/#organization"},"potentialAction":[{"@type":"SearchAction","target":{"@type":"EntryPoint","urlTemplate":"https:\/\/dataprius.com\/blog\/?s={search_term_string}"},"query-input":{"@type":"PropertyValueSpecification","valueRequired":true,"valueName":"search_term_string"}}],"inLanguage":"es"},{"@type":"Organization","@id":"https:\/\/dataprius.com\/blog\/#organization","name":"Blog Dataprius","url":"https:\/\/dataprius.com\/blog\/","logo":{"@type":"ImageObject","inLanguage":"es","@id":"https:\/\/dataprius.com\/blog\/#\/schema\/logo\/image\/","url":"https:\/\/dataprius.com\/blog\/wp-content\/uploads\/2025\/07\/quality-logo-dataprius-70.png","contentUrl":"https:\/\/dataprius.com\/blog\/wp-content\/uploads\/2025\/07\/quality-logo-dataprius-70.png","width":70,"height":70,"caption":"Blog Dataprius"},"image":{"@id":"https:\/\/dataprius.com\/blog\/#\/schema\/logo\/image\/"}}]}},"_links":{"self":[{"href":"https:\/\/dataprius.com\/blog\/wp-json\/wp\/v2\/pages\/24801","targetHints":{"allow":["GET"]}}],"collection":[{"href":"https:\/\/dataprius.com\/blog\/wp-json\/wp\/v2\/pages"}],"about":[{"href":"https:\/\/dataprius.com\/blog\/wp-json\/wp\/v2\/types\/page"}],"author":[{"embeddable":true,"href":"https:\/\/dataprius.com\/blog\/wp-json\/wp\/v2\/users\/8"}],"replies":[{"embeddable":true,"href":"https:\/\/dataprius.com\/blog\/wp-json\/wp\/v2\/comments?post=24801"}],"version-history":[{"count":1,"href":"https:\/\/dataprius.com\/blog\/wp-json\/wp\/v2\/pages\/24801\/revisions"}],"predecessor-version":[{"id":25223,"href":"https:\/\/dataprius.com\/blog\/wp-json\/wp\/v2\/pages\/24801\/revisions\/25223"}],"wp:featuredmedia":[{"embeddable":true,"href":"https:\/\/dataprius.com\/blog\/wp-json\/wp\/v2\/media\/180"}],"wp:attachment":[{"href":"https:\/\/dataprius.com\/blog\/wp-json\/wp\/v2\/media?parent=24801"}],"curies":[{"name":"wp","href":"https:\/\/api.w.org\/{rel}","templated":true}]}}